{"id":4157,"date":"2020-01-03T11:31:57","date_gmt":"2020-01-03T17:31:57","guid":{"rendered":"https:\/\/parcelux.com\/?page_id=4157"},"modified":"2020-01-03T11:31:58","modified_gmt":"2020-01-03T17:31:58","slug":"politica-confidentialitate","status":"publish","type":"page","link":"https:\/\/parcelux.com\/ro\/politica-confidentialitate\/","title":{"rendered":"Politic\u0103 Confiden\u021bialitate"},"content":{"rendered":"<div id=\"pl-4157\"  class=\"panel-layout\" ><div id=\"pg-4157-0\"  class=\"panel-grid panel-no-style\" ><div id=\"pgc-4157-0-0\"  class=\"panel-grid-cell\" ><div id=\"panel-4157-0-0-0\" class=\"so-panel widget widget_sow-editor panel-first-child panel-last-child\" data-index=\"0\" ><div\n\t\t\t\n\t\t\tclass=\"so-widget-sow-editor so-widget-sow-editor-base\"\n\t\t\t\n\t\t>\n<div class=\"siteorigin-widget-tinymce textwidget\">\n\t<h2><span class=\"notranslate\">Politica de Confiden\u021bialitate<\/span><\/h2>\n<p><span class=\"notranslate\">Confiden\u021bialitatea dvs. este important\u0103 pentru noi.<\/span>\u00a0<span class=\"notranslate\">Este politica Parcelux Shop &amp; Ship SUA de a respecta confiden\u021bialitatea dvs. cu privire la orice informa\u021bii pe care le-am putea colecta de la dvs. pe site-ul nostru web,\u00a0<a href=\"https:\/\/translate.googleusercontent.com\/translate_c?depth=1&amp;hl=en&amp;rurl=translate.google.com&amp;sl=en&amp;sp=nmt4&amp;tl=ro&amp;u=https:\/\/parcelux.com\/&amp;xid=17259,1500004,15700023,15700186,15700190,15700256,15700259,15700262,15700265,15700271,15700283&amp;usg=ALkJrhjY-2lR0HdBeFFha3O17XXMhhRD8w\">https:\/\/parcelux.com<\/a>\u00a0\u0219i alte site-uri pe care le de\u021binem \u0219i pe care le opereaz\u0103.<\/span><\/p>\n<h3><span class=\"notranslate\">1. Informa\u021bii pe care le colect\u0103m<\/span><\/h3>\n<h4><span class=\"notranslate\">Logarea de date<\/span><\/h4>\n<p><span class=\"notranslate\">C\u00e2nd vizita\u021bi site-ul nostru web, serverele noastre pot \u00eenregistra automat datele standard furnizate de browserul dvs. web.<\/span>\u00a0<span class=\"notranslate\">Poate include adresa IP Protocol (IP) a computerului dvs., tipul \u0219i versiunea browserului dvs., paginile pe care le vizita\u021bi, ora \u0219i data vizitei, timpul petrecut pe fiecare pagin\u0103 \u0219i alte detalii.<\/span><\/p>\n<h4><span class=\"notranslate\">Date despre dispozitiv<\/span><\/h4>\n<p><span class=\"notranslate\">De asemenea, este posibil s\u0103 colect\u0103m date despre dispozitivul pe care \u00eel utiliza\u021bi pentru a accesa site-ul nostru web.<\/span>\u00a0<span class=\"notranslate\">Aceste date pot include tipul dispozitivului, sistemul de operare, identificatorii unici de dispozitiv, set\u0103rile dispozitivului \u0219i datele de loca\u021bie geografic\u0103.<\/span>\u00a0<span class=\"notranslate\">Ceea ce colect\u0103m poate depinde de set\u0103rile individuale ale dispozitivului \u0219i software-ului.<\/span>\u00a0<span class=\"notranslate\">V\u0103 recomand\u0103m s\u0103 verifica\u021bi politicile produc\u0103torului de dispozitiv sau a furnizorului de software pentru a afla ce informa\u021bii ne pun la dispozi\u021bie.<\/span><\/p>\n<h4><span class=\"notranslate\">Informatii personale<\/span><\/h4>\n<p><span class=\"notranslate\">Este posibil s\u0103 solicit\u0103m informa\u021bii personale, cum ar fi:<\/span><\/p>\n<ul>\n<li><span class=\"notranslate\">Nume<\/span><\/li>\n<li><span class=\"notranslate\">E-mail<\/span><\/li>\n<li><span class=\"notranslate\">Profiluri de social media<\/span><\/li>\n<li><span class=\"notranslate\">Data de nastere<\/span><\/li>\n<li><span class=\"notranslate\">Num\u0103r de telefon \/ mobil<\/span><\/li>\n<li><span class=\"notranslate\">Adresa de domiciliu \/ mail<\/span><\/li>\n<li><span class=\"notranslate\">Informatii de plata<\/span><\/li>\n<\/ul>\n<h3><span class=\"notranslate\">2. Bazele legale pentru prelucrare<\/span><\/h3>\n<p><span class=\"notranslate\">Vom prelucra informa\u021biile dvs. personale \u00een mod legal, echitabil \u0219i transparent.<\/span>\u00a0<span class=\"notranslate\">Colect\u0103m \u0219i proces\u0103m informa\u021bii despre dvs. numai acolo unde avem baze legale pentru a face acest lucru.<\/span><\/p>\n<p><span class=\"notranslate\">Aceste baze legale depind de serviciile pe care le utiliza\u021bi \u0219i de modul \u00een care le utiliza\u021bi, adic\u0103 noi colect\u0103m \u0219i folosim informa\u021biile dvs. doar \u00een cazul \u00een care:<\/span><\/p>\n<ul>\n<li><span class=\"notranslate\">este necesar pentru executarea unui contract la care sunte\u021bi parte sau pentru a face m\u0103suri la solicitarea dvs. \u00eenainte de a \u00eencheia un astfel de contract (de exemplu, atunci c\u00e2nd furniz\u0103m un serviciu pe care \u00eel solicita\u021bi de la noi);<\/span><\/li>\n<li><span class=\"notranslate\">satisface un interes legitim (care nu este anulat de interesele dvs. pentru protec\u021bia datelor), cum ar fi pentru cercetare \u0219i dezvoltare, pentru a comercializa \u0219i promova serviciile noastre \u0219i pentru a ne proteja drepturile \u0219i interesele legale;<\/span><\/li>\n<li><span class=\"notranslate\">ne da\u021bi consim\u021b\u0103m\u00e2ntul \u00een acest sens pentru un anumit scop (de exemplu, pute\u021bi consim\u021bi s\u0103 v\u0103 trimitem newsletter-ul nostru);<\/span>\u00a0<span class=\"notranslate\">sau<\/span><\/li>\n<li><span class=\"notranslate\">trebuie s\u0103 v\u0103 proces\u0103m datele pentru a respecta o obliga\u021bie legal\u0103.<\/span><\/li>\n<\/ul>\n<p><span class=\"notranslate\">\u00cen cazul \u00een care consim\u021bi\u021bi la utilizarea informa\u021biilor despre dvs. pentru un anumit scop, ave\u021bi dreptul s\u0103 v\u0103 r\u0103zg\u00e2ndi\u021bi \u00een orice moment (dar acest lucru nu va afecta nicio prelucrare care a avut loc deja).<\/span><\/p>\n<p><span class=\"notranslate\">Nu p\u0103str\u0103m informa\u021biile personale mai mult dec\u00e2t este necesar.<\/span>\u00a0<span class=\"notranslate\">\u00cen timp ce p\u0103str\u0103m aceste informa\u021bii, le vom proteja \u00een cadrul unor mijloace acceptabile din punct de vedere comercial pentru a preveni pierderea \u0219i furtul, precum \u0219i accesul, dezv\u0103luirea, copierea, utilizarea sau modificarea neautorizate.<\/span>\u00a0<span class=\"notranslate\">Acestea fiind spuse, v\u0103 recomand\u0103m c\u0103 nicio metod\u0103 de transmitere sau stocare electronic\u0103 nu este securizat\u0103 100% \u0219i nu poate garanta securitatea absolut\u0103 a datelor.<\/span>\u00a0<span class=\"notranslate\">Dac\u0103 este necesar, putem p\u0103stra informa\u021biile dvs. personale pentru respectarea unei obliga\u021bii legale sau pentru a v\u0103 proteja interesele vitale sau interesele vitale ale altei persoane fizice.<\/span><\/p>\n<h3><span class=\"notranslate\">3. Colectarea \u0219i utilizarea informa\u021biilor<\/span><\/h3>\n<p><span class=\"notranslate\">Putem colecta, de\u021bine, utiliza \u0219i dezv\u0103lui informa\u021bii pentru urm\u0103toarele scopuri, iar informa\u021biile personale nu vor fi prelucrate \u00een continuare \u00eentr-o manier\u0103 incompatibil\u0103 cu aceste scopuri:<\/span><\/p>\n<ul>\n<li><span class=\"notranslate\">pentru a v\u0103 permite s\u0103 personaliza\u021bi sau s\u0103 v\u0103 personaliza\u021bi experien\u021ba site-ului nostru web;<\/span><\/li>\n<li><span class=\"notranslate\">pentru a v\u0103 permite s\u0103 accesa\u021bi \u0219i s\u0103 folosi\u021bi site-ul nostru web, aplica\u021biile asociate \u0219i platformele de social media asociate;<\/span><\/li>\n<li><span class=\"notranslate\">s\u0103 contacteze \u0219i s\u0103 comunice cu tine;<\/span><\/li>\n<li><span class=\"notranslate\">pentru p\u0103strarea eviden\u021bei interne \u0219i \u00een scopuri administrative;<\/span><\/li>\n<li><span class=\"notranslate\">pentru analiz\u0103, cercetare de pia\u021b\u0103 \u0219i dezvoltare de afaceri, inclusiv pentru a opera \u0219i \u00eembun\u0103t\u0103\u021bi site-ul nostru web, aplica\u021biile asociate \u0219i platformele de social media asociate;<\/span><\/li>\n<li><span class=\"notranslate\">s\u0103 derulezi concursuri \u0219i \/ sau s\u0103 \u00ee\u021bi ofere beneficii suplimentare;<\/span><\/li>\n<li><span class=\"notranslate\">pentru publicitate \u0219i marketing, inclusiv pentru a v\u0103 trimite informa\u021bii promo\u021bionale despre produsele \u0219i serviciile noastre \u0219i informa\u021bii despre ter\u021be p\u0103r\u021bi pe care le consider\u0103m c\u0103 pot fi de interes pentru dvs.;<\/span><\/li>\n<li><span class=\"notranslate\">s\u0103 ne conform\u0103m obliga\u021biilor legale \u0219i s\u0103 rezolv\u0103m orice litigiu pe care l-am putea avea;<\/span>\u00a0<span class=\"notranslate\">\u0219i<\/span><\/li>\n<li><span class=\"notranslate\">s\u0103 ia \u00een considerare cererea ta de angajare.<\/span><\/li>\n<\/ul>\n<h3><span class=\"notranslate\">4. Dezv\u0103luirea informa\u021biilor personale c\u0103tre ter\u021bi<\/span><\/h3>\n<p><span class=\"notranslate\">Putem dezv\u0103lui informa\u021bii personale c\u0103tre:<\/span><\/p>\n<ul>\n<li><span class=\"notranslate\">furnizori ter\u021bi de servicii \u00een scopul de a le permite s\u0103-\u0219i furnizeze serviciile, inclusiv (f\u0103r\u0103 limitare) furnizori de servicii IT, stocare de date, g\u0103zduire \u0219i furnizori de servere, re\u021bele de publicitate, analitice, \u00eenregistr\u0103ri de erori, colectori de datorii, furnizori de \u00eentre\u021binere sau de solu\u021bionare a problemelor, furnizori de marketing sau publicitate, consilieri profesioni\u0219ti \u0219i operatori de sisteme de plat\u0103;<\/span><\/li>\n<li><span class=\"notranslate\">angaja\u021bii no\u0219tri, contractan\u021bii \u0219i \/ sau entit\u0103\u021bile aferente;<\/span><\/li>\n<li><span class=\"notranslate\">sponsori sau promotori ai oric\u0103rei competi\u021bii pe care o desf\u0103\u0219ur\u0103m;<\/span><\/li>\n<li><span class=\"notranslate\">agen\u021bii de raportare a creditelor, instan\u021be, tribunale \u0219i autorit\u0103\u021bi de reglementare, \u00een cazul \u00een care nu reu\u0219i\u021bi s\u0103 pl\u0103ti\u021bi pentru bunurile sau serviciile pe care vi le-am oferit;<\/span><\/li>\n<li><span class=\"notranslate\">instan\u021bele, tribunalele, autorit\u0103\u021bile de reglementare \u0219i ofi\u021berii de aplicare a legii, \u00een conformitate cu legea, \u00een leg\u0103tur\u0103 cu orice procedur\u0103 legal\u0103 real\u0103 sau poten\u021bial\u0103 sau pentru a stabili, exercita sau ap\u0103ra drepturile noastre legale;<\/span><\/li>\n<li><span class=\"notranslate\">ter\u021bi, inclusiv agen\u021bi sau subcontractan\u021bi, care ne ajut\u0103 \u00een furnizarea de informa\u021bii, produse, servicii sau marketing direct c\u0103tre dvs.;<\/span>\u00a0<span class=\"notranslate\">\u0219i<\/span><\/li>\n<li><span class=\"notranslate\">ter\u021bi pentru a colecta \u0219i prelucra date.<\/span><\/li>\n<\/ul>\n<h3><span class=\"notranslate\">5. Transferuri interna\u021bionale de informa\u021bii personale<\/span><\/h3>\n<p><span class=\"notranslate\">Informa\u021biile personale pe care le colect\u0103m sunt stocate \u0219i procesate \u00een Statele Unite sau unde noi sau partenerii no\u0219tri, afilia\u021bii \u0219i furnizorii ter\u021bi de\u021binem facilit\u0103\u021bi.<\/span>\u00a0<span class=\"notranslate\">Furniz\u00e2ndu-ne informa\u021biile dvs. personale, consim\u021bi\u021bi la dezv\u0103luirea acestor ter\u021bi de peste m\u0103ri.<\/span><\/p>\n<p><span class=\"notranslate\">V\u0103 vom asigura c\u0103 orice transfer de informa\u021bii personale din \u021b\u0103rile din Spa\u021biul Economic European (SEE) c\u0103tre \u021b\u0103ri din afara SEE va fi protejat de garan\u021bii adecvate, de exemplu prin utilizarea clauzelor standard de protec\u021bie a datelor aprobate de Comisia European\u0103 sau prin utilizarea obligatorie norme corporative sau alte mijloace legal acceptate.<\/span><\/p>\n<p><span class=\"notranslate\">\u00cen cazul \u00een care transfer\u0103m informa\u021bii personale dintr-o \u021bar\u0103 din afara SEE \u00eentr-o alt\u0103 \u021bar\u0103, recunoa\u0219te\u021bi c\u0103 p\u0103r\u021bile ter\u021be din alte jurisdic\u021bii nu pot fi supuse unor legi similare privind protec\u021bia datelor celor din jurisdic\u021bia noastr\u0103.<\/span>\u00a0<span class=\"notranslate\">Exist\u0103 riscuri dac\u0103 un astfel de ter\u021b angajeaz\u0103 vreun act sau o practic\u0103 care ar contraveni legilor privind confiden\u021bialitatea datelor din jurisdic\u021bia noastr\u0103 \u0219i acest lucru ar putea \u00eensemna c\u0103 nu ve\u021bi putea solicita solu\u021bionare \u00een conformitate cu legile de confiden\u021bialitate ale jurisdic\u021biei noastre.<\/span><\/p>\n<h3><span class=\"notranslate\">6. Drepturile dvs. \u0219i controlul informa\u021biilor dvs. personale<\/span><\/h3>\n<p><span class=\"notranslate\"><strong>Alegere \u0219i consim\u021b\u0103m\u00e2nt:<\/strong>\u00a0Prin furnizarea informa\u021biilor noastre personale, v\u0103 da\u021bi acordul pentru a colecta, de\u021bine, utiliza \u0219i dezv\u0103lui informa\u021biile dvs. personale \u00een conformitate cu aceast\u0103 politic\u0103 de confiden\u021bialitate.<\/span>\u00a0<span class=\"notranslate\">Dac\u0103 ave\u021bi v\u00e2rsta sub 16 ani, trebuie s\u0103 ave\u021bi \u0219i s\u0103 garanta\u021bi, \u00een m\u0103sura permis\u0103 de lege, c\u0103 ave\u021bi permisiunea p\u0103rintelui sau a tutorelui legal de a accesa \u0219i utiliza site-ul \u0219i ei (p\u0103rin\u021bii sau tutorele) au consim\u021bit ne furniza\u021bi informa\u021biile dvs. personale.<\/span>\u00a0<span class=\"notranslate\">Nu trebuie s\u0103 ne furniza\u021bi informa\u021bii personale, cu toate acestea, dac\u0103 nu, aceasta poate afecta utilizarea site-ului dvs. web sau a produselor \u0219i \/ sau serviciilor oferite pe sau prin intermediul acestuia.<\/span><\/p>\n<p><span class=\"notranslate\"><strong>Informa\u021bii de la ter\u021bi:<\/strong>\u00a0Dac\u0103 primim informa\u021bii personale despre dvs. de la un ter\u021b, \u00eel vom proteja a\u0219a cum este stabilit \u00een aceast\u0103 politic\u0103 de confiden\u021bialitate.<\/span>\u00a0<span class=\"notranslate\">Dac\u0103 sunte\u021bi un ter\u021b care furnizeaz\u0103 informa\u021bii personale despre altcineva, reprezenta\u021bi \u0219i garanta\u021bi c\u0103 ave\u021bi consim\u021b\u0103m\u00e2ntul acestei persoane pentru a ne furniza informa\u021biile personale.<\/span><\/p>\n<p><span class=\"notranslate\"><strong>Restric\u021bie:<\/strong>\u00a0Pute\u021bi alege s\u0103 restric\u021biona\u021bi colectarea sau utilizarea informa\u021biilor dvs. personale.<\/span>\u00a0<span class=\"notranslate\">Dac\u0103 ne-a\u021bi acceptat anterior folosirea informa\u021biilor dvs. personale \u00een scopuri de marketing direct, v\u0103 pute\u021bi schimba p\u0103rerea \u00een orice moment, contact\u00e2ndu-ne folosind detaliile de mai jos.<\/span>\u00a0<span class=\"notranslate\">Dac\u0103 ne solicita\u021bi s\u0103 restric\u021bion\u0103m sau s\u0103 limit\u0103m modul \u00een care proces\u0103m informa\u021biile dvs. personale, v\u0103 vom anun\u021ba cum afecteaz\u0103 restric\u021bia utilizarea site-ului nostru web sau a produselor \u0219i serviciilor noastre.<\/span><\/p>\n<p><span class=\"notranslate\"><strong>Acces \u0219i portabilitatea datelor:<\/strong>\u00a0pute\u021bi solicita detalii despre informa\u021biile personale pe care le de\u021binem despre dvs.<\/span>\u00a0<span class=\"notranslate\">Pute\u021bi solicita o copie a informa\u021biilor personale pe care le de\u021binem despre dvs.<\/span>\u00a0<span class=\"notranslate\">C\u00e2nd este posibil, vom oferi aceste informa\u021bii \u00een format CSV sau \u00een alt format de ma\u0219in\u0103 u\u0219or de citit.<\/span>\u00a0<span class=\"notranslate\">Pute\u021bi solicita s\u0103 \u0219tergem informa\u021biile personale pe care le de\u021binem \u00een orice moment.<\/span>\u00a0<span class=\"notranslate\">De asemenea, pute\u021bi solicita s\u0103 transferam aceste informa\u021bii personale unei alte ter\u021be p\u0103r\u021bi.<\/span><\/p>\n<p><span class=\"notranslate\"><strong>Corec\u021bie:<\/strong>\u00a0Dac\u0103 crede\u021bi c\u0103 orice informa\u021bie pe care o de\u021binem despre dvs. este inexact\u0103, dep\u0103\u0219it\u0103, incomplet\u0103, irelevant\u0103 sau \u00een\u0219el\u0103toare, v\u0103 rug\u0103m s\u0103 ne contacta\u021bi folosind detaliile de mai jos.<\/span>\u00a0<span class=\"notranslate\">Vom lua m\u0103suri rezonabile pentru a corecta orice informa\u021bii considerate inexacte, incomplete, \u00een\u0219el\u0103toare sau dep\u0103\u0219ite.<\/span><\/p>\n<p><span class=\"notranslate\"><strong>Notificarea \u00eenc\u0103lc\u0103rilor de date:<\/strong>\u00a0Vom respecta legile aplicabile pentru noi cu privire la orice \u00eenc\u0103lcare a datelor.<\/span><\/p>\n<p><span class=\"notranslate\"><strong>Reclama\u021bii:<\/strong>\u00a0Dac\u0103 crede\u021bi c\u0103 am \u00eenc\u0103lcat o lege relevant\u0103 privind protec\u021bia datelor \u0219i dori\u021bi s\u0103 depune\u021bi o reclama\u021bie, v\u0103 rug\u0103m s\u0103 ne contacta\u021bi folosind detaliile de mai jos \u0219i s\u0103 ne oferi\u021bi detalii complete despre presupusa \u00eenc\u0103lcare.<\/span>\u00a0<span class=\"notranslate\">Vom investiga prompt reclama\u021bia \u0219i v\u0103 vom r\u0103spunde \u00een scris, stabilind rezultatul investiga\u021biei noastre \u0219i pa\u0219ii pe care \u00eei vom face pentru solu\u021bionarea pl\u00e2ngerii dvs.<\/span>\u00a0<span class=\"notranslate\">De asemenea, ave\u021bi dreptul de a contacta un organism de reglementare sau o autoritate de protec\u021bie a datelor \u00een leg\u0103tur\u0103 cu reclama\u021bia dvs.<\/span><\/p>\n<p><span class=\"notranslate\"><strong>Dezabonare:<\/strong>\u00a0Pentru a v\u0103 dezabona de la baza noastr\u0103 de date de e-mail sau renun\u021barea la comunica\u021bii (inclusiv comunic\u0103rile de marketing), v\u0103 rug\u0103m s\u0103 ne contacta\u021bi folosind detaliile de mai jos sau renun\u021ba\u021bi folosind facilit\u0103\u021bile de renun\u021bare furnizate \u00een comunicare.<\/span><\/p>\n<h4><span class=\"notranslate\">Reziden\u021bii din California<\/span><\/h4>\n<p><span class=\"notranslate\"><span data-custom-class=\"body_text\">Sec\u021biunea 1798.83 a Codului civil din California, cunoscut\u0103 \u0219i sub denumirea de \u201eShine The Light\u201d, permite utilizatorilor no\u0219tri reziden\u021bi din California s\u0103 solicite \u0219i s\u0103 ob\u021bin\u0103 de la noi, o dat\u0103 pe an \u0219i gratuit, informa\u021bii despre categoriile de informa\u021bii personale (dac\u0103 exist\u0103) dezv\u0103luite ter\u021bilor \u00een scop de marketing direct \u0219i numele \u0219i adresele tuturor ter\u021bilor cu care am \u00eemp\u0103rt\u0103\u0219it informa\u021bii personale \u00een anul calendaristic precedent.<\/span><\/span>\u00a0<span class=\"notranslate\"><span data-custom-class=\"body_text\">Dac\u0103 sunte\u021bi un rezident din California \u0219i dori\u021bi s\u0103 face\u021bi o astfel de solicitare, v\u0103 rug\u0103m s\u0103 ne trimite\u021bi \u00een scris cererea noastr\u0103, folosind informa\u021biile de contact furnizate mai jos.<\/span><\/span><\/p>\n<p><span class=\"notranslate\"><span data-custom-class=\"body_text\">Dac\u0103 ave\u021bi sub 18 ani, re\u0219edin\u021ba\u021bi \u00een California \u0219i ave\u021bi un cont \u00eenregistrat la Servicii, ave\u021bi dreptul de a solicita eliminarea datelor nedorite pe care le posta\u021bi public pe Servicii.<\/span><\/span>\u00a0<span class=\"notranslate\"><span data-custom-class=\"body_text\">Pentru a solicita eliminarea acestor date, v\u0103 rug\u0103m s\u0103 ne contacta\u021bi folosind informa\u021biile de contact furnizate mai jos sau \u00een\u00a0<a href=\"https:\/\/translate.googleusercontent.com\/translate_c?depth=1&amp;hl=en&amp;rurl=translate.google.com&amp;sl=en&amp;sp=nmt4&amp;tl=ro&amp;u=https:\/\/parcelux.com\/privacy-center\/&amp;xid=17259,1500004,15700023,15700186,15700190,15700256,15700259,15700262,15700265,15700271,15700283&amp;usg=ALkJrhh7xX3Qu3EMEtqpGoCAOVzjUqHU9Q\">Centrul de confiden\u021bialitate<\/a>\u00a0\u0219i include\u021bi adresa de e-mail asociat\u0103 contului dvs. \u0219i o declara\u021bie de reziden\u021b\u0103 \u00een California.<\/span><\/span>\u00a0<span class=\"notranslate\"><span data-custom-class=\"body_text\">V\u0103 vom asigura c\u0103 datele nu sunt afi\u0219ate public pe Servicii, dar v\u0103 rug\u0103m s\u0103 fi\u021bi con\u0219tien\u021bi c\u0103 datele ar putea s\u0103 nu fie eliminate sau complet eliminate din sistemele noastre.<\/span><\/span><\/p>\n<h3><span class=\"notranslate\">7. Cookie-uri<\/span><\/h3>\n<p><span class=\"notranslate\">Folosim \u201ecookie-uri\u201d pentru a colecta informa\u021bii despre dvs. \u0219i activitatea dvs. pe site-ul nostru.<\/span>\u00a0<span class=\"notranslate\">Un cookie este o mic\u0103 informa\u021bie pe care site-ul nostru web o p\u0103streaz\u0103 pe computerul dvs. \u0219i acceseaz\u0103 de fiecare dat\u0103 c\u00e2nd vizita\u021bi, astfel \u00eenc\u00e2t s\u0103 putem \u00een\u021belege modul \u00een care utiliza\u021bi site-ul nostru.<\/span>\u00a0<span class=\"notranslate\">Acest lucru ne ajut\u0103 s\u0103 v\u0103 servim con\u021binut pe baza preferin\u021belor pe care le-a\u021bi specificat.<\/span>\u00a0<span class=\"notranslate\">V\u0103 rug\u0103m s\u0103 consulta\u021bi Politica noastr\u0103 privind cookie-urile pentru mai multe informa\u021bii.<\/span><\/p>\n<p><span class=\"notranslate\">Parcelux folose\u0219te sau poate utiliza \u00een orice moment func\u021bii de urm\u0103rire \u00een avans, precum urm\u0103rirea defil\u0103rii, h\u00e2rtiile de c\u0103ldur\u0103, \u00eenregistrarea sesiunilor \u0219i urm\u0103rirea diferitelor clicuri pentru evenimente.<\/span>\u00a0<span class=\"notranslate\">Scopul unei astfel de urm\u0103riri avansate este identificarea blocajelor, renun\u021barea la utilizatori \u0219i, \u00een general, \u00eembun\u0103t\u0103\u021birea experien\u021bei utilizatorului \u0219i a site-ului \u00een sine.<\/span><\/p>\n<h3><span class=\"notranslate\">8. Transferuri de afaceri<\/span><\/h3>\n<p><span class=\"notranslate\">Dac\u0103 noi sau activele noastre sunt achizi\u021bionate sau \u00een cazul pu\u021bin probabil \u00een care ie\u0219im din activitate sau intr\u0103m \u00een faliment, am include date printre activele transferate c\u0103tre p\u0103r\u021bile care ne dob\u00e2ndesc.<\/span>\u00a0<span class=\"notranslate\">Recunoa\u0219te\u021bi c\u0103 se pot produce astfel de transferuri \u0219i c\u0103 oricare dintre p\u0103r\u021bile care ne achizi\u021bioneaz\u0103 pot continua s\u0103 utilizeze informa\u021biile dvs. personale \u00een conformitate cu aceast\u0103 politic\u0103.<\/span><\/p>\n<h3><span class=\"notranslate\">9. Limitele politicii noastre<\/span><\/h3>\n<p><span class=\"notranslate\">Site-ul nostru web poate face link c\u0103tre site-uri externe care nu sunt operate de noi.<\/span>\u00a0<span class=\"notranslate\">V\u0103 rug\u0103m s\u0103 re\u021bine\u021bi c\u0103 nu avem niciun control asupra con\u021binutului \u0219i politicilor acestor site-uri \u0219i nu putem accepta responsabilitatea sau r\u0103spunderea pentru practicile lor private de confiden\u021bialitate.<\/span><\/p>\n<h3><span class=\"notranslate\">10. Modific\u0103ri ale acestei politici<\/span><\/h3>\n<p><span class=\"notranslate\">La discre\u021bia noastr\u0103, putem modifica politica noastr\u0103 de confiden\u021bialitate pentru a reflecta practicile acceptabile actuale.<\/span>\u00a0<span class=\"notranslate\">Vom lua m\u0103suri rezonabile pentru a permite utilizatorilor s\u0103 \u0219tie schimb\u0103ri prin intermediul site-ului nostru web.<\/span>\u00a0<span class=\"notranslate\">Utilizarea dvs. continu\u0103 a acestui site dup\u0103 orice modific\u0103ri ale acestei politici va fi considerat\u0103 ca acceptarea practicilor noastre referitoare la confiden\u021bialitate \u0219i informa\u021bii personale.<\/span><\/p>\n<p><span class=\"notranslate\">Dac\u0103 aducem o modificare semnificativ\u0103 a acestei politici de confiden\u021bialitate, de exemplu schimbarea unei baze legale pe baza c\u0103reia proces\u0103m informa\u021biile dvs. personale, v\u0103 vom solicita re-consim\u021b\u0103m\u00e2ntul la politica de confiden\u021bialitate modificat\u0103<\/span><\/p>\n<p><span class=\"notranslate\"><strong>Parcelux Shop &amp; Ship SUA Controler de date<\/strong><\/span><br \/>\n<span class=\"notranslate\">Mike Tica<\/span><br \/>\n<span class=\"notranslate\">orders@parcelux.com<\/span><\/p>\n<p><span class=\"notranslate\"><strong>Parcelux Shop &amp; Ship SUA Ofi\u021ber de Protec\u021bie a Datelor<\/strong><\/span><br \/>\n<span class=\"notranslate\">Mike Tica<\/span><br \/>\n<span class=\"notranslate\">orders@parcelux.com<\/span><\/p>\n<p><span class=\"notranslate\">Aceast\u0103 politic\u0103 este \u00een vigoare \u00eencep\u00e2nd cu 25 noiembrie 2019.<\/span><\/p>\n<\/div>\n<\/div><\/div><\/div><\/div><\/div>","protected":false},"excerpt":{"rendered":"<p>Politica de Confiden\u021bialitate Confiden\u021bialitatea dvs. este important\u0103 pentru noi.\u00a0Este politica Parcelux Shop &amp; Ship SUA de a respecta confiden\u021bialitatea dvs. cu privire la orice informa\u021bii pe care le-am putea colecta de la dvs. pe site-ul nostru web,\u00a0https:\/\/parcelux.com\u00a0\u0219i alte site-uri pe care le de\u021binem \u0219i pe care le opereaz\u0103. 1. Informa\u021bii pe care le colect\u0103m Logarea &hellip;<\/p>\n","protected":false},"author":7,"featured_media":0,"parent":0,"menu_order":0,"comment_status":"closed","ping_status":"closed","template":"","meta":{"_acf_changed":false,"_seopress_robots_primary_cat":"","_seopress_titles_title":"","_seopress_titles_desc":"","_seopress_robots_index":"","inline_featured_image":false,"footnotes":""},"class_list":["post-4157","page","type-page","status-publish","hentry"],"acf":[],"_links":{"self":[{"href":"https:\/\/parcelux.com\/ro\/wp-json\/wp\/v2\/pages\/4157","targetHints":{"allow":["GET"]}}],"collection":[{"href":"https:\/\/parcelux.com\/ro\/wp-json\/wp\/v2\/pages"}],"about":[{"href":"https:\/\/parcelux.com\/ro\/wp-json\/wp\/v2\/types\/page"}],"author":[{"embeddable":true,"href":"https:\/\/parcelux.com\/ro\/wp-json\/wp\/v2\/users\/7"}],"replies":[{"embeddable":true,"href":"https:\/\/parcelux.com\/ro\/wp-json\/wp\/v2\/comments?post=4157"}],"version-history":[{"count":0,"href":"https:\/\/parcelux.com\/ro\/wp-json\/wp\/v2\/pages\/4157\/revisions"}],"wp:attachment":[{"href":"https:\/\/parcelux.com\/ro\/wp-json\/wp\/v2\/media?parent=4157"}],"curies":[{"name":"wp","href":"https:\/\/api.w.org\/{rel}","templated":true}]}}