{"id":4150,"date":"2020-01-03T10:25:49","date_gmt":"2020-01-03T16:25:49","guid":{"rendered":"https:\/\/parcelux.com\/?page_id=4150"},"modified":"2020-01-03T10:25:49","modified_gmt":"2020-01-03T16:25:49","slug":"termeni-conditii","status":"publish","type":"page","link":"https:\/\/parcelux.com\/ro\/termeni-conditii\/","title":{"rendered":"Termeni &#038; Condi\u021bii"},"content":{"rendered":"<div id=\"pl-4150\"  class=\"panel-layout\" ><div id=\"pg-4150-0\"  class=\"panel-grid panel-no-style\" ><div id=\"pgc-4150-0-0\"  class=\"panel-grid-cell\" ><div id=\"panel-4150-0-0-0\" class=\"so-panel widget widget_sow-editor panel-first-child panel-last-child\" data-index=\"0\" ><div\n\t\t\t\n\t\t\tclass=\"so-widget-sow-editor so-widget-sow-editor-base\"\n\t\t\t\n\t\t>\n<div class=\"siteorigin-widget-tinymce textwidget\">\n\t<h2><span class=\"notranslate\">Parcelux Shop &amp; Ship SUA Condi\u021bii de furnizare a serviciului<\/span><\/h2>\n<h3><span class=\"notranslate\">1. Termeni<\/span><\/h3>\n<p><span class=\"notranslate\">Acces\u00e2nd site-ul web la\u00a0<a href=\"https:\/\/translate.googleusercontent.com\/translate_c?depth=1&amp;hl=en&amp;rurl=translate.google.com&amp;sl=auto&amp;sp=nmt4&amp;tl=ro&amp;u=https:\/\/parcelux.com\/&amp;xid=17259,1500004,15700023,15700186,15700190,15700256,15700259,15700262,15700265,15700271,15700283&amp;usg=ALkJrhjHxh-e3QVjDM15KJJFyMXMMu7RtA\">https:\/\/parcelux.com<\/a>\u00a0, sunte\u021bi de acord s\u0103 fi\u021bi obliga\u021bi de ace\u0219ti termeni de serviciu, de toate legile \u0219i reglement\u0103rile aplicabile \u0219i sunte\u021bi de acord c\u0103 sunte\u021bi responsabil pentru respectarea oric\u0103ror legi locale aplicabile.<\/span>\u00a0<span class=\"notranslate\">Dac\u0103 nu sunte\u021bi de acord cu niciunul dintre ace\u0219ti termeni, vi se interzice utilizarea sau accesarea acestui site.<\/span>\u00a0<span class=\"notranslate\">Materialele con\u021binute de acest site web sunt protejate de legea aplicabil\u0103 a drepturilor de autor \u0219i a m\u0103rcilor comerciale.<\/span><\/p>\n<h3><span class=\"notranslate\">2. Licen\u021b\u0103 de utilizator<\/span><\/h3>\n<ol type=\"a\">\n<li><span class=\"notranslate\">Permisiunea este acordat\u0103 pentru a desc\u0103rca temporar o copie a materialelor (informa\u021bii sau software) pe site-ul web al Parcelux Shop &amp; Ship USA, numai pentru vizualizare tranzitorie personal\u0103, non-comercial\u0103.<\/span>\u00a0<span class=\"notranslate\">Aceasta este acordarea unei licen\u021be, nu a unui transfer de titlu \u0219i, \u00een conformitate cu aceast\u0103 licen\u021b\u0103, nu pute\u021bi:<\/span>\n<ol type=\"i\">\n<li><span class=\"notranslate\">modifica sau copia materialele;<\/span><\/li>\n<li><span class=\"notranslate\">utiliza\u021bi materialele pentru orice scop comercial sau pentru orice afi\u0219are public\u0103 (comercial\u0103 sau non-comercial\u0103);<\/span><\/li>\n<li><span class=\"notranslate\">\u00eencerca\u021bi s\u0103 decompila\u021bi sau s\u0103 inversa\u021bi orice software con\u021binut pe site-ul web Parcelux Shop &amp; Ship USA;<\/span><\/li>\n<li><span class=\"notranslate\">\u00eenl\u0103tura\u021bi din materiale orice drepturi de autor sau alte notific\u0103ri proprii;<\/span>\u00a0<span class=\"notranslate\">sau<\/span><\/li>\n<li><span class=\"notranslate\">transfera\u021bi materialele c\u0103tre o alt\u0103 persoan\u0103 sau \u201eoglinde\u0219te\u201d materialele de pe orice alt server.<\/span><\/li>\n<\/ol>\n<\/li>\n<li><span class=\"notranslate\">Aceast\u0103 licen\u021b\u0103 se \u00eenceteaz\u0103 automat dac\u0103 \u00eenc\u0103lca\u021bi oricare dintre aceste restric\u021bii \u0219i pot fi \u00eencetate de Parcelux Shop &amp; Ship USA \u00een orice moment.<\/span>\u00a0<span class=\"notranslate\">Dup\u0103 \u00eencetarea vizualiz\u0103rii acestor materiale sau la \u00eencetarea acestei licen\u021be, trebuie s\u0103 distruge\u021bi orice materiale desc\u0103rcate \u00een posesia dvs., fie \u00een format electronic sau tip\u0103rit.<\/span><\/li>\n<\/ol>\n<h3><span class=\"notranslate\">3. Disclaimer<\/span><\/h3>\n<ol type=\"a\">\n<li><span class=\"notranslate\">Materialele de pe site-ul web Parcelux Shop &amp; Ship USA sunt furnizate \u00een mod \u201ea\u0219a cum este\u201d.<\/span>\u00a0<span class=\"notranslate\">Parcelux Shop &amp; Ship SUA nu ofer\u0103 nicio garan\u021bie, exprimat\u0103 sau implicit\u0103 \u0219i, prin prezenta, renun\u021b\u0103 \u0219i neag\u0103 toate celelalte garan\u021bii, inclusiv, f\u0103r\u0103 limitare, garan\u021bii implicite sau condi\u021bii de comerciabilitate, aptitudini pentru un anumit scop sau nerespectarea propriet\u0103\u021bii intelectuale sau alte \u00eenc\u0103lc\u0103ri ale drepturi.<\/span><\/li>\n<li><span class=\"notranslate\">\u00cen plus, Parcelux Shop &amp; Ship USA nu garanteaz\u0103 \u0219i nu face nicio reprezentare cu privire la acurate\u021bea, rezultatele probabile sau fiabilitatea utiliz\u0103rii materialelor de pe site-ul s\u0103u web sau \u00een leg\u0103tur\u0103 cu alte materiale sau pe orice site-uri legate de acest site.<\/span><\/li>\n<\/ol>\n<h3><span class=\"notranslate\">4. Limit\u0103ri<\/span><\/h3>\n<p><span class=\"notranslate\">\u00cen niciun caz, Parcelux Shop &amp; Ship USA sau furnizorii s\u0103i nu vor fi responsabili pentru daune (inclusiv, f\u0103r\u0103 limitare, daune pentru pierderea de date sau profit, sau din cauza \u00eentreruperii afacerii) care rezult\u0103 din utilizarea sau incapacitatea de utilizare a materialelor de pe Parcelux Site-ul Shop &amp; Ship USA, chiar dac\u0103 Parcelux Shop &amp; Ship USA sau un reprezentant autorizat Parcelux Shop &amp; Ship USA au fost notificate oral sau \u00een scris despre posibilitatea unei astfel de daune.<\/span>\u00a0<span class=\"notranslate\">Deoarece unele jurisdic\u021bii nu permit limit\u0103ri ale garan\u021biilor implicite sau limit\u0103ri ale r\u0103spunderii pentru daune cauzale sau incidentale, este posibil s\u0103 nu se aplice aceste limit\u0103ri.<\/span><\/p>\n<h3><span class=\"notranslate\">5. Precizia materialelor<\/span><\/h3>\n<p><span class=\"notranslate\">Materialele care apar pe site-ul web al Parcelux Shop &amp; Ship USA pot include erori tehnice, tipografice sau fotografice.<\/span>\u00a0<span class=\"notranslate\">Parcelux Shop &amp; Ship SUA nu garanteaz\u0103 c\u0103 niciunul dintre materialele de pe site-ul s\u0103u web nu este exact, complet sau actual.<\/span>\u00a0<span class=\"notranslate\">Parcelux Shop &amp; Ship USA poate efectua modific\u0103ri ale materialelor con\u021binute pe site-ul s\u0103u web \u00een orice moment, f\u0103r\u0103 notificare prealabil\u0103.<\/span>\u00a0<span class=\"notranslate\">Cu toate acestea, Parcelux Shop &amp; Ship SUA nu se angajeaz\u0103 s\u0103 actualizeze materialele.<\/span><\/p>\n<h3><span class=\"notranslate\">6. Linkuri<\/span><\/h3>\n<p><span class=\"notranslate\">Parcelux Shop &amp; Ship SUA nu a revizuit toate site-urile legate prin intermediul linkurilor de site-ul s\u0103u web \u0219i nu este responsabil pentru con\u021binutul unui astfel de site legat.<\/span>\u00a0<span class=\"notranslate\">Includerea oric\u0103rui link nu implic\u0103 aprobarea de c\u0103tre Parcelux Shop &amp; Ship USA a site-ului.<\/span>\u00a0<span class=\"notranslate\">Utilizarea oric\u0103rui astfel de site web legat este pe riscul utilizatorului.<\/span><\/p>\n<h3><span class=\"notranslate\">7. Modific\u0103ri<\/span><\/h3>\n<p><span class=\"notranslate\">Parcelux Shop &amp; Ship SUA poate revizui ace\u0219ti termeni de serviciu pentru site-ul s\u0103u web \u00een orice moment, f\u0103r\u0103 notificare prealabil\u0103.<\/span>\u00a0<span class=\"notranslate\">Prin utilizarea acestui site web, sunte\u021bi de acord s\u0103 fi\u021bi legat de versiunea actual\u0103 a acestor termeni de serviciu.<\/span><\/p>\n<h3><span class=\"notranslate\">8. Legea guvernant\u0103<\/span><\/h3>\n<p><span class=\"notranslate\">Ace\u0219ti termeni \u0219i condi\u021bii sunt reglementate \u0219i interpretate \u00een conformitate cu legile din Illinois \u0219i v\u0103 supune\u021bi irevocabil jurisdic\u021biei exclusive a instan\u021belor din acel stat sau loca\u021bie.<\/span><\/p>\n<\/div>\n<\/div><\/div><\/div><\/div><\/div>","protected":false},"excerpt":{"rendered":"<p>Parcelux Shop &amp; Ship SUA Condi\u021bii de furnizare a serviciului 1. Termeni Acces\u00e2nd site-ul web la\u00a0https:\/\/parcelux.com\u00a0, sunte\u021bi de acord s\u0103 fi\u021bi obliga\u021bi de ace\u0219ti termeni de serviciu, de toate legile \u0219i reglement\u0103rile aplicabile \u0219i sunte\u021bi de acord c\u0103 sunte\u021bi responsabil pentru respectarea oric\u0103ror legi locale aplicabile.\u00a0Dac\u0103 nu sunte\u021bi de acord cu niciunul dintre ace\u0219ti termeni, &hellip;<\/p>\n","protected":false},"author":7,"featured_media":0,"parent":0,"menu_order":0,"comment_status":"closed","ping_status":"closed","template":"","meta":{"_acf_changed":false,"_seopress_robots_primary_cat":"","_seopress_titles_title":"","_seopress_titles_desc":"","_seopress_robots_index":"","inline_featured_image":false,"footnotes":""},"class_list":["post-4150","page","type-page","status-publish","hentry"],"acf":[],"_links":{"self":[{"href":"https:\/\/parcelux.com\/ro\/wp-json\/wp\/v2\/pages\/4150","targetHints":{"allow":["GET"]}}],"collection":[{"href":"https:\/\/parcelux.com\/ro\/wp-json\/wp\/v2\/pages"}],"about":[{"href":"https:\/\/parcelux.com\/ro\/wp-json\/wp\/v2\/types\/page"}],"author":[{"embeddable":true,"href":"https:\/\/parcelux.com\/ro\/wp-json\/wp\/v2\/users\/7"}],"replies":[{"embeddable":true,"href":"https:\/\/parcelux.com\/ro\/wp-json\/wp\/v2\/comments?post=4150"}],"version-history":[{"count":0,"href":"https:\/\/parcelux.com\/ro\/wp-json\/wp\/v2\/pages\/4150\/revisions"}],"wp:attachment":[{"href":"https:\/\/parcelux.com\/ro\/wp-json\/wp\/v2\/media?parent=4150"}],"curies":[{"name":"wp","href":"https:\/\/api.w.org\/{rel}","templated":true}]}}