{"id":4107,"date":"2020-01-02T17:48:24","date_gmt":"2020-01-02T23:48:24","guid":{"rendered":"https:\/\/parcelux.com\/?page_id=4107"},"modified":"2020-01-02T17:48:24","modified_gmt":"2020-01-02T23:48:24","slug":"intrebari-frecvente","status":"publish","type":"page","link":"https:\/\/parcelux.com\/ro\/intrebari-frecvente\/","title":{"rendered":"\u00centreb\u0103ri Frecvente"},"content":{"rendered":"<div id=\"pl-4107\"  class=\"panel-layout\" ><div id=\"pg-4107-0\"  class=\"panel-grid panel-no-style\" ><div id=\"pgc-4107-0-0\"  class=\"panel-grid-cell\" ><div id=\"panel-4107-0-0-0\" class=\"so-panel widget widget_sow-editor panel-first-child panel-last-child\" data-index=\"0\" ><div\n\t\t\t\n\t\t\tclass=\"so-widget-sow-editor so-widget-sow-editor-base\"\n\t\t\t\n\t\t>\n<div class=\"siteorigin-widget-tinymce textwidget\">\n\t<div id=\"panel-316-0-0-0\" class=\"so-panel widget widget_black-studio-tinymce widget_black_studio_tinymce panel-first-child\" data-index=\"0\">\n<div class=\"textwidget\">\n<h3><span class=\"notranslate\">De ce ar trebui s\u0103 folosesc Parcelux?<\/span><\/h3>\n<p><span class=\"notranslate\">R\u0103spunsul este simplu:<\/span><\/p>\n<ul>\n<li><span class=\"notranslate\">avem evalu\u0103ri excelente de la clien\u021bii existen\u021bi<\/span><\/li>\n<li><span class=\"notranslate\">serviciul nostru pentru clien\u021bi este superior.<\/span>\u00a0<span class=\"notranslate\">Ne pute\u021bi contacta prin telefon, e-mail, formular web, chat \u00een direct, social media sau chiar \u00een persoan\u0103, \u00een loca\u021biile noastre din SUA<\/span><\/li>\n<li><span class=\"notranslate\">pre\u021burile noastre sunt mult mai mici dec\u00e2t alte companii din SUA pentru magazin \u0219i livrare<\/span><\/li>\n<\/ul>\n<h3><span class=\"notranslate\">De ce exist\u0103 greut\u0103\u021bi minime \u0219i maxime?<\/span><\/h3>\n<p><span class=\"notranslate\">Aceste greut\u0103\u021bi sunt, \u00een general, dictate de serviciile noastre de curierat din \u021b\u0103rile europene \u00een care le livr\u0103m.<\/span>\u00a0<span class=\"notranslate\">Costurile sunt actualizate constant.<\/span>\u00a0<span class=\"notranslate\">Dac\u0103 greutatea dep\u0103\u0219e\u0219te greutatea listat\u0103 \u0219i dori\u021bi s\u0103 trimite\u021bi un colet, v\u0103 rug\u0103m s\u0103 ne contacta\u021bi pentru o ofert\u0103 personalizat\u0103.<\/span><\/p>\n<h3><span class=\"notranslate\">Garanta\u021bi termenul de livrare?<\/span><\/h3>\n<p><span class=\"notranslate\">Timpurile de livrare furnizate sunt doar estim\u0103ri \u0219i nu garan\u021bii.<\/span>\u00a0<span class=\"notranslate\">Marea majoritate a coletelor trimise prin Parcelux ajung \u00een termenul indicat pentru fiecare \u021bar\u0103 \u0219i metod\u0103 de expediere.<\/span>\u00a0<span class=\"notranslate\">Cu toate acestea, nu control\u0103m timpul de prelucrare vamal\u0103 sau impedimentele neprev\u0103zute, cum ar fi vremea extrem\u0103.<\/span>\u00a0<span class=\"notranslate\">Dac\u0103 coletul \u00eent\u00e2rzie pu\u021bin, oferim servicii cu clien\u021bii superioare \u0219i vom face tot ce ne st\u0103 \u00een putere pentru a v\u0103 livra pachetul c\u00e2t mai cur\u00e2nd posibil.<\/span><\/p>\n<h3><span class=\"notranslate\">De ce pre\u021burile de transport sunt doar estim\u0103ri?<\/span><\/h3>\n<p><span class=\"notranslate\">Exist\u0103 \u0219i al\u021bi factori care influen\u021beaz\u0103 ratele de transport, precum greutatea volumetric\u0103.<\/span>\u00a0<span class=\"notranslate\">Pachetele care sunt supradimensionate pot avea taxe suplimentare de transport.<\/span><\/p>\n<h3><span class=\"notranslate\">Exist\u0103 taxe suplimentare?<\/span><\/h3>\n<p><span class=\"notranslate\">Pe baza pachetului dvs., a con\u021binutului \u0219i a cerin\u021belor dvs. speciale, s-ar putea s\u0103 fie taxe suplimentare.<\/span>\u00a0<span class=\"notranslate\">C\u00e2teva exemple sunt asigur\u0103ri suplimentare, taxe de concierge (atunci c\u00e2nd cump\u0103r\u0103m produsele pentru dvs.) etc.<\/span><\/p>\n<h3><span class=\"notranslate\">Ce fel de produse pute\u021bi expedia?<\/span><\/h3>\n<p><span class=\"notranslate\">Dac\u0103 un produs este v\u00e2ndut pe pia\u021ba american\u0103 \u0219i nu este supus nici unui fel de restric\u021bii, \u00eel putem achizi\u021biona pentru dvs. \u0219i \u00eel putem expedia \u00een \u021bara dvs.<\/span>\u00a0<span class=\"notranslate\">Produsele variaz\u0103 de la echipamente medicale, electronice de specialitate, piese industriale la piese auto, haine \u0219i lenjerie.<\/span><\/p>\n<\/div>\n<\/div>\n<div id=\"panel-316-0-0-1\" class=\"so-panel widget widget_black-studio-tinymce widget_black_studio_tinymce panel-last-child\" data-index=\"1\">\n<div class=\"textwidget\">\n<h3><span class=\"notranslate\">Po\u021bi s\u0103 m\u0103 aju\u021bi s\u0103 comand un produs de pe un site web care nu ia metoda mea de plat\u0103?<\/span><\/h3>\n<p><span class=\"notranslate\">\u00cen general, da.<\/span>\u00a0<span class=\"notranslate\">Va trebui s\u0103 ne furniza\u021bi un link c\u0103tre fiecare dintre produsele dvs. dorite.<\/span>\u00a0<span class=\"notranslate\">Vom pune la dispozi\u021bie o ofert\u0103 \u0219i v\u0103 vom trimite, \u00eempreun\u0103 cu instruc\u021biuni cum pute\u021bi s\u0103 o pl\u0103ti\u021bi folosind o metod\u0103 de plat\u0103 accesibil\u0103 pentru dumneavoastr\u0103.<\/span>\u00a0<span class=\"notranslate\">Dup\u0103 ce vom primi plata, vom comanda produsul (produsele) pentru dumneavoastr\u0103.<\/span><\/p>\n<h3 id=\"i-have-a-technical-problem-or-support-issue-i-need-resolved-who-do-i-email\"><span class=\"notranslate\">Pot s\u0103 am propria adres\u0103 din SUA?<\/span><\/h3>\n<p><span class=\"notranslate\">Da, poti.<\/span>\u00a0<span class=\"notranslate\">Consulta\u021bi pagina <a href=\"https:\/\/parcelux.com\/ro\/adresa-virtuala-america\/\">adres\u0103 virtual\u0103 SUA<\/a>.<\/span><\/p>\n<h3 id=\"how-does-privacy-work\"><span class=\"notranslate\">\u00cen ce \u021b\u0103ri expedia\u021bi?<\/span><\/h3>\n<ul>\n<li><span class=\"notranslate\">Austria<\/span><\/li>\n<li><span class=\"notranslate\">Belgia<\/span><\/li>\n<li><span class=\"notranslate\">Belorusia (Belarus)<\/span><\/li>\n<li><span class=\"notranslate\">Bulgaria<\/span><\/li>\n<li><span class=\"notranslate\">Croa\u0163ia<\/span><\/li>\n<li><span class=\"notranslate\">Republica Ceh\u0103<\/span><\/li>\n<li><span class=\"notranslate\">Danemarca<\/span><\/li>\n<li><span class=\"notranslate\">Estonia<\/span><\/li>\n<li><span class=\"notranslate\">Finlanda<\/span><\/li>\n<li><span class=\"notranslate\">Fran\u0163a<\/span><\/li>\n<li><span class=\"notranslate\">Germania<\/span><\/li>\n<li><span class=\"notranslate\">Grecia<\/span><\/li>\n<li><span class=\"notranslate\">Ungaria<\/span><\/li>\n<li><span class=\"notranslate\">Irlanda<\/span><\/li>\n<li><span class=\"notranslate\">Italia<\/span><\/li>\n<li><span class=\"notranslate\">Letonia<\/span><\/li>\n<li><span class=\"notranslate\">Lituania<\/span><\/li>\n<li><span class=\"notranslate\">Luxemburg<\/span><\/li>\n<li><span class=\"notranslate\">Moldova<\/span><\/li>\n<li><span class=\"notranslate\">Olanda<\/span><\/li>\n<li><span class=\"notranslate\">Norvegia<\/span><\/li>\n<li><span class=\"notranslate\">Polonia<\/span><\/li>\n<li><span class=\"notranslate\">Portugalia<\/span><\/li>\n<li><span class=\"notranslate\">Rom\u00e2nia<\/span><\/li>\n<li><span class=\"notranslate\">Rusia (numai pe calea aerului, livrat\u0103 la oficiul po\u0219tal)<\/span><\/li>\n<li><span class=\"notranslate\">Slovacia<\/span><\/li>\n<li><span class=\"notranslate\">Slovenia<\/span><\/li>\n<li><span class=\"notranslate\">Spania<\/span><\/li>\n<li><span class=\"notranslate\">Suedia<\/span><\/li>\n<li><span class=\"notranslate\">Elve\u0163ia<\/span><\/li>\n<li><span class=\"notranslate\">Serbia<\/span><\/li>\n<li><span class=\"notranslate\">Ucraina<\/span><\/li>\n<li><span class=\"notranslate\">Regatul Unit<\/span><\/li>\n<li><span class=\"notranslate\">Uzbekistan<\/span><\/li>\n<\/ul>\n<\/div>\n<\/div>\n<\/div>\n<\/div><\/div><\/div><\/div><\/div>","protected":false},"excerpt":{"rendered":"<p>De ce ar trebui s\u0103 folosesc Parcelux? R\u0103spunsul este simplu: avem evalu\u0103ri excelente de la clien\u021bii existen\u021bi serviciul nostru pentru clien\u021bi este superior.\u00a0Ne pute\u021bi contacta prin telefon, e-mail, formular web, chat \u00een direct, social media sau chiar \u00een persoan\u0103, \u00een loca\u021biile noastre din SUA pre\u021burile noastre sunt mult mai mici dec\u00e2t alte companii din SUA &hellip;<\/p>\n","protected":false},"author":7,"featured_media":0,"parent":0,"menu_order":0,"comment_status":"closed","ping_status":"closed","template":"","meta":{"_acf_changed":false,"_seopress_robots_primary_cat":"","_seopress_titles_title":"","_seopress_titles_desc":"","_seopress_robots_index":"","inline_featured_image":false,"footnotes":""},"class_list":["post-4107","page","type-page","status-publish","hentry"],"acf":[],"_links":{"self":[{"href":"https:\/\/parcelux.com\/ro\/wp-json\/wp\/v2\/pages\/4107","targetHints":{"allow":["GET"]}}],"collection":[{"href":"https:\/\/parcelux.com\/ro\/wp-json\/wp\/v2\/pages"}],"about":[{"href":"https:\/\/parcelux.com\/ro\/wp-json\/wp\/v2\/types\/page"}],"author":[{"embeddable":true,"href":"https:\/\/parcelux.com\/ro\/wp-json\/wp\/v2\/users\/7"}],"replies":[{"embeddable":true,"href":"https:\/\/parcelux.com\/ro\/wp-json\/wp\/v2\/comments?post=4107"}],"version-history":[{"count":0,"href":"https:\/\/parcelux.com\/ro\/wp-json\/wp\/v2\/pages\/4107\/revisions"}],"wp:attachment":[{"href":"https:\/\/parcelux.com\/ro\/wp-json\/wp\/v2\/media?parent=4107"}],"curies":[{"name":"wp","href":"https:\/\/api.w.org\/{rel}","templated":true}]}}