{"id":4052,"date":"2020-01-02T16:37:43","date_gmt":"2020-01-02T22:37:43","guid":{"rendered":"https:\/\/parcelux.com\/?page_id=4052"},"modified":"2020-01-05T21:12:06","modified_gmt":"2020-01-06T03:12:06","slug":"servicii","status":"publish","type":"page","link":"https:\/\/parcelux.com\/ro\/servicii\/","title":{"rendered":"Servicii"},"content":{"rendered":"<div id=\"pl-4052\"  class=\"panel-layout\" ><div id=\"pg-4052-0\"  class=\"panel-grid panel-no-style\" ><div id=\"pgc-4052-0-0\"  class=\"panel-grid-cell\" ><div id=\"panel-4052-0-0-0\" class=\"so-panel widget widget_sow-editor panel-first-child panel-last-child\" data-index=\"0\" ><div\n\t\t\t\n\t\t\tclass=\"so-widget-sow-editor so-widget-sow-editor-base\"\n\t\t\t\n\t\t>\n<div class=\"siteorigin-widget-tinymce textwidget\">\n\t<p>&nbsp;<\/p>\n<h2>Servicii de comenzi si transport pachete din America<\/h2>\n<p>Cump\u0103r\u0103 din SUA \u0219i \u00ee\u021bi livr\u0103m la domiciliu. Transport\u0103m colete din America \u00een majoritatea \u021b\u0103rilor din Europa<\/p>\n<\/div>\n<\/div><\/div><\/div><\/div><div id=\"pg-4052-1\"  class=\"panel-grid panel-no-style\" ><div id=\"pgc-4052-1-0\"  class=\"panel-grid-cell\" ><div id=\"panel-4052-1-0-0\" class=\"so-panel widget widget_pw_featured_page widget-featured-page panel-first-child panel-last-child\" data-index=\"1\" >\n\t<div class=\"page-box  page-box--block\">\n\t\t\t\t\t\t\t\t\t<a class=\"page-box__picture\" href=\"https:\/\/parcelux.com\/ro\/adresa-virtuala-america\/\">\n\t\t\t\t\t<img loading=\"lazy\" decoding=\"async\" src=\"https:\/\/parcelux.com\/wp-content\/uploads\/2019\/11\/us-mailbox-360x240.jpg\" width=\"360\" height=\"240\" srcset=\"https:\/\/parcelux.com\/wp-content\/uploads\/2019\/11\/us-mailbox-360x240.jpg 360w, https:\/\/parcelux.com\/wp-content\/uploads\/2019\/11\/us-mailbox.jpg 848w\" sizes=\"auto, (min-width: 992px) 360px, calc(100vw - 30px)\" class=\"wp-post-image\" alt=\"Adres\u0103 Virtual\u0103 SUA\">\n\t\t\t\t<\/a>\n\t\t\t\t\t\t\t<div class=\"page-box__content\">\n\t\t\t<h5 class=\"page-box__title text-uppercase\"><a href=\"https:\/\/parcelux.com\/ro\/adresa-virtuala-america\/\">Adres\u0103 Virtual\u0103 SUA<\/a><\/h5>\n\t\t\t<p>Adres\u0103 SUA virtual\u0103 pentru cump\u0103r\u0103torii din Rom\u00e2nia\nAdres\u0103 gratuit\u0103 de redirec\u021bionare pachete din SUA:\n\u27a1\ufe0f\u00ceNREGISTRARE\u2b05\ufe0f\n\n\n\n\t\n\n \tTe ajut\u0103m sa gase\u0219ti orice tip de produse la cele mai bune magazine online din America\n \tI\u021bi &hellip;<\/p>\n\t\t\t\t\t\t\t<p><a href=\"https:\/\/parcelux.com\/ro\/adresa-virtuala-america\/\" class=\"read-more  read-more--page-box\">Adres\u0103 Virtual\u0103 America<\/a><\/p>\n\t\t\t\t\t<\/div>\n\t<\/div>\n\n<\/div><\/div><div id=\"pgc-4052-1-1\"  class=\"panel-grid-cell\" ><div id=\"panel-4052-1-1-0\" class=\"so-panel widget widget_pw_featured_page widget-featured-page panel-first-child panel-last-child\" data-index=\"2\" >\n\t<div class=\"page-box  page-box--block\">\n\t\t\t\t\t\t\t\t\t<a class=\"page-box__picture\" href=\"https:\/\/parcelux.com\/ro\/comenzi-sua\/\">\n\t\t\t\t\t<img loading=\"lazy\" decoding=\"async\" src=\"https:\/\/parcelux.com\/wp-content\/uploads\/2019\/11\/buy-from-usa-360x240.jpg\" width=\"360\" height=\"240\" srcset=\"https:\/\/parcelux.com\/wp-content\/uploads\/2019\/11\/buy-from-usa-360x240.jpg 360w, https:\/\/parcelux.com\/wp-content\/uploads\/2019\/11\/buy-from-usa.jpg 848w\" sizes=\"auto, (min-width: 992px) 360px, calc(100vw - 30px)\" class=\"wp-post-image\" alt=\"Comenzi SUA\">\n\t\t\t\t<\/a>\n\t\t\t\t\t\t\t<div class=\"page-box__content\">\n\t\t\t<h5 class=\"page-box__title text-uppercase\"><a href=\"https:\/\/parcelux.com\/ro\/comenzi-sua\/\">Comenzi SUA<\/a><\/h5>\n\t\t\t<p>De ce s\u0103 cumperi din SUA?\nExist\u0103 c\u00e2teva motive pentru care oamenii prefer\u0103 s\u0103 fac\u0103 cump\u0103r\u0103turi \u00een SUA ori de c\u00e2te ori este posibil:\n\nprodusele de specialitate sunt mai u\u0219or de g\u0103sit\ncalitatea este mai mare\npre\u021burile sunt mai mici\nacces &hellip;<\/p>\n\t\t\t\t\t\t\t<p><a href=\"https:\/\/parcelux.com\/ro\/comenzi-sua\/\" class=\"read-more  read-more--page-box\">Cump\u0103r\u0103 din America<\/a><\/p>\n\t\t\t\t\t<\/div>\n\t<\/div>\n\n<\/div><\/div><div id=\"pgc-4052-1-2\"  class=\"panel-grid-cell\" ><div id=\"panel-4052-1-2-0\" class=\"so-panel widget widget_pw_featured_page widget-featured-page panel-first-child panel-last-child\" data-index=\"3\" >\n\t<div class=\"page-box  page-box--block\">\n\t\t\t\t\t\t\t\t\t<a class=\"page-box__picture\" href=\"https:\/\/parcelux.com\/ro\/ambalare-stocare\/\">\n\t\t\t\t\t<img loading=\"lazy\" decoding=\"async\" src=\"https:\/\/parcelux.com\/wp-content\/uploads\/2019\/11\/fragile-parcel-360x240.jpg\" width=\"360\" height=\"240\" srcset=\"https:\/\/parcelux.com\/wp-content\/uploads\/2019\/11\/fragile-parcel-360x240.jpg 360w, https:\/\/parcelux.com\/wp-content\/uploads\/2019\/11\/fragile-parcel.jpg 848w\" sizes=\"auto, (min-width: 992px) 360px, calc(100vw - 30px)\" class=\"wp-post-image\" alt=\"Ambalare \u0218i Stocare\">\n\t\t\t\t<\/a>\n\t\t\t\t\t\t\t<div class=\"page-box__content\">\n\t\t\t<h5 class=\"page-box__title text-uppercase\"><a href=\"https:\/\/parcelux.com\/ro\/ambalare-stocare\/\">Ambalare \u0218i Stocare<\/a><\/h5>\n\t\t\t<p>Servicii de ambalare\nToate coletele noastre interna\u021bionale beneficiaz\u0103 de servicii suplimentare de ambalare, consolidare (combinare a pachetelor mai mici \u00eentr-unul mai mare) \u0219i verificare.\nC\u00e2nd primim pachetele\nFacem poze \u0219i not\u0103m orice &hellip;<\/p>\n\t\t\t\t\t\t\t<p><a href=\"https:\/\/parcelux.com\/ro\/ambalare-stocare\/\" class=\"read-more  read-more--page-box\">Ambalare Pachete<\/a><\/p>\n\t\t\t\t\t<\/div>\n\t<\/div>\n\n<\/div><\/div><\/div><div id=\"pg-4052-2\"  class=\"panel-grid panel-no-style\" ><div id=\"pgc-4052-2-0\"  class=\"panel-grid-cell\" ><div id=\"panel-4052-2-0-0\" class=\"so-panel widget widget_pw_featured_page widget-featured-page panel-first-child\" data-index=\"4\" >\n\t<div class=\"page-box  page-box--block\">\n\t\t\t\t\t\t\t\t\t<a class=\"page-box__picture\" href=\"https:\/\/parcelux.com\/ro\/redirectionare-pachete-amazon-sua\/\">\n\t\t\t\t\t<img loading=\"lazy\" decoding=\"async\" src=\"https:\/\/parcelux.com\/wp-content\/uploads\/2019\/11\/amazon-shipping-service-360x240.jpg\" width=\"360\" height=\"240\" srcset=\"https:\/\/parcelux.com\/wp-content\/uploads\/2019\/11\/amazon-shipping-service-360x240.jpg 360w, https:\/\/parcelux.com\/wp-content\/uploads\/2019\/11\/amazon-shipping-service.jpg 848w\" sizes=\"auto, (min-width: 992px) 360px, calc(100vw - 30px)\" class=\"wp-post-image\" alt=\"Cumpara de la Amazon SUA\">\n\t\t\t\t<\/a>\n\t\t\t\t\t\t\t<div class=\"page-box__content\">\n\t\t\t<h5 class=\"page-box__title text-uppercase\"><a href=\"https:\/\/parcelux.com\/ro\/redirectionare-pachete-amazon-sua\/\">Cumpara de la Amazon SUA<\/a><\/h5>\n\t\t\t<p>Ce este un serviciu de redirec\u021bionare Amazon?\nEste o companie de transport sau de redirec\u021bionare care prime\u0219te pachetele dvs. de la Amazon \u0219i le transport\u0103 c\u0103tre adresa aleas\u0103, de obicei o adres\u0103 interna\u021bional\u0103.\nAm nevoie de un expeditor &hellip;<\/p>\n\t\t\t\t\t\t\t<p><a href=\"https:\/\/parcelux.com\/ro\/redirectionare-pachete-amazon-sua\/\" class=\"read-more  read-more--page-box\">Cump\u0103r\u0103 de la Amazon<\/a><\/p>\n\t\t\t\t\t<\/div>\n\t<\/div>\n\n<\/div><div id=\"panel-4052-2-0-1\" class=\"so-panel widget widget_pw_featured_page widget-featured-page panel-last-child\" data-index=\"5\" >\n\t<div class=\"page-box  page-box--block\">\n\t\t\t\t\t\t\t\t\t<a class=\"page-box__picture\" href=\"https:\/\/parcelux.com\/ro\/serviciu-de-curierat-international\/\">\n\t\t\t\t\t<img loading=\"lazy\" decoding=\"async\" src=\"https:\/\/parcelux.com\/wp-content\/uploads\/2019\/10\/courier-360x240.jpg\" width=\"360\" height=\"240\" srcset=\"https:\/\/parcelux.com\/wp-content\/uploads\/2019\/10\/courier-360x240.jpg 360w, https:\/\/parcelux.com\/wp-content\/uploads\/2019\/10\/courier.jpg 848w\" sizes=\"auto, (min-width: 992px) 360px, calc(100vw - 30px)\" class=\"wp-post-image\" alt=\"Serviciu de curierat interna\u021bional\">\n\t\t\t\t<\/a>\n\t\t\t\t\t\t\t<div class=\"page-box__content\">\n\t\t\t<h5 class=\"page-box__title text-uppercase\"><a href=\"https:\/\/parcelux.com\/ro\/serviciu-de-curierat-international\/\">Serviciu de curierat interna\u021bional<\/a><\/h5>\n\t\t\t<p>Ce este un serviciu de curierat interna\u021bional?\nEste un serviciu care faciliteaz\u0103 livrarea coletelor pentru clien\u021bii interna\u021bionali.\u00a0Exist\u0103 2 op\u021biuni majore c\u00e2nd vine vorba de serviciile de curierat interna\u021bional:\n\ncurierat aerian (par &hellip;<\/p>\n\t\t\t\t\t\t\t<p><a href=\"https:\/\/parcelux.com\/ro\/serviciu-de-curierat-international\/\" class=\"read-more  read-more--page-box\">Curierat din SUA<\/a><\/p>\n\t\t\t\t\t<\/div>\n\t<\/div>\n\n<\/div><\/div><div id=\"pgc-4052-2-1\"  class=\"panel-grid-cell\" ><div id=\"panel-4052-2-1-0\" class=\"so-panel widget widget_pw_featured_page widget-featured-page panel-first-child panel-last-child\" data-index=\"6\" >\n\t<div class=\"page-box  page-box--block\">\n\t\t\t\t\t\t\t\t\t<a class=\"page-box__picture\" href=\"https:\/\/parcelux.com\/ro\/transport-aerian-din-america-in-romania\/\">\n\t\t\t\t\t<img loading=\"lazy\" decoding=\"async\" src=\"https:\/\/parcelux.com\/wp-content\/uploads\/2019\/11\/air-forwarding-360x240.jpg\" width=\"360\" height=\"240\" srcset=\"https:\/\/parcelux.com\/wp-content\/uploads\/2019\/11\/air-forwarding-360x240.jpg 360w, https:\/\/parcelux.com\/wp-content\/uploads\/2019\/11\/air-forwarding.jpg 848w\" sizes=\"auto, (min-width: 992px) 360px, calc(100vw - 30px)\" class=\"wp-post-image\" alt=\"Transport Par Avion din America \u00cen Rom\u00e2nia\">\n\t\t\t\t<\/a>\n\t\t\t\t\t\t\t<div class=\"page-box__content\">\n\t\t\t<h5 class=\"page-box__title text-uppercase\"><a href=\"https:\/\/parcelux.com\/ro\/transport-aerian-din-america-in-romania\/\">Transport Par Avion din America \u00cen Rom\u00e2nia<\/a><\/h5>\n\t\t\t<p>Transport aerian interna\u021bional \u0219i expediere\nCre\u0219terea rapid\u0103 a comer\u021bului digital a cauzat o cerere crescut\u0103 pentru serviciile de transport aerian interna\u021bional, deoarece cump\u0103r\u0103torii din \u00eentreaga lume caut\u0103 modalit\u0103\u021bi de a ob\u021bine &hellip;<\/p>\n\t\t\t\t\t\t\t<p><a href=\"https:\/\/parcelux.com\/ro\/transport-aerian-din-america-in-romania\/\" class=\"read-more  read-more--page-box\">Transport Aerian<\/a><\/p>\n\t\t\t\t\t<\/div>\n\t<\/div>\n\n<\/div><\/div><div id=\"pgc-4052-2-2\"  class=\"panel-grid-cell\" ><div id=\"panel-4052-2-2-0\" class=\"so-panel widget widget_pw_featured_page widget-featured-page panel-first-child panel-last-child\" data-index=\"7\" >\n\t<div class=\"page-box  page-box--block\">\n\t\t\t\t\t\t\t\t\t<a class=\"page-box__picture\" href=\"https:\/\/parcelux.com\/ro\/transport-maritim\/\">\n\t\t\t\t\t<img loading=\"lazy\" decoding=\"async\" src=\"https:\/\/parcelux.com\/wp-content\/uploads\/2019\/10\/ocean-freight-forwarding-360x240.jpg\" width=\"360\" height=\"240\" srcset=\"https:\/\/parcelux.com\/wp-content\/uploads\/2019\/10\/ocean-freight-forwarding-360x240.jpg 360w, https:\/\/parcelux.com\/wp-content\/uploads\/2019\/10\/ocean-freight-forwarding.jpg 848w\" sizes=\"auto, (min-width: 992px) 360px, calc(100vw - 30px)\" class=\"wp-post-image\" alt=\"Transport Maritim\">\n\t\t\t\t<\/a>\n\t\t\t\t\t\t\t<div class=\"page-box__content\">\n\t\t\t<h5 class=\"page-box__title text-uppercase\"><a href=\"https:\/\/parcelux.com\/ro\/transport-maritim\/\">Transport Maritim<\/a><\/h5>\n\t\t\t<p>Transport maritim\nAproximativ 90% din m\u0103rfurile lumii sunt livrate la nivel interna\u021bional prin nave de marf\u0103.\u00a0Chiar dac\u0103 este nevoie de mai mult timp dec\u00e2t transportul aerian de marf\u0103 , popularitatea transportului maritim a fost c\u00e2\u0219tigat\u0103 &hellip;<\/p>\n\t\t\t\t\t\t\t<p><a href=\"https:\/\/parcelux.com\/ro\/transport-maritim\/\" class=\"read-more  read-more--page-box\">Transport Oceanic<\/a><\/p>\n\t\t\t\t\t<\/div>\n\t<\/div>\n\n<\/div><\/div><\/div><\/div>","protected":false},"excerpt":{"rendered":"<p>&nbsp; Servicii de comenzi si transport pachete din America Cump\u0103r\u0103 din SUA \u0219i \u00ee\u021bi livr\u0103m la domiciliu. Transport\u0103m colete din America \u00een majoritatea \u021b\u0103rilor din Europa<\/p>\n","protected":false},"author":7,"featured_media":0,"parent":0,"menu_order":0,"comment_status":"closed","ping_status":"open","template":"","meta":{"_acf_changed":false,"_seopress_robots_primary_cat":"","_seopress_titles_title":"","_seopress_titles_desc":"","_seopress_robots_index":"","inline_featured_image":false,"footnotes":""},"class_list":["post-4052","page","type-page","status-publish","hentry"],"acf":[],"_links":{"self":[{"href":"https:\/\/parcelux.com\/ro\/wp-json\/wp\/v2\/pages\/4052","targetHints":{"allow":["GET"]}}],"collection":[{"href":"https:\/\/parcelux.com\/ro\/wp-json\/wp\/v2\/pages"}],"about":[{"href":"https:\/\/parcelux.com\/ro\/wp-json\/wp\/v2\/types\/page"}],"author":[{"embeddable":true,"href":"https:\/\/parcelux.com\/ro\/wp-json\/wp\/v2\/users\/7"}],"replies":[{"embeddable":true,"href":"https:\/\/parcelux.com\/ro\/wp-json\/wp\/v2\/comments?post=4052"}],"version-history":[{"count":0,"href":"https:\/\/parcelux.com\/ro\/wp-json\/wp\/v2\/pages\/4052\/revisions"}],"wp:attachment":[{"href":"https:\/\/parcelux.com\/ro\/wp-json\/wp\/v2\/media?parent=4052"}],"curies":[{"name":"wp","href":"https:\/\/api.w.org\/{rel}","templated":true}]}}