{"id":4047,"date":"2020-01-02T16:30:47","date_gmt":"2020-01-02T22:30:47","guid":{"rendered":"https:\/\/parcelux.com\/?page_id=4047"},"modified":"2020-01-03T12:27:40","modified_gmt":"2020-01-03T18:27:40","slug":"serviciu-de-curierat-international","status":"publish","type":"page","link":"https:\/\/parcelux.com\/ro\/serviciu-de-curierat-international\/","title":{"rendered":"Serviciu de curierat interna\u021bional"},"content":{"rendered":"<div id=\"pl-4047\"  class=\"panel-layout\" ><div id=\"pg-4047-0\"  class=\"panel-grid panel-no-style\" ><div id=\"pgc-4047-0-0\"  class=\"panel-grid-cell\" ><div id=\"panel-4047-0-0-0\" class=\"so-panel widget widget_sow-editor panel-first-child panel-last-child\" data-index=\"0\" ><div\n\t\t\t\n\t\t\tclass=\"so-widget-sow-editor so-widget-sow-editor-base\"\n\t\t\t\n\t\t>\n<div class=\"siteorigin-widget-tinymce textwidget\">\n\t<h2><span class=\"notranslate\">Ce este un serviciu de curierat interna\u021bional?<\/span><\/h2>\n<p><span class=\"notranslate\">Este un serviciu care faciliteaz\u0103 livrarea coletelor pentru clien\u021bii interna\u021bionali.<\/span>\u00a0<span class=\"notranslate\">Exist\u0103 2 op\u021biuni majore c\u00e2nd vine vorba de serviciile de curierat interna\u021bional:<\/span><\/p>\n<ul>\n<li><span class=\"notranslate\"><a href=\"https:\/\/parcelux.com\/ro\/transport-aerian-din-america-in-romania\/\">curierat aerian (par avion)<\/a> - de obicei asociat cu serviciile de curierat expres, pentru <strong>transporturile rapide<\/strong><\/span><\/li>\n<li><span class=\"notranslate\"><a href=\"https:\/\/parcelux.com\/ro\/transport-maritim\/\">curieat oceanic<\/a>\u00a0- de obicei asociat cu <strong>transportul interna\u021bional ieftin<\/strong>, pentru persoanele care doresc s\u0103 \u00ee\u0219i men\u021bin\u0103 pre\u021burile sc\u0103zute<\/span><\/li>\n<\/ul>\n<p><span class=\"notranslate\">De obicei, exist\u0103 limite \u0219i greut\u0103\u021bi minime care se aplic\u0103 serviciilor de colete interna\u021bionale, care variaz\u0103 de la o \u021bar\u0103 la alta.<\/span>\u00a0<span class=\"notranslate\">Diferen\u021bele de pre\u021b se bazeaz\u0103 pe o varietate de factori, de la taxe de livrare local\u0103 la legile locale, reglement\u0103ri \u0219i loca\u021bia geografic\u0103 a fiec\u0103rei \u021b\u0103ri.<\/span><\/p>\n<\/div>\n<\/div><\/div><\/div><div id=\"pgc-4047-0-1\"  class=\"panel-grid-cell\" ><div id=\"panel-4047-0-1-0\" class=\"so-panel widget widget_sow-editor panel-first-child\" data-index=\"1\" ><div class=\"featured-widget panel-widget-style panel-widget-style-for-4047-0-1-0\" ><div\n\t\t\t\n\t\t\tclass=\"so-widget-sow-editor so-widget-sow-editor-base\"\n\t\t\t\n\t\t>\n<div class=\"siteorigin-widget-tinymce textwidget\">\n\t<p><img loading=\"lazy\" decoding=\"async\" class=\"aligncenter wp-image-1513 size-full\" src=\"https:\/\/parcelux.com\/wp-content\/uploads\/2019\/10\/us-map.png\" alt=\"us map\" width=\"51\" height=\"51\" \/><\/p>\n<ol id=\"home\">\n<li>Te ajut\u0103m sa gase\u0219ti orice tip de produse la cele mai bune magazine online din America<\/li>\n<li>I\u021bi oferim propria ta adres\u0103 virtual\u0103 SUA. Gratuit.<\/li>\n<li>Primim comenzile tale si \u021bi le livr\u0103m la domiciliu. In timp record.<\/li>\n<\/ol>\n<\/div>\n<\/div><\/div><\/div><div id=\"panel-4047-0-1-1\" class=\"so-panel widget widget_sow-editor panel-last-child\" data-index=\"2\" ><div\n\t\t\t\n\t\t\tclass=\"so-widget-sow-editor so-widget-sow-editor-base\"\n\t\t\t\n\t\t>\n<div class=\"siteorigin-widget-tinymce textwidget\">\n\t<p><img loading=\"lazy\" decoding=\"async\" class=\"aligncenter wp-image-2962 size-full\" src=\"https:\/\/parcelux.com\/wp-content\/uploads\/2019\/12\/shipping-boxes.jpg\" alt=\"cutii de transport\" width=\"848\" height=\"480\" srcset=\"https:\/\/parcelux.com\/wp-content\/uploads\/2019\/12\/shipping-boxes.jpg 848w, https:\/\/parcelux.com\/wp-content\/uploads\/2019\/12\/shipping-boxes-600x340.jpg 600w, https:\/\/parcelux.com\/wp-content\/uploads\/2019\/12\/shipping-boxes-360x204.jpg 360w, https:\/\/parcelux.com\/wp-content\/uploads\/2019\/12\/shipping-boxes-300x170.jpg 300w, https:\/\/parcelux.com\/wp-content\/uploads\/2019\/12\/shipping-boxes-768x435.jpg 768w\" sizes=\"auto, (max-width: 848px) 100vw, 848px\" \/><\/p>\n<\/div>\n<\/div><\/div><\/div><\/div><div id=\"pg-4047-1\"  class=\"panel-grid panel-has-style\" ><div class=\"siteorigin-panels-stretch panel-row-style panel-row-style-for-4047-1\" data-stretch-type=\"full\" ><div id=\"pgc-4047-1-0\"  class=\"panel-grid-cell\" ><div id=\"panel-4047-1-0-0\" class=\"so-panel widget widget_pw_call_to_action widget-call-to-action panel-first-child\" data-index=\"3\" ><div class=\"widget-title--big panel-widget-style panel-widget-style-for-4047-1-0-0\" >\t\t\t\t<div class=\"call-to-action\">\n\t\t\t\t\t<div class=\"call-to-action__text\">\n\t\t\t\t\t\tParcelux ofer\u0103 cele mai convenabile servicii de curierat din SUA\t\t\t\t\t<\/div>\n\t\t\t\t\t<div class=\"call-to-action__button\">\n\t\t\t\t\t\t<a class=\"btn    btn-primary\" href=\"#ipt-fsqm-popup-form-52\" target=\"_self\">Estimeaz\u0103 trasnsportul<\/a>.\t\t\t\t\t<\/div>\n\t\t\t\t<\/div>\n\t\t\t<\/div><\/div><div id=\"panel-4047-1-0-1\" class=\"so-panel widget widget_pw_testimonials widget-testimonials\" data-index=\"4\" >\n\t<div class=\"testimonial\">\n\t\t\t\t\t<a class=\"testimonial__carousel  testimonial__carousel--left\" href=\"#carousel-testimonials-widget-1-0-1\" data-slide=\"prev\"><i class=\"fa  fa-chevron-left\" aria-hidden=\"true\"><\/i><span class=\"sr-only\" role=\"button\">Next<\/span><\/a>\n\t\t\n\t\t<h3 class=\"widget-title\"><span class=\"widget-title__inline\">Recenzii<\/span><\/h3>\n\t\t\t\t\t<a class=\"testimonial__carousel  testimonial__carousel--right\" href=\"#carousel-testimonials-widget-1-0-1\" data-slide=\"next\"><i class=\"fa  fa-chevron-right\" aria-hidden=\"true\"><\/i><span class=\"sr-only\" role=\"button\">Previous<\/span><\/a>\n\t\t\n\t\t<div id=\"carousel-testimonials-widget-1-0-1\" class=\"carousel slide\" data-ride=\"carousel\" data-interval=\"7000\">\n\t\t\t<!-- Wrapper for slides -->\n\t\t\t<div class=\"carousel-inner\" role=\"listbox\">\n\t\t\t\t<div class=\"item active\">\n\t\t\t\t\t<div class=\"row\">\n\t\t\t\t\t\t\t\t\t\t\t\t\t\t\t\t\t\t\t\t<div class=\"col-12  col-sm-6\">\n\t\t\t\t\t\t\t\t<blockquote>\n\t\t\t\t\t\t\t\t\t<p class=\"testimonial__quote\">\n\t\t\t\t\t\t\t\t\t\tCautam o companie cu care sa comand din SUA si sa ma ajute sa cumpar din America si sa transport niste scule de specialitate in Romania. Parcelux m-a ajutat sa gasesc cele mai bune siteuri pentru unelte de specialitate si mi-au oferit si servicii de transport internationale. Sunt una dintre cele mai bune companii de transport pachete din SUA, ii recomand cu incredere.\t\t\t\t\t\t\t\t\t<\/p>\n\t\t\t\t\t\t\t\t\t<cite class=\"testimonial__author\">\n\t\t\t\t\t\t\t\t\t\tVasile S.\t\t\t\t\t\t\t\t\t<\/cite>\n\n\t\t\t\t\t\t\t\t\t\t\t\t\t\t\t\t\t\t\t<div class=\"testimonial__author-description\">\n\t\t\t\t\t\t\t\t\t\t\tContractant\t\t\t\t\t\t\t\t\t\t<\/div>\n\t\t\t\t\t\t\t\t\t\n\t\t\t\t\t\t\t\t\t\n\t\t\t\t\t\t\t\t\t\t\t\t\t\t\t\t\t<\/blockquote>\n\t\t\t\t\t\t\t<\/div>\n\t\t\t\t\t\t\t\t\t\t\t\t\t\t\t\t\t\t\t\t<div class=\"col-12  col-sm-6\">\n\t\t\t\t\t\t\t\t<blockquote>\n\t\t\t\t\t\t\t\t\t<p class=\"testimonial__quote\">\n\t\t\t\t\t\t\t\t\t\tserviciu de calitate, livrare rapida! de incredere!\t\t\t\t\t\t\t\t\t<\/p>\n\t\t\t\t\t\t\t\t\t<cite class=\"testimonial__author\">\n\t\t\t\t\t\t\t\t\t\tMike S.\t\t\t\t\t\t\t\t\t<\/cite>\n\n\t\t\t\t\t\t\t\t\t\t\t\t\t\t\t\t\t\t\t<div class=\"testimonial__author-description\">\n\t\t\t\t\t\t\t\t\t\t\tInfluencer\t\t\t\t\t\t\t\t\t\t<\/div>\n\t\t\t\t\t\t\t\t\t\n\t\t\t\t\t\t\t\t\t\n\t\t\t\t\t\t\t\t\t\t\t\t\t\t\t\t\t<\/blockquote>\n\t\t\t\t\t\t\t<\/div>\n\t\t\t\t\t\t\t\t\t\t\t\t\t<\/div><\/div> <div class=\"item\"><div class=\"row\">\t\t\t\t\t\t\t<div class=\"col-12  col-sm-6\">\n\t\t\t\t\t\t\t\t<blockquote>\n\t\t\t\t\t\t\t\t\t<p class=\"testimonial__quote\">\n\t\t\t\t\t\t\t\t\t\tAm comandat un produs de pe un site care livreaza doar in SUA pe adresa lor si ei mii l au trimis in Romania la un pret excelent.Pachetul a ajuns intr o stare excelenta.O sa mai comand prin Parcelux.Recomand.\t\t\t\t\t\t\t\t\t<\/p>\n\t\t\t\t\t\t\t\t\t<cite class=\"testimonial__author\">\n\t\t\t\t\t\t\t\t\t\tAlexandru L.\t\t\t\t\t\t\t\t\t<\/cite>\n\n\t\t\t\t\t\t\t\t\t\t\t\t\t\t\t\t\t\t\t<div class=\"testimonial__author-description\">\n\t\t\t\t\t\t\t\t\t\t\tPreot\t\t\t\t\t\t\t\t\t\t<\/div>\n\t\t\t\t\t\t\t\t\t\n\t\t\t\t\t\t\t\t\t\n\t\t\t\t\t\t\t\t\t\t\t\t\t\t\t\t\t<\/blockquote>\n\t\t\t\t\t\t\t<\/div>\n\t\t\t\t\t\t\t\t\t\t\t\t\t\t\t\t\t\t\t\t<div class=\"col-12  col-sm-6\">\n\t\t\t\t\t\t\t\t<blockquote>\n\t\t\t\t\t\t\t\t\t<p class=\"testimonial__quote\">\n\t\t\t\t\t\t\t\t\t\tAm comandat 2 po\u0219ete si o pereche de cizme de la Michael Kors prin Parcelux. La inceput nu am \u0219tiut ca este posibil sa faci comenzi in SUA si sa vin\u0103 a\u0219a de repede. Serviciile lor de facilitare comenzi si de transport de pachete sunt bune, de \u00eencredere si rapide. O sa continuu sa comand prin Parcelux din America si \u00eei recomand cu cea mai mare \u00eencredere.\t\t\t\t\t\t\t\t\t<\/p>\n\t\t\t\t\t\t\t\t\t<cite class=\"testimonial__author\">\n\t\t\t\t\t\t\t\t\t\tFlori R\t\t\t\t\t\t\t\t\t<\/cite>\n\n\t\t\t\t\t\t\t\t\t\t\t\t\t\t\t\t\t\t\t<div class=\"testimonial__author-description\">\n\t\t\t\t\t\t\t\t\t\t\tFashionista\t\t\t\t\t\t\t\t\t\t<\/div>\n\t\t\t\t\t\t\t\t\t\n\t\t\t\t\t\t\t\t\t\n\t\t\t\t\t\t\t\t\t\t\t\t\t\t\t\t\t<\/blockquote>\n\t\t\t\t\t\t\t<\/div>\n\t\t\t\t\t\t\t\t\t\t\t<\/div>\n\t\t\t\t<\/div>\n\t\t\t<\/div>\n\t\t<\/div>\n\t<\/div>\n\n<\/div><div id=\"panel-4047-1-0-2\" class=\"so-panel widget widget_sow-editor panel-last-child\" data-index=\"5\" ><div\n\t\t\t\n\t\t\tclass=\"so-widget-sow-editor so-widget-sow-editor-base\"\n\t\t\t\n\t\t>\n<div class=\"siteorigin-widget-tinymce textwidget\">\n\t<script type=\"text\/javascript\">\n\tif ( window.iptFSQMModalPopupForms == undefined ) {\n\t\twindow.iptFSQMModalPopupForms = [];\n\t}\n\twindow.iptFSQMModalPopupForms[window.iptFSQMModalPopupForms.length] = {\"label\":\"Shipping Quote\",\"color\":\"#ffffff\",\"bgcolor\":\"#3c609e\",\"position\":\"h\",\"style\":\"rect\",\"header\":\"Shipping Quote\",\"subtitle\":\"\",\"icon\":\"fa fa-file-text\",\"width\":\"600\",\"formID\":\"52\",\"url\":\"https:\\\/\\\/parcelux.com\\\/ro\\\/eforms\\\/shipping-quote\\\/52\\\/\"};\n<\/script>\n\t\t\n<\/div>\n<\/div><\/div><\/div><\/div><\/div><div id=\"pg-4047-2\"  class=\"panel-grid panel-has-style\" ><div class=\"siteorigin-panels-stretch panel-row-style panel-row-style-for-4047-2\" data-stretch-type=\"full\" ><div id=\"pgc-4047-2-0\"  class=\"panel-grid-cell\" ><div id=\"panel-4047-2-0-0\" class=\"so-panel widget widget_sow-editor panel-first-child panel-last-child\" data-index=\"6\" ><div\n\t\t\t\n\t\t\tclass=\"so-widget-sow-editor so-widget-sow-editor-base\"\n\t\t\t\n\t\t>\n<div class=\"siteorigin-widget-tinymce textwidget\">\n\t<div style=\"margin: auto;\" align=\"center\">\n<div align=\"center\">\n<h2><span class=\"notranslate\">Tarifele serviciilor de curierat interna\u021bional<\/span><\/h2>\n<p style=\"text-align: left;\"><span class=\"notranslate\">Parcelux\u00a0 livreaz\u0103 la nivel interna\u021bional \u00een anumite \u021b\u0103ri din Europa.<\/span>\u00a0<span class=\"notranslate\">Oferim unele dintre cele\u00a0<a href=\"https:\/\/parcelux.com\">mai ieftine tarife de expediere din SUA \u00een Europa<\/a> \u0219i serviciile noastre sunt printre cele mai apreciate de c\u0103tre clien\u021bi.<\/span>\u00a0<span class=\"notranslate\">Greutatea \u00een Statele Unite este m\u0103surat\u0103 \u00een livre sau lbs (1 kilogram este de aproximativ 2,2 lbs).<\/span>\u00a0<span class=\"notranslate\">C\u00e2nd expedia\u021bi produse din America, a\u0219a vor fi m\u0103surate coletele.<\/span><\/p>\n<\/div>\n<h3><span class=\"notranslate\">C\u00e2t de mult m\u0103 cost\u0103 s\u0103 trimit din SUA?<\/span><\/h3>\n<p style=\"text-align: left;\"><span class=\"notranslate\"><a href=\"https:\/\/parcelux.com\/ro\/serviciu-de-curierat-international\/#ipt-fsqm-popup-form-52\">Ob\u021bine\u021bi o ofert\u0103 de transport<\/a><\/span><br \/>\n<span class=\"notranslate\">Iat\u0103 c\u00e2teva exemple despre ce pute\u021bi ob\u021bine \u00een 10 lbs (re\u021bine\u021bi c\u0103 acestea sunt doar estim\u0103ri \u0219i c\u0103 pachetele variaz\u0103 \u00een func\u021bie de ambalajul \u0219i greutatea produsului):<\/span><\/p>\n<ul>\n<li style=\"text-align: left;\"><span class=\"notranslate\">5 perechi de pantofi<\/span><\/li>\n<\/ul>\n<p><span class=\"notranslate\">Tabelul de mai jos con\u021bine tarifele \u0219i greut\u0103\u021bile minime pentru expedierea pachetelor \u00een Europa, at\u00e2t pe calea aerului, c\u00e2t \u0219i pe mare.<\/span><\/p>\n<\/div>\n<p>&nbsp;<\/p>\n<div style=\"margin: auto;\" align=\"center\">\n<table class=\"dcf-table dcf-table-responsive dcf-table-bordered dcf-table-striped\">\n<caption><span class=\"notranslate\">Tarifele de transport variaz\u0103 \u00een func\u021bie de costurile de livrare ale \u021b\u0103rii \u0219i legile locale;<\/span>\u00a0<span class=\"notranslate\">Pachetele din Rusia sunt livrate la oficiul po\u0219tal<\/span><\/caption>\n<thead>\n<tr>\n<th scope=\"col\" data-label=\"Country\">\u021aara<\/th>\n<th scope=\"col\" data-label=\"Air Rates From\">Par Avion<\/th>\n<th scope=\"col\" data-label=\"Ocean Rates From\">Pe Ocean<\/th>\n<th scope=\"col\" data-label=\"Max Weight (per package)\">Greutate maxim\u0103 (per pachet)<\/th>\n<th scope=\"col\" data-label=\"Overweight Charge (Every lb over 66lbs)\">Taxa extra (Fiecare lb peste 66lbs)<\/th>\n<\/tr>\n<\/thead>\n<tbody>\n<tr>\n<td data-label=\"Country\">Curier interna\u021bional c\u0103tre Austria<\/td>\n<td data-label=\"Air Rates From\">$42.9\/10lbs<\/td>\n<td data-label=\"Ocean Rates From\">$38\/20lbs<\/td>\n<td data-label=\"Max Weight (per package)\">88lbs<\/td>\n<td data-label=\"Overweight Charge (Every lb over 66lbs)\">$1\/lb<\/td>\n<\/tr>\n<tr>\n<td data-label=\"Country\">Curier interna\u021bional c\u0103tre Belgia<\/td>\n<td data-label=\"Air Rates From\">$42.9\/10lbs<\/td>\n<td data-label=\"Ocean Rates From\">$38\/20lbs<\/td>\n<td data-label=\"Max Weight (per package)\">88lbs<\/td>\n<td data-label=\"Overweight Charge (Every lb over 66lbs)\">$1\/lb<\/td>\n<\/tr>\n<tr>\n<td data-label=\"Country\">Curier interna\u021bional c\u0103tre To Belorussia<\/td>\n<td data-label=\"Air Rates From\">$47.9\/10lbs<\/td>\n<td data-label=\"Ocean Rates From\">$38.9\/10lbs<\/td>\n<td data-label=\"Max Weight (per package)\">22lbs<\/td>\n<td data-label=\"Overweight Charge (Every lb over 66lbs)\">N\/A<\/td>\n<\/tr>\n<tr>\n<td data-label=\"Country\">Curier interna\u021bional c\u0103tre Bulgaria<\/td>\n<td data-label=\"Air Rates From\">$49.9\/10lbs<\/td>\n<td data-label=\"Ocean Rates From\">$32\/20lbs<\/td>\n<td data-label=\"Max Weight (per package)\">N\/A<\/td>\n<td data-label=\"Overweight Charge (Every lb over 66lbs)\">$1\/lb<\/td>\n<\/tr>\n<tr>\n<td data-label=\"Country\">Curier interna\u021bional c\u0103tre Croa\u021bia<\/td>\n<td data-label=\"Air Rates From\">$57.9\/10lbs<\/td>\n<td data-label=\"Ocean Rates From\">$40.25\/20lbs<\/td>\n<td data-label=\"Max Weight (per package)\">88lbs<\/td>\n<td data-label=\"Overweight Charge (Every lb over 66lbs)\">$1\/lb<\/td>\n<\/tr>\n<tr>\n<td data-label=\"Country\">Curier interna\u021bional c\u0103tre Republica Ceh\u0103<\/td>\n<td data-label=\"Air Rates From\">$39.9\/10lbs<\/td>\n<td data-label=\"Ocean Rates From\">$30.8\/20lbs<\/td>\n<td data-label=\"Max Weight (per package)\">88lbs<\/td>\n<td data-label=\"Overweight Charge (Every lb over 66lbs)\">$1\/lb<\/td>\n<\/tr>\n<tr>\n<td data-label=\"Country\">Curier interna\u021bional c\u0103tre Danemarca<\/td>\n<td data-label=\"Air Rates From\">$39.90\/10lbs<\/td>\n<td data-label=\"Ocean Rates From\">$38\/20lbs<\/td>\n<td data-label=\"Max Weight (per package)\">88lbs<\/td>\n<td data-label=\"Overweight Charge (Every lb over 66lbs)\">$1\/lb<\/td>\n<\/tr>\n<tr>\n<td data-label=\"Country\">Curier interna\u021bional c\u0103tre Estonia<\/td>\n<td data-label=\"Air Rates From\">$47\/10lbs<\/td>\n<td data-label=\"Ocean Rates From\">$38.8\/20lbs<\/td>\n<td data-label=\"Max Weight (per package)\">88lbs<\/td>\n<td data-label=\"Overweight Charge (Every lb over 66lbs)\">$1\/lb<\/td>\n<\/tr>\n<tr>\n<td data-label=\"Country\">Curier interna\u021bional c\u0103tre Finlanda<\/td>\n<td data-label=\"Air Rates From\">$49.9\/10lbs<\/td>\n<td data-label=\"Ocean Rates From\">$54.8\/20lbs<\/td>\n<td data-label=\"Max Weight (per package)\">88lbs<\/td>\n<td data-label=\"Overweight Charge (Every lb over 66lbs)\">$1\/lb<\/td>\n<\/tr>\n<tr>\n<td data-label=\"Country\">Curier interna\u021bional c\u0103tre Fran\u021ba<\/td>\n<td data-label=\"Air Rates From\">$44.9\/10lbs<\/td>\n<td data-label=\"Ocean Rates From\">$41\/20lbs<\/td>\n<td data-label=\"Max Weight (per package)\">88lbs<\/td>\n<td data-label=\"Overweight Charge (Every lb over 66lbs)\">$1\/lb<\/td>\n<\/tr>\n<tr>\n<td data-label=\"Country\">Curier interna\u021bional c\u0103tre Germania<\/td>\n<td data-label=\"Air Rates From\">$35.9\/10lbs<\/td>\n<td data-label=\"Ocean Rates From\">$34.8\/20lbs<\/td>\n<td data-label=\"Max Weight (per package)\">88lbs<\/td>\n<td data-label=\"Overweight Charge (Every lb over 66lbs)\">$1\/lb<\/td>\n<\/tr>\n<tr>\n<td data-label=\"Country\">Curier interna\u021bional c\u0103tre Grecia<\/td>\n<td data-label=\"Air Rates From\">$57\/10lbs<\/td>\n<td data-label=\"Ocean Rates From\">$55\/20lbs<\/td>\n<td data-label=\"Max Weight (per package)\">88lbs<\/td>\n<td data-label=\"Overweight Charge (Every lb over 66lbs)\">$1\/lb<\/td>\n<\/tr>\n<tr>\n<td data-label=\"Country\">Curier interna\u021bional c\u0103tre Ungaria<\/td>\n<td data-label=\"Air Rates From\">$39.9\/10lbs<\/td>\n<td data-label=\"Ocean Rates From\">$38\/20lbs<\/td>\n<td data-label=\"Max Weight (per package)\">88lbs<\/td>\n<td data-label=\"Overweight Charge (Every lb over 66lbs)\">$1\/lb<\/td>\n<\/tr>\n<tr>\n<td data-label=\"Country\">Curier interna\u021bional c\u0103tre Irlanda<\/td>\n<td data-label=\"Air Rates From\">$54.9\/10lbs<\/td>\n<td data-label=\"Ocean Rates From\">$53\/20lbs<\/td>\n<td data-label=\"Max Weight (per package)\">88lbs<\/td>\n<td data-label=\"Overweight Charge (Every lb over 66lbs)\">$1\/lb<\/td>\n<\/tr>\n<tr>\n<td data-label=\"Country\">Curier interna\u021bional c\u0103tre Italia<\/td>\n<td data-label=\"Air Rates From\">$42.9\/10lbs<\/td>\n<td data-label=\"Ocean Rates From\">$38\/20lbs<\/td>\n<td data-label=\"Max Weight (per package)\">88lbs<\/td>\n<td data-label=\"Overweight Charge (Every lb over 66lbs)\">$1\/lb<\/td>\n<\/tr>\n<tr>\n<td data-label=\"Country\">Curier interna\u021bional c\u0103tre Latvia<\/td>\n<td data-label=\"Air Rates From\">$47\/10lbs<\/td>\n<td data-label=\"Ocean Rates From\">$38.8\/20lbs<\/td>\n<td data-label=\"Max Weight (per package)\">88lbs<\/td>\n<td data-label=\"Overweight Charge (Every lb over 66lbs)\">$1\/lb<\/td>\n<\/tr>\n<tr>\n<td data-label=\"Country\">Curier interna\u021bional c\u0103tre Lituania<\/td>\n<td data-label=\"Air Rates From\">$37\/10lbs<\/td>\n<td data-label=\"Ocean Rates From\">$28.2<\/td>\n<td data-label=\"Max Weight (per package)\">N\/A<\/td>\n<td data-label=\"Overweight Charge (Every lb over 66lbs)\">$1\/lb<\/td>\n<\/tr>\n<tr>\n<td data-label=\"Country\">Curier interna\u021bional c\u0103tre Luxembourg<\/td>\n<td data-label=\"Air Rates From\">$37.9\/10lbs<\/td>\n<td data-label=\"Ocean Rates From\">$38\/20lbs<\/td>\n<td data-label=\"Max Weight (per package)\">88lbs<\/td>\n<td data-label=\"Overweight Charge (Every lb over 66lbs)\">$1\/lb<\/td>\n<\/tr>\n<tr>\n<td data-label=\"Country\">Curier interna\u021bional c\u0103tre Moldova<\/td>\n<td data-label=\"Air Rates From\">$49.9\/10lbs<\/td>\n<td data-label=\"Ocean Rates From\">$43.8\/20lbs<\/td>\n<td data-label=\"Max Weight (per package)\">88lbs<\/td>\n<td data-label=\"Overweight Charge (Every lb over 66lbs)\">$1\/lb<\/td>\n<\/tr>\n<tr>\n<td data-label=\"Country\">Curier interna\u021bional c\u0103tre Olanda<\/td>\n<td data-label=\"Air Rates From\">$37.9\/10lbs<\/td>\n<td data-label=\"Ocean Rates From\">$38\/20lbs<\/td>\n<td data-label=\"Max Weight (per package)\">88lbs<\/td>\n<td data-label=\"Overweight Charge (Every lb over 66lbs)\">$1\/lb<\/td>\n<\/tr>\n<tr>\n<td data-label=\"Country\">Curier interna\u021bional c\u0103tre Norvegia<\/td>\n<td data-label=\"Air Rates From\">$64.9\/10lbs<\/td>\n<td data-label=\"Ocean Rates From\">$64.8\/20lbs<\/td>\n<td data-label=\"Max Weight (per package)\">44lbs<\/td>\n<td data-label=\"Overweight Charge (Every lb over 66lbs)\">$1\/lb<\/td>\n<\/tr>\n<tr>\n<td data-label=\"Country\">Curier interna\u021bional c\u0103tre Polonia<\/td>\n<td data-label=\"Air Rates From\">$19.96\/4lbs<\/td>\n<td data-label=\"Ocean Rates From\">$17.1\/15lbs<\/td>\n<td data-label=\"Max Weight (per package)\">110lbs<\/td>\n<td data-label=\"Overweight Charge (Every lb over 66lbs)\">$1\/lb<\/td>\n<\/tr>\n<tr>\n<td data-label=\"Country\">Curier interna\u021bional c\u0103tre Portugalia<\/td>\n<td data-label=\"Air Rates From\">$44.9\/10lbs<\/td>\n<td data-label=\"Ocean Rates From\">$43.8\/20lbs<\/td>\n<td data-label=\"Max Weight (per package)\">88lbs<\/td>\n<td data-label=\"Overweight Charge (Every lb over 66lbs)\">$1\/lb<\/td>\n<\/tr>\n<tr>\n<td data-label=\"Country\">Curier interna\u021bional c\u0103tre Rom\u00e2nia<\/td>\n<td data-label=\"Air Rates From\">$39.9\/10lbs<\/td>\n<td data-label=\"Ocean Rates From\">$20\/20lbs<\/td>\n<td data-label=\"Max Weight (per package)\">N\/A<\/td>\n<td data-label=\"Overweight Charge (Every lb over 66lbs)\">$1\/lb<\/td>\n<\/tr>\n<tr>\n<td data-label=\"Country\">Curier interna\u021bional c\u0103tre Rusia<\/td>\n<td data-label=\"Air Rates From\">$56.9<\/td>\n<td data-label=\"Ocean Rates From\">N\/A<\/td>\n<td data-label=\"Max Weight (per package)\">66lbs<\/td>\n<td data-label=\"Overweight Charge (Every lb over 66lbs)\">N\/A<\/td>\n<\/tr>\n<tr>\n<td data-label=\"Country\">Curier interna\u021bional c\u0103tre Slovakia<\/td>\n<td data-label=\"Air Rates From\">$39.9\/10lbs<\/td>\n<td data-label=\"Ocean Rates From\">$30.8\/20lbs<\/td>\n<td data-label=\"Max Weight (per package)\">88lbs<\/td>\n<td data-label=\"Overweight Charge (Every lb over 66lbs)\">$1\/lb<\/td>\n<\/tr>\n<tr>\n<td data-label=\"Country\">Curier interna\u021bional c\u0103tre Slovenia<\/td>\n<td data-label=\"Air Rates From\">$39.9\/10lbs<\/td>\n<td data-label=\"Ocean Rates From\">$38\/20lbs<\/td>\n<td data-label=\"Max Weight (per package)\">88lbs<\/td>\n<td data-label=\"Overweight Charge (Every lb over 66lbs)\">$1\/lb<\/td>\n<\/tr>\n<tr>\n<td data-label=\"Country\">Curier interna\u021bional c\u0103tre Spania<\/td>\n<td data-label=\"Air Rates From\">$48.9\/10lbs<\/td>\n<td data-label=\"Ocean Rates From\">$48\/20lbs<\/td>\n<td data-label=\"Max Weight (per package)\">88lbs<\/td>\n<td data-label=\"Overweight Charge (Every lb over 66lbs)\">$1\/lb<\/td>\n<\/tr>\n<tr>\n<td data-label=\"Country\">Curier interna\u021bional c\u0103tre Suedia<\/td>\n<td data-label=\"Air Rates From\">$46.9\/10lbs<\/td>\n<td data-label=\"Ocean Rates From\">$43\/20lbs<\/td>\n<td data-label=\"Max Weight (per package)\">88lbs<\/td>\n<td data-label=\"Overweight Charge (Every lb over 66lbs)\">$1\/lb<\/td>\n<\/tr>\n<tr>\n<td data-label=\"Country\">Curier interna\u021bional c\u0103tre Elve\u021bia<\/td>\n<td data-label=\"Air Rates From\">$41.9\/10lbs<\/td>\n<td data-label=\"Ocean Rates From\">$43\/20lbs<\/td>\n<td data-label=\"Max Weight (per package)\">88lbs<\/td>\n<td data-label=\"Overweight Charge (Every lb over 66lbs)\">$1\/lb<\/td>\n<\/tr>\n<tr>\n<td data-label=\"Country\">Curier interna\u021bional c\u0103tre Serbia<\/td>\n<td data-label=\"Air Rates From\">$79.9\/10lbs<\/td>\n<td data-label=\"Ocean Rates From\">$77\/20lbs<\/td>\n<td data-label=\"Max Weight (per package)\">100lbs<\/td>\n<td data-label=\"Overweight Charge (Every lb over 66lbs)\">N\/A<\/td>\n<\/tr>\n<tr>\n<td data-label=\"Country\">Curier interna\u021bional c\u0103tre Ukraina<\/td>\n<td data-label=\"Air Rates From\">$44.9\/10lbs<\/td>\n<td data-label=\"Ocean Rates From\">$31\/20lbs<\/td>\n<td data-label=\"Max Weight (per package)\">110lbs<\/td>\n<td data-label=\"Overweight Charge (Every lb over 66lbs)\">N\/A<\/td>\n<\/tr>\n<tr>\n<td data-label=\"Country\">Curier interna\u021bional c\u0103tre Anglia &amp; UK<\/td>\n<td data-label=\"Air Rates From\">$34.9\/10lbs<\/td>\n<td data-label=\"Ocean Rates From\">$38.8\/20lbs<\/td>\n<td data-label=\"Max Weight (per package)\">88lbs<\/td>\n<td data-label=\"Overweight Charge (Every lb over 66lbs)\">$1\/lb<\/td>\n<\/tr>\n<tr>\n<td data-label=\"Country\">Curier interna\u021bional c\u0103tre Uzbekistan<\/td>\n<td data-label=\"Air Rates From\">$72.5\/10lbs<\/td>\n<td data-label=\"Ocean Rates From\">N\/A<\/td>\n<td data-label=\"Max Weight (per package)\">66lbs<\/td>\n<td data-label=\"Overweight Charge (Every lb over 66lbs)\">N\/A<\/td>\n<\/tr>\n<\/tbody>\n<\/table>\n<\/div>\n<\/div>\n<\/div><\/div><\/div><\/div><\/div><\/div>","protected":false},"excerpt":{"rendered":"<p>Ce este un serviciu de curierat interna\u021bional? Este un serviciu care faciliteaz\u0103 livrarea coletelor pentru clien\u021bii interna\u021bionali.\u00a0Exist\u0103 2 op\u021biuni majore c\u00e2nd vine vorba de serviciile de curierat interna\u021bional: curierat aerian (par avion) &#8211; de obicei asociat cu serviciile de curierat expres, pentru transporturile rapide curieat oceanic\u00a0&#8211; de obicei asociat cu transportul interna\u021bional ieftin, pentru persoanele &hellip;<\/p>\n","protected":false},"author":7,"featured_media":3809,"parent":0,"menu_order":0,"comment_status":"closed","ping_status":"open","template":"","meta":{"_acf_changed":false,"_seopress_robots_primary_cat":"","_seopress_titles_title":"","_seopress_titles_desc":"","_seopress_robots_index":"","inline_featured_image":false,"footnotes":""},"class_list":["post-4047","page","type-page","status-publish","has-post-thumbnail","hentry"],"acf":[],"_links":{"self":[{"href":"https:\/\/parcelux.com\/ro\/wp-json\/wp\/v2\/pages\/4047","targetHints":{"allow":["GET"]}}],"collection":[{"href":"https:\/\/parcelux.com\/ro\/wp-json\/wp\/v2\/pages"}],"about":[{"href":"https:\/\/parcelux.com\/ro\/wp-json\/wp\/v2\/types\/page"}],"author":[{"embeddable":true,"href":"https:\/\/parcelux.com\/ro\/wp-json\/wp\/v2\/users\/7"}],"replies":[{"embeddable":true,"href":"https:\/\/parcelux.com\/ro\/wp-json\/wp\/v2\/comments?post=4047"}],"version-history":[{"count":0,"href":"https:\/\/parcelux.com\/ro\/wp-json\/wp\/v2\/pages\/4047\/revisions"}],"wp:featuredmedia":[{"embeddable":true,"href":"https:\/\/parcelux.com\/ro\/wp-json\/wp\/v2\/media\/3809"}],"wp:attachment":[{"href":"https:\/\/parcelux.com\/ro\/wp-json\/wp\/v2\/media?parent=4047"}],"curies":[{"name":"wp","href":"https:\/\/api.w.org\/{rel}","templated":true}]}}