{"id":4040,"date":"2020-01-02T16:12:29","date_gmt":"2020-01-02T22:12:29","guid":{"rendered":"https:\/\/parcelux.com\/?page_id=4040"},"modified":"2020-01-02T17:08:46","modified_gmt":"2020-01-02T23:08:46","slug":"ambalare-stocare","status":"publish","type":"page","link":"https:\/\/parcelux.com\/ro\/ambalare-stocare\/","title":{"rendered":"Ambalare \u0218i Stocare"},"content":{"rendered":"<div id=\"pl-4040\"  class=\"panel-layout\" ><div id=\"pg-4040-0\"  class=\"panel-grid panel-no-style\" ><div id=\"pgc-4040-0-0\"  class=\"panel-grid-cell\" ><div id=\"panel-4040-0-0-0\" class=\"so-panel widget widget_sow-editor panel-first-child panel-last-child\" data-index=\"0\" ><div\n\t\t\t\n\t\t\tclass=\"so-widget-sow-editor so-widget-sow-editor-base\"\n\t\t\t\n\t\t>\n<div class=\"siteorigin-widget-tinymce textwidget\">\n\t<h2><span class=\"notranslate\">Servicii de ambalare<\/span><\/h2>\n<p><span class=\"notranslate\">Toate coletele noastre interna\u021bionale beneficiaz\u0103 de servicii suplimentare de ambalare, consolidare (combinare a pachetelor mai mici \u00eentr-unul mai mare) \u0219i verificare.<\/span><\/p>\n<h3><span class=\"notranslate\">C\u00e2nd primim pachetele<\/span><\/h3>\n<p><span class=\"notranslate\">Facem poze \u0219i not\u0103m orice daune pe formularul de primire (dac\u0103 este cazul).<\/span>\u00a0<span class=\"notranslate\">Colabor\u0103m cu transportatorul po\u0219tal pentru a depune o cerere de desp\u0103gubire, dac\u0103 este necesar.<\/span><\/p>\n<h3><span class=\"notranslate\">Servicii de consolidare<\/span><\/h3>\n<p><span class=\"notranslate\">Dac\u0103 ave\u021bi mai multe pachete, le putem reduce num\u0103rul \u0219i le putem consolida \u00een pachete mai mari.<\/span>\u00a0<span class=\"notranslate\">Acest lucru v\u0103 va ajuta s\u0103 v\u0103 economisi\u021bi bani \u0219i timp:<\/span><\/p>\n<ul>\n<li><span class=\"notranslate\">dac\u0103 nu \u00eendeplini\u021bi cerin\u021bele de greutate pentru pachete mai mici.<\/span>\u00a0<span class=\"notranslate\">Exist\u0103 o tax\u0103 de greutate minim\u0103 pe care va trebui s\u0103 o pl\u0103ti\u021bi chiar dac\u0103 pachetul dvs. este mai mic dec\u00e2t at\u00e2t<\/span><\/li>\n<li><span class=\"notranslate\">este mai u\u0219or s\u0103 urm\u0103ri\u021bi loca\u021bia la 2-3 pachete dec\u00e2t s\u0103 urm\u0103ri\u021bi 15-20 de pachete<\/span><\/li>\n<\/ul>\n<\/div>\n<\/div><\/div><\/div><div id=\"pgc-4040-0-1\"  class=\"panel-grid-cell\" ><div id=\"panel-4040-0-1-0\" class=\"so-panel widget widget_sow-editor panel-first-child\" data-index=\"1\" ><div class=\"featured-widget panel-widget-style panel-widget-style-for-4040-0-1-0\" ><div\n\t\t\t\n\t\t\tclass=\"so-widget-sow-editor so-widget-sow-editor-base\"\n\t\t\t\n\t\t>\n<div class=\"siteorigin-widget-tinymce textwidget\">\n\t<p><img loading=\"lazy\" decoding=\"async\" class=\"aligncenter wp-image-1513 size-full\" src=\"https:\/\/parcelux.com\/wp-content\/uploads\/2019\/10\/us-map.png\" alt=\"us map\" width=\"51\" height=\"51\" \/><\/p>\n<ol id=\"home\">\n<li>Te ajut\u0103m sa gase\u0219ti orice tip de produse la cele mai bune magazine online din America<\/li>\n<li>I\u021bi oferim propria ta adres\u0103 virtual\u0103 SUA. Gratuit.<\/li>\n<li>Primim comenzile tale si \u021bi le livr\u0103m la domiciliu. In timp record.<\/li>\n<\/ol>\n<\/div>\n<\/div><\/div><\/div><div id=\"panel-4040-0-1-1\" class=\"so-panel widget widget_black-studio-tinymce widget_black_studio_tinymce panel-last-child\" data-index=\"2\" ><div class=\"textwidget\"><p><img loading=\"lazy\" decoding=\"async\" class=\"aligncenter wp-image-2744 size-full\" src=\"https:\/\/parcelux.com\/wp-content\/uploads\/2019\/11\/packaging.jpg\" alt=\"tv in cutie orginal\u0103\" width=\"848\" height=\"480\" srcset=\"https:\/\/parcelux.com\/wp-content\/uploads\/2019\/11\/packaging.jpg 848w, https:\/\/parcelux.com\/wp-content\/uploads\/2019\/11\/packaging-600x340.jpg 600w, https:\/\/parcelux.com\/wp-content\/uploads\/2019\/11\/packaging-360x204.jpg 360w, https:\/\/parcelux.com\/wp-content\/uploads\/2019\/11\/packaging-300x170.jpg 300w, https:\/\/parcelux.com\/wp-content\/uploads\/2019\/11\/packaging-768x435.jpg 768w\" sizes=\"auto, (max-width: 848px) 100vw, 848px\" \/><\/p>\n<\/div><\/div><\/div><\/div><div id=\"pg-4040-1\"  class=\"panel-grid panel-has-style\" ><div class=\"siteorigin-panels-stretch panel-row-style panel-row-style-for-4040-1\" data-stretch-type=\"full\" ><div id=\"pgc-4040-1-0\"  class=\"panel-grid-cell\" ><div id=\"panel-4040-1-0-0\" class=\"so-panel widget widget_pw_call_to_action widget-call-to-action panel-first-child\" data-index=\"3\" ><div class=\"widget-title--big panel-widget-style panel-widget-style-for-4040-1-0-0\" >\t\t\t\t<div class=\"call-to-action\">\n\t\t\t\t\t<div class=\"call-to-action__text\">\n\t\t\t\t\t\tParcelux ofer\u0103 cele mai convenabile servicii de comenzi din SUA\t\t\t\t\t<\/div>\n\t\t\t\t\t<div class=\"call-to-action__button\">\n\t\t\t\t\t\t<a class=\"btn    btn-primary\" href=\"#ipt-fsqm-popup-form-52\" target=\"_self\">Estimeaz\u0103 trasnsportul<\/a>.\t\t\t\t\t<\/div>\n\t\t\t\t<\/div>\n\t\t\t<\/div><\/div><div id=\"panel-4040-1-0-1\" class=\"so-panel widget widget_pw_testimonials widget-testimonials\" data-index=\"4\" >\n\t<div class=\"testimonial\">\n\t\t\t\t\t<a class=\"testimonial__carousel  testimonial__carousel--left\" href=\"#carousel-testimonials-widget-1-0-1\" data-slide=\"prev\"><i class=\"fa  fa-chevron-left\" aria-hidden=\"true\"><\/i><span class=\"sr-only\" role=\"button\">Next<\/span><\/a>\n\t\t\n\t\t<h3 class=\"widget-title\"><span class=\"widget-title__inline\">Recenzii<\/span><\/h3>\n\t\t\t\t\t<a class=\"testimonial__carousel  testimonial__carousel--right\" href=\"#carousel-testimonials-widget-1-0-1\" data-slide=\"next\"><i class=\"fa  fa-chevron-right\" aria-hidden=\"true\"><\/i><span class=\"sr-only\" role=\"button\">Previous<\/span><\/a>\n\t\t\n\t\t<div id=\"carousel-testimonials-widget-1-0-1\" class=\"carousel slide\" data-ride=\"carousel\" data-interval=\"7000\">\n\t\t\t<!-- Wrapper for slides -->\n\t\t\t<div class=\"carousel-inner\" role=\"listbox\">\n\t\t\t\t<div class=\"item active\">\n\t\t\t\t\t<div class=\"row\">\n\t\t\t\t\t\t\t\t\t\t\t\t\t\t\t\t\t\t\t\t<div class=\"col-12  col-sm-6\">\n\t\t\t\t\t\t\t\t<blockquote>\n\t\t\t\t\t\t\t\t\t<p class=\"testimonial__quote\">\n\t\t\t\t\t\t\t\t\t\tCautam o companie cu care sa comand din SUA si sa ma ajute sa cumpar din America si sa transport niste scule de specialitate in Romania. Parcelux m-a ajutat sa gasesc cele mai bune siteuri pentru unelte de specialitate si mi-au oferit si servicii de transport internationale. Sunt una dintre cele mai bune companii de transport pachete din SUA, ii recomand cu incredere.\t\t\t\t\t\t\t\t\t<\/p>\n\t\t\t\t\t\t\t\t\t<cite class=\"testimonial__author\">\n\t\t\t\t\t\t\t\t\t\tVasile S.\t\t\t\t\t\t\t\t\t<\/cite>\n\n\t\t\t\t\t\t\t\t\t\t\t\t\t\t\t\t\t\t\t<div class=\"testimonial__author-description\">\n\t\t\t\t\t\t\t\t\t\t\tContractant\t\t\t\t\t\t\t\t\t\t<\/div>\n\t\t\t\t\t\t\t\t\t\n\t\t\t\t\t\t\t\t\t\n\t\t\t\t\t\t\t\t\t\t\t\t\t\t\t\t\t<\/blockquote>\n\t\t\t\t\t\t\t<\/div>\n\t\t\t\t\t\t\t\t\t\t\t\t\t\t\t\t\t\t\t\t<div class=\"col-12  col-sm-6\">\n\t\t\t\t\t\t\t\t<blockquote>\n\t\t\t\t\t\t\t\t\t<p class=\"testimonial__quote\">\n\t\t\t\t\t\t\t\t\t\tserviciu de calitate, livrare rapida! de incredere!\t\t\t\t\t\t\t\t\t<\/p>\n\t\t\t\t\t\t\t\t\t<cite class=\"testimonial__author\">\n\t\t\t\t\t\t\t\t\t\tMike S.\t\t\t\t\t\t\t\t\t<\/cite>\n\n\t\t\t\t\t\t\t\t\t\t\t\t\t\t\t\t\t\t\t<div class=\"testimonial__author-description\">\n\t\t\t\t\t\t\t\t\t\t\tInfluencer\t\t\t\t\t\t\t\t\t\t<\/div>\n\t\t\t\t\t\t\t\t\t\n\t\t\t\t\t\t\t\t\t\n\t\t\t\t\t\t\t\t\t\t\t\t\t\t\t\t\t<\/blockquote>\n\t\t\t\t\t\t\t<\/div>\n\t\t\t\t\t\t\t\t\t\t\t\t\t<\/div><\/div> <div class=\"item\"><div class=\"row\">\t\t\t\t\t\t\t<div class=\"col-12  col-sm-6\">\n\t\t\t\t\t\t\t\t<blockquote>\n\t\t\t\t\t\t\t\t\t<p class=\"testimonial__quote\">\n\t\t\t\t\t\t\t\t\t\tAm comandat un produs de pe un site care livreaza doar in SUA pe adresa lor si ei mii l au trimis in Romania la un pret excelent.Pachetul a ajuns intr o stare excelenta.O sa mai comand prin Parcelux.Recomand.\t\t\t\t\t\t\t\t\t<\/p>\n\t\t\t\t\t\t\t\t\t<cite class=\"testimonial__author\">\n\t\t\t\t\t\t\t\t\t\tAlexandru L.\t\t\t\t\t\t\t\t\t<\/cite>\n\n\t\t\t\t\t\t\t\t\t\t\t\t\t\t\t\t\t\t\t<div class=\"testimonial__author-description\">\n\t\t\t\t\t\t\t\t\t\t\tPreot\t\t\t\t\t\t\t\t\t\t<\/div>\n\t\t\t\t\t\t\t\t\t\n\t\t\t\t\t\t\t\t\t\n\t\t\t\t\t\t\t\t\t\t\t\t\t\t\t\t\t<\/blockquote>\n\t\t\t\t\t\t\t<\/div>\n\t\t\t\t\t\t\t\t\t\t\t\t\t\t\t\t\t\t\t\t<div class=\"col-12  col-sm-6\">\n\t\t\t\t\t\t\t\t<blockquote>\n\t\t\t\t\t\t\t\t\t<p class=\"testimonial__quote\">\n\t\t\t\t\t\t\t\t\t\tAm comandat 2 po\u0219ete si o pereche de cizme de la Michael Kors prin Parcelux. La inceput nu am \u0219tiut ca este posibil sa faci comenzi in SUA si sa vin\u0103 a\u0219a de repede. Serviciile lor de facilitare comenzi si de transport de pachete sunt bune, de \u00eencredere si rapide. O sa continuu sa comand prin Parcelux din America si \u00eei recomand cu cea mai mare \u00eencredere.\t\t\t\t\t\t\t\t\t<\/p>\n\t\t\t\t\t\t\t\t\t<cite class=\"testimonial__author\">\n\t\t\t\t\t\t\t\t\t\tFlori R\t\t\t\t\t\t\t\t\t<\/cite>\n\n\t\t\t\t\t\t\t\t\t\t\t\t\t\t\t\t\t\t\t<div class=\"testimonial__author-description\">\n\t\t\t\t\t\t\t\t\t\t\tFashionista\t\t\t\t\t\t\t\t\t\t<\/div>\n\t\t\t\t\t\t\t\t\t\n\t\t\t\t\t\t\t\t\t\n\t\t\t\t\t\t\t\t\t\t\t\t\t\t\t\t\t<\/blockquote>\n\t\t\t\t\t\t\t<\/div>\n\t\t\t\t\t\t\t\t\t\t\t<\/div>\n\t\t\t\t<\/div>\n\t\t\t<\/div>\n\t\t<\/div>\n\t<\/div>\n\n<\/div><div id=\"panel-4040-1-0-2\" class=\"so-panel widget widget_sow-editor panel-last-child\" data-index=\"5\" ><div\n\t\t\t\n\t\t\tclass=\"so-widget-sow-editor so-widget-sow-editor-base\"\n\t\t\t\n\t\t>\n<div class=\"siteorigin-widget-tinymce textwidget\">\n\t<script type=\"text\/javascript\">\n\tif ( window.iptFSQMModalPopupForms == undefined ) {\n\t\twindow.iptFSQMModalPopupForms = [];\n\t}\n\twindow.iptFSQMModalPopupForms[window.iptFSQMModalPopupForms.length] = {\"label\":\"Shipping Quote\",\"color\":\"#ffffff\",\"bgcolor\":\"#3c609e\",\"position\":\"h\",\"style\":\"rect\",\"header\":\"Shipping Quote\",\"subtitle\":\"\",\"icon\":\"fa fa-file-text\",\"width\":\"600\",\"formID\":\"52\",\"url\":\"https:\\\/\\\/parcelux.com\\\/ro\\\/eforms\\\/shipping-quote\\\/52\\\/\"};\n<\/script>\n\t\t\n<\/div>\n<\/div><\/div><\/div><\/div><\/div><div id=\"pg-4040-2\"  class=\"panel-grid panel-no-style\" ><div id=\"pgc-4040-2-0\"  class=\"panel-grid-cell\" ><div id=\"panel-4040-2-0-0\" class=\"so-panel widget widget_sow-editor panel-first-child panel-last-child\" data-index=\"6\" ><div\n\t\t\t\n\t\t\tclass=\"so-widget-sow-editor so-widget-sow-editor-base\"\n\t\t\t\n\t\t>\n<div class=\"siteorigin-widget-tinymce textwidget\">\n\t<div id=\"pg-2527-2\" class=\"panel-grid panel-no-style\">\n<div id=\"pgc-2527-2-0\" class=\"panel-grid-cell\">\n<div id=\"panel-2527-2-0-0\" class=\"so-panel widget widget_black-studio-tinymce widget_black_studio_tinymce panel-first-child panel-last-child\" data-index=\"5\">\n<div class=\"textwidget\">\n<h3><span class=\"notranslate\">Ambalare<\/span><\/h3>\n<p><span class=\"notranslate\">Cea mai mare parte a consolid\u0103rii coletelor este inclus\u0103 \u00een serviciile noastre de transport.<\/span>\u00a0<span class=\"notranslate\">Cu toate acestea, dac\u0103 ave\u021bi cerin\u021be speciale, se pot aplica taxe suplimentare.<\/span>\u00a0<span class=\"notranslate\">C\u00e2teva exemple de lucruri pentru care tax\u0103m suplimentar sunt:<\/span><\/p>\n<ul>\n<li><span class=\"notranslate\">cutii de plastic<\/span><\/li>\n<li><span class=\"notranslate\">rame din lemn \u0219i placaj<\/span><\/li>\n<li><span class=\"notranslate\">c\u0103ptu\u0219eal\u0103 din plastic<\/span><\/li>\n<li><span class=\"notranslate\">perne de aer<\/span><\/li>\n<li><span class=\"notranslate\">cutii personalizate<\/span><\/li>\n<li>cutii suplimentare<\/li>\n<\/ul>\n<p><span class=\"notranslate\">V\u0103 putem oferi o cot\u0103 atunci c\u00e2nd efectua\u021bi comanda sau c\u00e2nd primim pachetul, dac\u0103 nu ave\u021bi dimensiunile exacte.<\/span><\/p>\n<h3><span class=\"notranslate\">Stocarea coletelor<\/span><\/h3>\n<p><span class=\"notranslate\">Toate pachetele au 10 zile de stocare gratuit\u0103 (cu excep\u021bia pachetelor supradimensionate).<\/span>\u00a0<span class=\"notranslate\">At\u00e2t transporturile aeriene c\u00e2t \u0219i oceanice pleac\u0103 de la Parcelux s\u0103pt\u0103m\u00e2nal.<\/span><\/p>\n<\/div>\n<\/div>\n<\/div>\n<\/div>\n<div id=\"pg-2527-3\" class=\"panel-grid panel-no-style\">\n<div id=\"pgc-2527-3-0\" class=\"panel-grid-cell\">\n<div id=\"panel-2527-3-0-0\" class=\"so-panel widget widget_sow-editor panel-first-child panel-last-child\" data-index=\"6\">\n<div class=\"so-widget-sow-editor so-widget-sow-editor-base\">\n<div class=\"siteorigin-widget-tinymce textwidget\">\n<p><span class=\"notranslate\">Parcelux ofer\u0103 toate serviciile de mai sus \u0219i multe altele<\/span><\/p>\n<\/div>\n<\/div>\n<\/div>\n<\/div>\n<\/div>\n<\/div>\n<\/div><\/div><\/div><\/div><\/div>","protected":false},"excerpt":{"rendered":"<p>Servicii de ambalare Toate coletele noastre interna\u021bionale beneficiaz\u0103 de servicii suplimentare de ambalare, consolidare (combinare a pachetelor mai mici \u00eentr-unul mai mare) \u0219i verificare. C\u00e2nd primim pachetele Facem poze \u0219i not\u0103m orice daune pe formularul de primire (dac\u0103 este cazul).\u00a0Colabor\u0103m cu transportatorul po\u0219tal pentru a depune o cerere de desp\u0103gubire, dac\u0103 este necesar. Servicii de &hellip;<\/p>\n","protected":false},"author":7,"featured_media":3837,"parent":0,"menu_order":0,"comment_status":"closed","ping_status":"open","template":"","meta":{"_acf_changed":false,"_seopress_robots_primary_cat":"","_seopress_titles_title":"","_seopress_titles_desc":"","_seopress_robots_index":"","inline_featured_image":false,"footnotes":""},"class_list":["post-4040","page","type-page","status-publish","has-post-thumbnail","hentry"],"acf":[],"_links":{"self":[{"href":"https:\/\/parcelux.com\/ro\/wp-json\/wp\/v2\/pages\/4040","targetHints":{"allow":["GET"]}}],"collection":[{"href":"https:\/\/parcelux.com\/ro\/wp-json\/wp\/v2\/pages"}],"about":[{"href":"https:\/\/parcelux.com\/ro\/wp-json\/wp\/v2\/types\/page"}],"author":[{"embeddable":true,"href":"https:\/\/parcelux.com\/ro\/wp-json\/wp\/v2\/users\/7"}],"replies":[{"embeddable":true,"href":"https:\/\/parcelux.com\/ro\/wp-json\/wp\/v2\/comments?post=4040"}],"version-history":[{"count":0,"href":"https:\/\/parcelux.com\/ro\/wp-json\/wp\/v2\/pages\/4040\/revisions"}],"wp:featuredmedia":[{"embeddable":true,"href":"https:\/\/parcelux.com\/ro\/wp-json\/wp\/v2\/media\/3837"}],"wp:attachment":[{"href":"https:\/\/parcelux.com\/ro\/wp-json\/wp\/v2\/media?parent=4040"}],"curies":[{"name":"wp","href":"https:\/\/api.w.org\/{rel}","templated":true}]}}