{"id":4032,"date":"2020-01-02T15:48:32","date_gmt":"2020-01-02T21:48:32","guid":{"rendered":"https:\/\/parcelux.com\/?page_id=4032"},"modified":"2020-01-03T12:14:50","modified_gmt":"2020-01-03T18:14:50","slug":"transport-aerian-din-america-in-romania","status":"publish","type":"page","link":"https:\/\/parcelux.com\/ro\/transport-aerian-din-america-in-romania\/","title":{"rendered":"Transport Par Avion din America \u00cen Rom\u00e2nia"},"content":{"rendered":"<div id=\"pl-4032\"  class=\"panel-layout\" ><div id=\"pg-4032-0\"  class=\"panel-grid panel-no-style\" ><div id=\"pgc-4032-0-0\"  class=\"panel-grid-cell\" ><div id=\"panel-4032-0-0-0\" class=\"so-panel widget widget_sow-editor panel-first-child panel-last-child\" data-index=\"0\" ><div\n\t\t\t\n\t\t\tclass=\"so-widget-sow-editor so-widget-sow-editor-base\"\n\t\t\t\n\t\t>\n<div class=\"siteorigin-widget-tinymce textwidget\">\n\t<h2><span class=\"notranslate\">Transport aerian interna\u021bional \u0219i expediere<\/span><\/h2>\n<p><span class=\"notranslate\">Cre\u0219terea rapid\u0103 a comer\u021bului digital a cauzat o cerere crescut\u0103 pentru serviciile de transport aerian interna\u021bional, deoarece cump\u0103r\u0103torii din \u00eentreaga lume caut\u0103 modalit\u0103\u021bi de a ob\u021bine produsele dorite c\u00e2t mai repede posibil.<\/span>\u00a0<span class=\"notranslate\">De\u0219i transportul par avion este un procent mic din totalul transporturilor de marf\u0103 la nivel global, de obicei reprezint\u0103 un mod mai rapid \u0219i mai sigur de a transporta pachetele la nivel interna\u021bional.<\/span><\/p>\n<h2><span class=\"notranslate\">Ce este un expeditor de transport aerian?<\/span><\/h2>\n<p><span class=\"notranslate\">Este o\u00a0<a href=\"https:\/\/parcelux.com\">companie de expediere \u0219i redirec\u021bionare a coletelor<\/a> care utilizeaz\u0103 aerul (par avion) ca metod\u0103 de expediere a pachetelor la nivel interna\u021bional.<\/span>\u00a0<span class=\"notranslate\">Mai simplu spus, este compania care prime\u0219te produsele pe care le cump\u0103ra\u021bi de la comercian\u021bii americani \u0219i redirec\u021bioneaz\u0103 aceste produse c\u0103tre Rom\u00e2nia (sau oriunde vre\u021bi in Europa) cu avionul, care este cea mai rapid\u0103 modalitate de expediere interna\u021bional\u0103.<\/span><\/p>\n<\/div>\n<\/div><\/div><\/div><div id=\"pgc-4032-0-1\"  class=\"panel-grid-cell\" ><div id=\"panel-4032-0-1-0\" class=\"so-panel widget widget_sow-editor panel-first-child\" data-index=\"1\" ><div class=\"featured-widget panel-widget-style panel-widget-style-for-4032-0-1-0\" ><div\n\t\t\t\n\t\t\tclass=\"so-widget-sow-editor so-widget-sow-editor-base\"\n\t\t\t\n\t\t>\n<div class=\"siteorigin-widget-tinymce textwidget\">\n\t<p><img loading=\"lazy\" decoding=\"async\" class=\"aligncenter wp-image-1513 size-full\" src=\"https:\/\/parcelux.com\/wp-content\/uploads\/2019\/10\/us-map.png\" alt=\"us map\" width=\"51\" height=\"51\" \/><\/p>\n<ol id=\"home\">\n<li>Te ajut\u0103m sa gase\u0219ti orice tip de produse la cele mai bune magazine online din America<\/li>\n<li>I\u021bi oferim propria ta adres\u0103 virtual\u0103 SUA. Gratuit.<\/li>\n<li>Primim comenzile tale si \u021bi le livr\u0103m la domiciliu. In timp record.<\/li>\n<\/ol>\n<\/div>\n<\/div><\/div><\/div><div id=\"panel-4032-0-1-1\" class=\"so-panel widget widget_black-studio-tinymce widget_black_studio_tinymce panel-last-child\" data-index=\"2\" ><div class=\"textwidget\"><p><img loading=\"lazy\" decoding=\"async\" class=\"aligncenter wp-image-2678 size-full\" src=\"https:\/\/parcelux.com\/wp-content\/uploads\/2019\/11\/air-forwarding.jpg\" alt=\"curierat par avion\" width=\"848\" height=\"480\" srcset=\"https:\/\/parcelux.com\/wp-content\/uploads\/2019\/11\/air-forwarding.jpg 848w, https:\/\/parcelux.com\/wp-content\/uploads\/2019\/11\/air-forwarding-600x340.jpg 600w, https:\/\/parcelux.com\/wp-content\/uploads\/2019\/11\/air-forwarding-360x204.jpg 360w, https:\/\/parcelux.com\/wp-content\/uploads\/2019\/11\/air-forwarding-300x170.jpg 300w, https:\/\/parcelux.com\/wp-content\/uploads\/2019\/11\/air-forwarding-768x435.jpg 768w\" sizes=\"auto, (max-width: 848px) 100vw, 848px\" \/><\/p>\n<\/div><\/div><\/div><\/div><div id=\"pg-4032-1\"  class=\"panel-grid panel-has-style\" ><div class=\"siteorigin-panels-stretch panel-row-style panel-row-style-for-4032-1\" data-stretch-type=\"full\" ><div id=\"pgc-4032-1-0\"  class=\"panel-grid-cell\" ><div id=\"panel-4032-1-0-0\" class=\"so-panel widget widget_pw_call_to_action widget-call-to-action panel-first-child\" data-index=\"3\" ><div class=\"widget-title--big panel-widget-style panel-widget-style-for-4032-1-0-0\" >\t\t\t\t<div class=\"call-to-action\">\n\t\t\t\t\t<div class=\"call-to-action__text\">\n\t\t\t\t\t\tServicii de curierat par avion din SUA\t\t\t\t\t<\/div>\n\t\t\t\t\t<div class=\"call-to-action__button\">\n\t\t\t\t\t\t<a class=\"btn    btn-primary\" href=\"#ipt-fsqm-popup-form-52\" target=\"_self\">Estimeaz\u0103 trasnsportul<\/a>.\t\t\t\t\t<\/div>\n\t\t\t\t<\/div>\n\t\t\t<\/div><\/div><div id=\"panel-4032-1-0-1\" class=\"so-panel widget widget_pw_testimonials widget-testimonials\" data-index=\"4\" >\n\t<div class=\"testimonial\">\n\t\t\t\t\t<a class=\"testimonial__carousel  testimonial__carousel--left\" href=\"#carousel-testimonials-widget-1-0-1\" data-slide=\"prev\"><i class=\"fa  fa-chevron-left\" aria-hidden=\"true\"><\/i><span class=\"sr-only\" role=\"button\">Next<\/span><\/a>\n\t\t\n\t\t<h3 class=\"widget-title\"><span class=\"widget-title__inline\">Recenzii<\/span><\/h3>\n\t\t\t\t\t<a class=\"testimonial__carousel  testimonial__carousel--right\" href=\"#carousel-testimonials-widget-1-0-1\" data-slide=\"next\"><i class=\"fa  fa-chevron-right\" aria-hidden=\"true\"><\/i><span class=\"sr-only\" role=\"button\">Previous<\/span><\/a>\n\t\t\n\t\t<div id=\"carousel-testimonials-widget-1-0-1\" class=\"carousel slide\" data-ride=\"carousel\" data-interval=\"7000\">\n\t\t\t<!-- Wrapper for slides -->\n\t\t\t<div class=\"carousel-inner\" role=\"listbox\">\n\t\t\t\t<div class=\"item active\">\n\t\t\t\t\t<div class=\"row\">\n\t\t\t\t\t\t\t\t\t\t\t\t\t\t\t\t\t\t\t\t<div class=\"col-12  col-sm-6\">\n\t\t\t\t\t\t\t\t<blockquote>\n\t\t\t\t\t\t\t\t\t<p class=\"testimonial__quote\">\n\t\t\t\t\t\t\t\t\t\tCautam o companie cu care sa comand din SUA si sa ma ajute sa cumpar din America si sa transport niste scule de specialitate in Romania. Parcelux m-a ajutat sa gasesc cele mai bune siteuri pentru unelte de specialitate si mi-au oferit si servicii de transport internationale. Sunt una dintre cele mai bune companii de transport pachete din SUA, ii recomand cu incredere.\t\t\t\t\t\t\t\t\t<\/p>\n\t\t\t\t\t\t\t\t\t<cite class=\"testimonial__author\">\n\t\t\t\t\t\t\t\t\t\tVasile S.\t\t\t\t\t\t\t\t\t<\/cite>\n\n\t\t\t\t\t\t\t\t\t\t\t\t\t\t\t\t\t\t\t<div class=\"testimonial__author-description\">\n\t\t\t\t\t\t\t\t\t\t\tContractant\t\t\t\t\t\t\t\t\t\t<\/div>\n\t\t\t\t\t\t\t\t\t\n\t\t\t\t\t\t\t\t\t\n\t\t\t\t\t\t\t\t\t\t\t\t\t\t\t\t\t<\/blockquote>\n\t\t\t\t\t\t\t<\/div>\n\t\t\t\t\t\t\t\t\t\t\t\t\t\t\t\t\t\t\t\t<div class=\"col-12  col-sm-6\">\n\t\t\t\t\t\t\t\t<blockquote>\n\t\t\t\t\t\t\t\t\t<p class=\"testimonial__quote\">\n\t\t\t\t\t\t\t\t\t\tserviciu de calitate, livrare rapida! de incredere!\t\t\t\t\t\t\t\t\t<\/p>\n\t\t\t\t\t\t\t\t\t<cite class=\"testimonial__author\">\n\t\t\t\t\t\t\t\t\t\tMike S.\t\t\t\t\t\t\t\t\t<\/cite>\n\n\t\t\t\t\t\t\t\t\t\t\t\t\t\t\t\t\t\t\t<div class=\"testimonial__author-description\">\n\t\t\t\t\t\t\t\t\t\t\tInfluencer\t\t\t\t\t\t\t\t\t\t<\/div>\n\t\t\t\t\t\t\t\t\t\n\t\t\t\t\t\t\t\t\t\n\t\t\t\t\t\t\t\t\t\t\t\t\t\t\t\t\t<\/blockquote>\n\t\t\t\t\t\t\t<\/div>\n\t\t\t\t\t\t\t\t\t\t\t\t\t<\/div><\/div> <div class=\"item\"><div class=\"row\">\t\t\t\t\t\t\t<div class=\"col-12  col-sm-6\">\n\t\t\t\t\t\t\t\t<blockquote>\n\t\t\t\t\t\t\t\t\t<p class=\"testimonial__quote\">\n\t\t\t\t\t\t\t\t\t\tAm comandat un produs de pe un site care livreaza doar in SUA pe adresa lor si ei mii l au trimis in Romania la un pret excelent.Pachetul a ajuns intr o stare excelenta.O sa mai comand prin Parcelux.Recomand.\t\t\t\t\t\t\t\t\t<\/p>\n\t\t\t\t\t\t\t\t\t<cite class=\"testimonial__author\">\n\t\t\t\t\t\t\t\t\t\tAlexandru L.\t\t\t\t\t\t\t\t\t<\/cite>\n\n\t\t\t\t\t\t\t\t\t\t\t\t\t\t\t\t\t\t\t<div class=\"testimonial__author-description\">\n\t\t\t\t\t\t\t\t\t\t\tPreot\t\t\t\t\t\t\t\t\t\t<\/div>\n\t\t\t\t\t\t\t\t\t\n\t\t\t\t\t\t\t\t\t\n\t\t\t\t\t\t\t\t\t\t\t\t\t\t\t\t\t<\/blockquote>\n\t\t\t\t\t\t\t<\/div>\n\t\t\t\t\t\t\t\t\t\t\t\t\t\t\t\t\t\t\t\t<div class=\"col-12  col-sm-6\">\n\t\t\t\t\t\t\t\t<blockquote>\n\t\t\t\t\t\t\t\t\t<p class=\"testimonial__quote\">\n\t\t\t\t\t\t\t\t\t\tAm comandat 2 po\u0219ete si o pereche de cizme de la Michael Kors prin Parcelux. La inceput nu am \u0219tiut ca este posibil sa faci comenzi in SUA si sa vin\u0103 a\u0219a de repede. Serviciile lor de facilitare comenzi si de transport de pachete sunt bune, de \u00eencredere si rapide. O sa continuu sa comand prin Parcelux din America si \u00eei recomand cu cea mai mare \u00eencredere.\t\t\t\t\t\t\t\t\t<\/p>\n\t\t\t\t\t\t\t\t\t<cite class=\"testimonial__author\">\n\t\t\t\t\t\t\t\t\t\tFlori R\t\t\t\t\t\t\t\t\t<\/cite>\n\n\t\t\t\t\t\t\t\t\t\t\t\t\t\t\t\t\t\t\t<div class=\"testimonial__author-description\">\n\t\t\t\t\t\t\t\t\t\t\tFashionista\t\t\t\t\t\t\t\t\t\t<\/div>\n\t\t\t\t\t\t\t\t\t\n\t\t\t\t\t\t\t\t\t\n\t\t\t\t\t\t\t\t\t\t\t\t\t\t\t\t\t<\/blockquote>\n\t\t\t\t\t\t\t<\/div>\n\t\t\t\t\t\t\t\t\t\t\t<\/div>\n\t\t\t\t<\/div>\n\t\t\t<\/div>\n\t\t<\/div>\n\t<\/div>\n\n<\/div><div id=\"panel-4032-1-0-2\" class=\"so-panel widget widget_sow-editor panel-last-child\" data-index=\"5\" ><div\n\t\t\t\n\t\t\tclass=\"so-widget-sow-editor so-widget-sow-editor-base\"\n\t\t\t\n\t\t>\n<div class=\"siteorigin-widget-tinymce textwidget\">\n\t<script type=\"text\/javascript\">\n\tif ( window.iptFSQMModalPopupForms == undefined ) {\n\t\twindow.iptFSQMModalPopupForms = [];\n\t}\n\twindow.iptFSQMModalPopupForms[window.iptFSQMModalPopupForms.length] = {\"label\":\"Shipping Quote\",\"color\":\"#ffffff\",\"bgcolor\":\"#3c609e\",\"position\":\"h\",\"style\":\"rect\",\"header\":\"Shipping Quote\",\"subtitle\":\"\",\"icon\":\"fa fa-file-text\",\"width\":\"600\",\"formID\":\"52\",\"url\":\"https:\\\/\\\/parcelux.com\\\/ro\\\/eforms\\\/shipping-quote\\\/52\\\/\"};\n<\/script>\n\t\t\n<\/div>\n<\/div><\/div><\/div><\/div><\/div><div id=\"pg-4032-2\"  class=\"panel-grid panel-no-style\" ><div id=\"pgc-4032-2-0\"  class=\"panel-grid-cell\" ><div id=\"panel-4032-2-0-0\" class=\"so-panel widget widget_sow-editor panel-first-child panel-last-child\" data-index=\"6\" ><div\n\t\t\t\n\t\t\tclass=\"so-widget-sow-editor so-widget-sow-editor-base\"\n\t\t\t\n\t\t>\n<div class=\"siteorigin-widget-tinymce textwidget\">\n\t<div id=\"panel-101-2-0-0\" class=\"so-panel widget widget_sow-editor panel-first-child\" data-index=\"5\">\n<div class=\"so-widget-sow-editor so-widget-sow-editor-base\">\n<div class=\"siteorigin-widget-tinymce textwidget\">\n<h2><span class=\"notranslate\">Am nevoie de un expeditor interna\u021bional de colete aeriene?<\/span><\/h2>\n<p><span class=\"notranslate\">Ave\u021bi nevoie de ajutorul unei companii de expediere a coletelor dac\u0103 site-ul sau comerciantul american de la care cump\u0103ra\u021bi nu expediaz\u0103 la nivel interna\u021bional.<\/span>\u00a0<span class=\"notranslate\">De exemplu, pute\u021bi utiliza\u00a0<a href=\"https:\/\/parcelux.com\/ro\/adresa-virtuala-america\/\">adresa SUA<\/a> a companiei Parcelux pentru a redirec\u021biona cump\u0103r\u0103turile de la magazinele online din SUA.<\/span>\u00a0<span class=\"notranslate\">Odat\u0103 ce le primim, inspect\u0103m pachetele, le combin\u0103m in pachete mai mari (dac\u0103 alege\u021bi acest lucru), complet\u0103m documentele de expediere \u0219i v\u0103 trimitem produsele la adresa dvs. interna\u021bional\u0103.<\/span>\u00a0<span class=\"notranslate\">Dac\u0103 alege\u021bi\u00a0<strong>transportul aerian din SUA<\/strong>\u00a0,\u00a0termenul de livrare este de obicei \u00eentre 5-14 zile (cu excep\u021bia Rusiei, Belorussiei \u0219i Serbiei).<\/span>\u00a0<span class=\"notranslate\">Tarifele de transport sunt, de asemenea, mai accesibile dec\u00e2t ceea ce ofer\u0103 expeditorii de marf\u0103 obi\u0219nui\u021bi.<\/span><\/p>\n<\/div>\n<\/div>\n<\/div>\n<div id=\"panel-101-2-0-1\" class=\"so-panel widget widget_sow-editor panel-last-child\" data-index=\"6\">\n<div class=\"so-widget-sow-editor so-widget-sow-editor-base\">\n<div class=\"siteorigin-widget-tinymce textwidget\">\n<h2><span class=\"notranslate\">Expediere Par Avion Sau Maritim\u0103?<\/span><\/h2>\n<p><span class=\"notranslate\">Exist\u0103 argumente pro \u0219i contra pentru fiecare metod\u0103 de transport interna\u021bional.<\/span>\u00a0<span class=\"notranslate\">\u00cen general, transportul aerian este mai rapid \u0219i mai sigur, dar \u0219i mai scump.<\/span>\u00a0<span class=\"notranslate\">Exist\u0103 unele produse care nu pot fi expediate par avion, dar pot fi expediate prin ocean.<\/span>\u00a0<span class=\"notranslate\">\u00centrebarea pe care trebuie s\u0103 o pune\u021bi este c\u00e2t de rapid dori\u021bi s\u0103 ob\u021bine\u021bi noile dvs achizi\u021bii \u0219i dac\u0103 sunte\u021bi dispus s\u0103 cheltui\u021bi mai mult pentru a le ob\u021bine mai repede.<\/span><\/p>\n<h2><span class=\"notranslate\">Cum sunt determinate tarifele de transport par avion?<\/span><\/h2>\n<p><span class=\"notranslate\">Parcelux livreaz\u0103 colete la domiciliu (cu excep\u021bia Rusiei).<\/span>\u00a0<span class=\"notranslate\">Aceasta \u00eenseamn\u0103 c\u0103 ave\u021bi mai multe avantaje atunci c\u00e2nd alege\u021bi <strong>serviciile noastre\u00a0de expediere a coletelor din America<\/strong>\u00a0:<\/span><\/p>\n<ul>\n<li><span class=\"notranslate\">tarifele de transport sunt mult mai ieftine<\/span><\/li>\n<li><span class=\"notranslate\">timpul de transport este mai rapid<\/span><\/li>\n<li><span class=\"notranslate\">\u00eentregul proces de expediere este mult mai convenabil \u0219i f\u0103r\u0103 niciun efort din partea dumneavoastr\u0103<\/span><\/li>\n<\/ul>\n<p><span class=\"notranslate\">Tarifele de transport interna\u021bional pentru majoritatea \u021b\u0103rilor Europene sunt calculate prin ad\u0103ugarea unei taxe de livrare plus o tarif\u0103 pe fiecare livr\u0103 de greutate (o livr\u0103 = aproximativ 0.45 kilograme).<\/span>\u00a0<span class=\"notranslate\">Exist\u0103 alte restric\u021bii \u0219i limite, cum ar fi\u00a0greutatea volumetric\u0103\u00a0.<\/span>\u00a0<span class=\"notranslate\">De exemplu, expedierea unui pachet de dimensiunea \u0219i greutate unei cutii de pantofi (\u00een jur de 10 livre sau aproximativ 5 kg) c\u0103tre Rom\u00e2nia va costa aproximativ 40 USD \u0219i va dura \u00eentre 8-14 zile.<\/span>\u00a0<span class=\"notranslate\">Pachetul este livrat la domiciliu, astfel \u00eenc\u00e2t s\u0103 nu fi\u021bi nevoi\u021bi s\u0103 petrece\u021bi ore \u00eentregi la oficiul po\u0219tal.<\/span>\u00a0<span class=\"notranslate\">Pentru a pune lucrurile \u00een perspectiv\u0103, exist\u0103 servicii de transport interna\u021bional care v\u0103 vor \u00eencasa 160 USD + pentru aceea\u0219i cutie \u0219i o vor livra doar la oficiul po\u0219tal.<\/span><\/p>\n<\/div>\n<\/div>\n<\/div>\n<\/div>\n<\/div><\/div><\/div><\/div><\/div>","protected":false},"excerpt":{"rendered":"<p>Transport aerian interna\u021bional \u0219i expediere Cre\u0219terea rapid\u0103 a comer\u021bului digital a cauzat o cerere crescut\u0103 pentru serviciile de transport aerian interna\u021bional, deoarece cump\u0103r\u0103torii din \u00eentreaga lume caut\u0103 modalit\u0103\u021bi de a ob\u021bine produsele dorite c\u00e2t mai repede posibil.\u00a0De\u0219i transportul par avion este un procent mic din totalul transporturilor de marf\u0103 la nivel global, de obicei reprezint\u0103 &hellip;<\/p>\n","protected":false},"author":7,"featured_media":3836,"parent":0,"menu_order":0,"comment_status":"closed","ping_status":"open","template":"","meta":{"_acf_changed":false,"_seopress_robots_primary_cat":"","_seopress_titles_title":"","_seopress_titles_desc":"","_seopress_robots_index":"","inline_featured_image":false,"footnotes":""},"class_list":["post-4032","page","type-page","status-publish","has-post-thumbnail","hentry"],"acf":[],"_links":{"self":[{"href":"https:\/\/parcelux.com\/ro\/wp-json\/wp\/v2\/pages\/4032","targetHints":{"allow":["GET"]}}],"collection":[{"href":"https:\/\/parcelux.com\/ro\/wp-json\/wp\/v2\/pages"}],"about":[{"href":"https:\/\/parcelux.com\/ro\/wp-json\/wp\/v2\/types\/page"}],"author":[{"embeddable":true,"href":"https:\/\/parcelux.com\/ro\/wp-json\/wp\/v2\/users\/7"}],"replies":[{"embeddable":true,"href":"https:\/\/parcelux.com\/ro\/wp-json\/wp\/v2\/comments?post=4032"}],"version-history":[{"count":0,"href":"https:\/\/parcelux.com\/ro\/wp-json\/wp\/v2\/pages\/4032\/revisions"}],"wp:featuredmedia":[{"embeddable":true,"href":"https:\/\/parcelux.com\/ro\/wp-json\/wp\/v2\/media\/3836"}],"wp:attachment":[{"href":"https:\/\/parcelux.com\/ro\/wp-json\/wp\/v2\/media?parent=4032"}],"curies":[{"name":"wp","href":"https:\/\/api.w.org\/{rel}","templated":true}]}}