{"id":4026,"date":"2020-01-02T15:17:28","date_gmt":"2020-01-02T21:17:28","guid":{"rendered":"https:\/\/parcelux.com\/?page_id=4026"},"modified":"2020-01-02T17:08:14","modified_gmt":"2020-01-02T23:08:14","slug":"adresa-virtuala-america","status":"publish","type":"page","link":"https:\/\/parcelux.com\/ro\/adresa-virtuala-america\/","title":{"rendered":"Adres\u0103 Virtual\u0103 SUA"},"content":{"rendered":"<div id=\"pl-4026\"  class=\"panel-layout\" ><div id=\"pg-4026-0\"  class=\"panel-grid panel-no-style\" ><div id=\"pgc-4026-0-0\"  class=\"panel-grid-cell\" ><div id=\"panel-4026-0-0-0\" class=\"so-panel widget widget_sow-editor panel-first-child panel-last-child\" data-index=\"0\" ><div\n\t\t\t\n\t\t\tclass=\"so-widget-sow-editor so-widget-sow-editor-base\"\n\t\t\t\n\t\t>\n<div class=\"siteorigin-widget-tinymce textwidget\">\n\t<h2><span class=\"notranslate\">Adres\u0103 SUA virtual\u0103 pentru cump\u0103r\u0103torii din Rom\u00e2nia<\/span><\/h2>\n<p>Adres\u0103 gratuit\u0103 de redirec\u021bionare pachete din SUA:<\/p>\n<p style=\"text-align: center;\"><a class=\"myButton wlrp-popup-open\" href=\"#wlrp-popup-register\">\u27a1\ufe0f\u00ceNREGISTRARE\u2b05\ufe0f<\/a><\/p>\n<\/div>\n<\/div><\/div><\/div><\/div><div id=\"pg-4026-1\"  class=\"panel-grid panel-no-style\" ><div id=\"pgc-4026-1-0\"  class=\"panel-grid-cell\" ><div id=\"panel-4026-1-0-0\" class=\"so-panel widget widget_sow-editor panel-first-child panel-last-child\" data-index=\"1\" ><div class=\"featured-widget panel-widget-style panel-widget-style-for-4026-1-0-0\" ><div\n\t\t\t\n\t\t\tclass=\"so-widget-sow-editor so-widget-sow-editor-base\"\n\t\t\t\n\t\t>\n<div class=\"siteorigin-widget-tinymce textwidget\">\n\t<p><img loading=\"lazy\" decoding=\"async\" class=\"aligncenter wp-image-1513 size-full\" src=\"https:\/\/parcelux.com\/wp-content\/uploads\/2019\/10\/us-map.png\" alt=\"us map\" width=\"51\" height=\"51\" \/><\/p>\n<ol id=\"home\">\n<li>Te ajut\u0103m sa gase\u0219ti orice tip de produse la cele mai bune magazine online din America<\/li>\n<li>I\u021bi oferim propria ta adres\u0103 virtual\u0103 SUA. Gratuit.<\/li>\n<li>Primim comenzile tale si \u021bi le livr\u0103m la domiciliu. In timp record.<\/li>\n<\/ol>\n<\/div>\n<\/div><\/div><\/div><\/div><div id=\"pgc-4026-1-1\"  class=\"panel-grid-cell\" ><div id=\"panel-4026-1-1-0\" class=\"so-panel widget widget_sow-editor panel-first-child panel-last-child\" data-index=\"2\" ><div\n\t\t\t\n\t\t\tclass=\"so-widget-sow-editor so-widget-sow-editor-base\"\n\t\t\t\n\t\t>\n<div class=\"siteorigin-widget-tinymce textwidget\">\n\t<p><img loading=\"lazy\" decoding=\"async\" class=\"aligncenter wp-image-1936 size-full\" src=\"https:\/\/parcelux.com\/wp-content\/uploads\/2019\/11\/us-mailbox.jpg\" alt=\"cutie po\u0219tal\u0103 cu steagul Americii\" width=\"848\" height=\"480\" srcset=\"https:\/\/parcelux.com\/wp-content\/uploads\/2019\/11\/us-mailbox.jpg 848w, https:\/\/parcelux.com\/wp-content\/uploads\/2019\/11\/us-mailbox-600x340.jpg 600w, https:\/\/parcelux.com\/wp-content\/uploads\/2019\/11\/us-mailbox-360x204.jpg 360w, https:\/\/parcelux.com\/wp-content\/uploads\/2019\/11\/us-mailbox-300x170.jpg 300w, https:\/\/parcelux.com\/wp-content\/uploads\/2019\/11\/us-mailbox-768x435.jpg 768w\" sizes=\"auto, (max-width: 848px) 100vw, 848px\" \/><\/p>\n<\/div>\n<\/div><\/div><\/div><\/div><div id=\"pg-4026-2\"  class=\"panel-grid panel-has-style\" ><div class=\"siteorigin-panels-stretch panel-row-style panel-row-style-for-4026-2\" data-stretch-type=\"full\" ><div id=\"pgc-4026-2-0\"  class=\"panel-grid-cell\" ><div id=\"panel-4026-2-0-0\" class=\"so-panel widget widget_sow-editor panel-first-child\" data-index=\"3\" ><div\n\t\t\t\n\t\t\tclass=\"so-widget-sow-editor so-widget-sow-editor-base\"\n\t\t\t\n\t\t>\n<div class=\"siteorigin-widget-tinymce textwidget\">\n\t<h2><span class=\"notranslate\">Adresa SUA pentru cump\u0103r\u0103torii Rom\u00e2ni<\/span><\/h2>\n<p><span class=\"notranslate\">Un\u00a0<strong>exemplu de adres\u0103 American\u0103<\/strong>\u00a0arat\u0103 astfel:<\/span><\/p>\n<p><span class=\"notranslate\">John Doe\u00a0- nume<\/span><\/p>\n<p><span class=\"notranslate\">Acme Inc\u00a0- numele companiei, numai dac\u0103 este expediat c\u0103tre o afacere<\/span><\/p>\n<p><span class=\"notranslate\">1234 Washington Ave\u00a0- num\u0103rul casei sau al cl\u0103dirii, numele str\u0103zii, tipul str\u0103zii (bulevard, strad\u0103, bulevard, tribunal, parcare etc.)<\/span><\/p>\n<p><span class=\"notranslate\">Chicago IL 60646 - Ora\u0219, stat, cod po\u0219tal<\/span><\/p>\n<p><span class=\"notranslate\">USA - \u021bar\u0103, indic\u0103 o adres\u0103 american\u0103<\/span><\/p>\n<p><span class=\"notranslate\">\u00cen plus, este posibil s\u0103 g\u0103si\u021bi urm\u0103toarele \u00eentr-o adres\u0103 din SUA:<\/span><\/p>\n<ul>\n<li><span class=\"notranslate\">PO Box - reprezint\u0103 o cutie po\u0219tal\u0103, \u00eenchiriat\u0103 la oficiul po\u0219tal de c\u0103tre o persoan\u0103 sau o companie<\/span><\/li>\n<li><span class=\"notranslate\">Apartament # sau Suite # - Un apartament sau o unitate specific\u0103 \u00eentr-o cl\u0103dire cu mai multe unit\u0103\u021bi<\/span><\/li>\n<li><span class=\"notranslate\">APO\u00a0sau\u00a0FPO\u00a0- este o adres\u0103 militar\u0103<\/span><\/li>\n<\/ul>\n<p><span class=\"notranslate\">Deci, <strong>exemplul nostru de adres\u0103\u00a0din SUA<\/strong>\u00a0arat\u0103 astfel:<\/span><\/p>\n<\/div>\n<\/div><\/div><div id=\"panel-4026-2-0-1\" class=\"so-panel widget widget_sow-editor panel-last-child\" data-index=\"4\" ><div class=\"featured-widget panel-widget-style panel-widget-style-for-4026-2-0-1\" ><div\n\t\t\t\n\t\t\tclass=\"so-widget-sow-editor so-widget-sow-editor-base\"\n\t\t\t\n\t\t>\n<div class=\"siteorigin-widget-tinymce textwidget\">\n\t<p><img loading=\"lazy\" decoding=\"async\" class=\"aligncenter wp-image-3789\" src=\"https:\/\/parcelux.com\/wp-content\/uploads\/2020\/01\/us-map-outline.png\" alt=\"Us Map Outline\" width=\"55\" height=\"55\"\/><\/p>\n<p style=\"text-align: center;\"><span style=\"color: #6ab5bb;\"><em>John Doe<\/em><\/span><br \/>\n<span style=\"color: #6ab5bb;\"><em>1234 Washington Ave<\/em><\/span><br \/>\n<span style=\"color: #6ab5bb;\"><em>Chicago IL, 60646 <\/em><\/span><br \/>\n<span style=\"color: #6ab5bb;\"><em>USA<\/em><\/span><\/p>\n<\/div>\n<\/div><\/div><\/div><\/div><\/div><\/div><div id=\"pg-4026-3\"  class=\"panel-grid panel-has-style\" ><div class=\"siteorigin-panels-stretch panel-row-style panel-row-style-for-4026-3\" data-stretch-type=\"full\" ><div id=\"pgc-4026-3-0\"  class=\"panel-grid-cell\" ><div id=\"panel-4026-3-0-0\" class=\"so-panel widget widget_pw_call_to_action widget-call-to-action panel-first-child\" data-index=\"5\" ><div class=\"widget-title--big panel-widget-style panel-widget-style-for-4026-3-0-0\" >\t\t\t\t<div class=\"call-to-action\">\n\t\t\t\t\t<div class=\"call-to-action__text\">\n\t\t\t\t\t\tParcelux ofer\u0103 cele mai convenabile servicii de comenzi din SUA\t\t\t\t\t<\/div>\n\t\t\t\t\t<div class=\"call-to-action__button\">\n\t\t\t\t\t\t<a class=\"btn    btn-primary\" href=\"#ipt-fsqm-popup-form-52\" target=\"_self\">Estimeaz\u0103 trasnsportul<\/a>.\t\t\t\t\t<\/div>\n\t\t\t\t<\/div>\n\t\t\t<\/div><\/div><div id=\"panel-4026-3-0-1\" class=\"so-panel widget widget_pw_testimonials widget-testimonials\" data-index=\"6\" >\n\t<div class=\"testimonial\">\n\t\t\t\t\t<a class=\"testimonial__carousel  testimonial__carousel--left\" href=\"#carousel-testimonials-widget-3-0-1\" data-slide=\"prev\"><i class=\"fa  fa-chevron-left\" aria-hidden=\"true\"><\/i><span class=\"sr-only\" role=\"button\">Next<\/span><\/a>\n\t\t\n\t\t<h3 class=\"widget-title\"><span class=\"widget-title__inline\">Recenzii<\/span><\/h3>\n\t\t\t\t\t<a class=\"testimonial__carousel  testimonial__carousel--right\" href=\"#carousel-testimonials-widget-3-0-1\" data-slide=\"next\"><i class=\"fa  fa-chevron-right\" aria-hidden=\"true\"><\/i><span class=\"sr-only\" role=\"button\">Previous<\/span><\/a>\n\t\t\n\t\t<div id=\"carousel-testimonials-widget-3-0-1\" class=\"carousel slide\" data-ride=\"carousel\" data-interval=\"7000\">\n\t\t\t<!-- Wrapper for slides -->\n\t\t\t<div class=\"carousel-inner\" role=\"listbox\">\n\t\t\t\t<div class=\"item active\">\n\t\t\t\t\t<div class=\"row\">\n\t\t\t\t\t\t\t\t\t\t\t\t\t\t\t\t\t\t\t\t<div class=\"col-12  col-sm-6\">\n\t\t\t\t\t\t\t\t<blockquote>\n\t\t\t\t\t\t\t\t\t<p class=\"testimonial__quote\">\n\t\t\t\t\t\t\t\t\t\tCautam o companie cu care sa comand din SUA si sa ma ajute sa cumpar din America si sa transport niste scule de specialitate in Romania. Parcelux m-a ajutat sa gasesc cele mai bune siteuri pentru unelte de specialitate si mi-au oferit si servicii de transport internationale. Sunt una dintre cele mai bune companii de transport pachete din SUA, ii recomand cu incredere.\t\t\t\t\t\t\t\t\t<\/p>\n\t\t\t\t\t\t\t\t\t<cite class=\"testimonial__author\">\n\t\t\t\t\t\t\t\t\t\tVasile S.\t\t\t\t\t\t\t\t\t<\/cite>\n\n\t\t\t\t\t\t\t\t\t\t\t\t\t\t\t\t\t\t\t<div class=\"testimonial__author-description\">\n\t\t\t\t\t\t\t\t\t\t\tContractant\t\t\t\t\t\t\t\t\t\t<\/div>\n\t\t\t\t\t\t\t\t\t\n\t\t\t\t\t\t\t\t\t\n\t\t\t\t\t\t\t\t\t\t\t\t\t\t\t\t\t<\/blockquote>\n\t\t\t\t\t\t\t<\/div>\n\t\t\t\t\t\t\t\t\t\t\t\t\t\t\t\t\t\t\t\t<div class=\"col-12  col-sm-6\">\n\t\t\t\t\t\t\t\t<blockquote>\n\t\t\t\t\t\t\t\t\t<p class=\"testimonial__quote\">\n\t\t\t\t\t\t\t\t\t\tserviciu de calitate, livrare rapida! de incredere!\t\t\t\t\t\t\t\t\t<\/p>\n\t\t\t\t\t\t\t\t\t<cite class=\"testimonial__author\">\n\t\t\t\t\t\t\t\t\t\tMike S.\t\t\t\t\t\t\t\t\t<\/cite>\n\n\t\t\t\t\t\t\t\t\t\t\t\t\t\t\t\t\t\t\t<div class=\"testimonial__author-description\">\n\t\t\t\t\t\t\t\t\t\t\tInfluencer\t\t\t\t\t\t\t\t\t\t<\/div>\n\t\t\t\t\t\t\t\t\t\n\t\t\t\t\t\t\t\t\t\n\t\t\t\t\t\t\t\t\t\t\t\t\t\t\t\t\t<\/blockquote>\n\t\t\t\t\t\t\t<\/div>\n\t\t\t\t\t\t\t\t\t\t\t\t\t<\/div><\/div> <div class=\"item\"><div class=\"row\">\t\t\t\t\t\t\t<div class=\"col-12  col-sm-6\">\n\t\t\t\t\t\t\t\t<blockquote>\n\t\t\t\t\t\t\t\t\t<p class=\"testimonial__quote\">\n\t\t\t\t\t\t\t\t\t\tAm comandat un produs de pe un site care livreaza doar in SUA pe adresa lor si ei mii l au trimis in Romania la un pret excelent.Pachetul a ajuns intr o stare excelenta.O sa mai comand prin Parcelux.Recomand.\t\t\t\t\t\t\t\t\t<\/p>\n\t\t\t\t\t\t\t\t\t<cite class=\"testimonial__author\">\n\t\t\t\t\t\t\t\t\t\tAlexandru L.\t\t\t\t\t\t\t\t\t<\/cite>\n\n\t\t\t\t\t\t\t\t\t\t\t\t\t\t\t\t\t\t\t<div class=\"testimonial__author-description\">\n\t\t\t\t\t\t\t\t\t\t\tPreot\t\t\t\t\t\t\t\t\t\t<\/div>\n\t\t\t\t\t\t\t\t\t\n\t\t\t\t\t\t\t\t\t\n\t\t\t\t\t\t\t\t\t\t\t\t\t\t\t\t\t<\/blockquote>\n\t\t\t\t\t\t\t<\/div>\n\t\t\t\t\t\t\t\t\t\t\t\t\t\t\t\t\t\t\t\t<div class=\"col-12  col-sm-6\">\n\t\t\t\t\t\t\t\t<blockquote>\n\t\t\t\t\t\t\t\t\t<p class=\"testimonial__quote\">\n\t\t\t\t\t\t\t\t\t\tAm comandat 2 po\u0219ete si o pereche de cizme de la Michael Kors prin Parcelux. La inceput nu am \u0219tiut ca este posibil sa faci comenzi in SUA si sa vin\u0103 a\u0219a de repede. Serviciile lor de facilitare comenzi si de transport de pachete sunt bune, de \u00eencredere si rapide. O sa continuu sa comand prin Parcelux din America si \u00eei recomand cu cea mai mare \u00eencredere.\t\t\t\t\t\t\t\t\t<\/p>\n\t\t\t\t\t\t\t\t\t<cite class=\"testimonial__author\">\n\t\t\t\t\t\t\t\t\t\tFlori R\t\t\t\t\t\t\t\t\t<\/cite>\n\n\t\t\t\t\t\t\t\t\t\t\t\t\t\t\t\t\t\t\t<div class=\"testimonial__author-description\">\n\t\t\t\t\t\t\t\t\t\t\tFashionista\t\t\t\t\t\t\t\t\t\t<\/div>\n\t\t\t\t\t\t\t\t\t\n\t\t\t\t\t\t\t\t\t\n\t\t\t\t\t\t\t\t\t\t\t\t\t\t\t\t\t<\/blockquote>\n\t\t\t\t\t\t\t<\/div>\n\t\t\t\t\t\t\t\t\t\t\t<\/div>\n\t\t\t\t<\/div>\n\t\t\t<\/div>\n\t\t<\/div>\n\t<\/div>\n\n<\/div><div id=\"panel-4026-3-0-2\" class=\"so-panel widget widget_sow-editor panel-last-child\" data-index=\"7\" ><div\n\t\t\t\n\t\t\tclass=\"so-widget-sow-editor so-widget-sow-editor-base\"\n\t\t\t\n\t\t>\n<div class=\"siteorigin-widget-tinymce textwidget\">\n\t<script type=\"text\/javascript\">\n\tif ( window.iptFSQMModalPopupForms == undefined ) {\n\t\twindow.iptFSQMModalPopupForms = [];\n\t}\n\twindow.iptFSQMModalPopupForms[window.iptFSQMModalPopupForms.length] = {\"label\":\"Shipping Quote\",\"color\":\"#ffffff\",\"bgcolor\":\"#3c609e\",\"position\":\"h\",\"style\":\"rect\",\"header\":\"Shipping Quote\",\"subtitle\":\"\",\"icon\":\"fa fa-file-text\",\"width\":\"600\",\"formID\":\"52\",\"url\":\"https:\\\/\\\/parcelux.com\\\/ro\\\/eforms\\\/shipping-quote\\\/52\\\/\"};\n<\/script>\n\t\t\n<\/div>\n<\/div><\/div><\/div><\/div><\/div><div id=\"pg-4026-4\"  class=\"panel-grid panel-no-style\" ><div id=\"pgc-4026-4-0\"  class=\"panel-grid-cell\" ><div id=\"panel-4026-4-0-0\" class=\"so-panel widget widget_sow-editor panel-first-child\" data-index=\"8\" ><div\n\t\t\t\n\t\t\tclass=\"so-widget-sow-editor so-widget-sow-editor-base\"\n\t\t\t\n\t\t>\n<div class=\"siteorigin-widget-tinymce textwidget\">\n\t<p>&nbsp;<\/p>\n<h3><span class=\"notranslate\">Cine are nevoie de o adres\u0103 virtual\u0103 din SUA?<\/span><\/h3>\n<\/div>\n<\/div><\/div><div id=\"panel-4026-4-0-1\" class=\"so-panel widget widget_sow-image\" data-index=\"9\" ><div\n\t\t\t\n\t\t\tclass=\"so-widget-sow-image so-widget-sow-image-default-c67d20f9f743-4026\"\n\t\t\t\n\t\t>\n<div class=\"sow-image-container\">\n\t\t<img \n\tsrc=\"https:\/\/parcelux.com\/wp-content\/uploads\/2020\/01\/iconfinder_shopify_colored-22_1394848.svg\" title=\"Iconfinder Shopify Colored 22 1394848\" alt=\"shipping icon with globe and delivery truck\" \t\tclass=\"so-widget-image\"\/>\n\t<\/div>\n\n<\/div><\/div><div id=\"panel-4026-4-0-2\" class=\"so-panel widget widget_sow-editor panel-last-child\" data-index=\"10\" ><div\n\t\t\t\n\t\t\tclass=\"so-widget-sow-editor so-widget-sow-editor-base\"\n\t\t\t\n\t\t>\n<div class=\"siteorigin-widget-tinymce textwidget\">\n\t<p><span class=\"notranslate\">O\u00a0<strong>adres\u0103 virtual\u0103 American\u0103<\/strong> este util\u0103 pentru expedierea coletelor interna\u021bionale pe ocean sau par avion.<\/span>\u00a0<span class=\"notranslate\">Multe magazine online din SUA nu livreaz\u0103 la nivel interna\u021bional, a\u0219a c\u0103, dac\u0103 dori\u021bi s\u0103 comanda\u021bi produs din SUA, ve\u021bi avea nevoie de o adres\u0103 American\u0103.<\/span><\/p>\n<p><span class=\"notranslate\">Parcelux ofer\u0103 adrese virtuale de\u00a0 redirec\u021bionare pachete \u0219i transport interna\u021bional pentru \u021b\u0103rile Europene.<\/span>\u00a0<span class=\"notranslate\">Nu exist\u0103 taxe pentru aceste adrese virtuale din SUA at\u00e2ta timp c\u00e2t utiliza\u021bi serviciile noastre de cump\u0103r\u0103turi asistate sau de transport interna\u021bional.<\/span><\/p>\n<\/div>\n<\/div><\/div><\/div><\/div><\/div>","protected":false},"excerpt":{"rendered":"<p>Adres\u0103 SUA virtual\u0103 pentru cump\u0103r\u0103torii din Rom\u00e2nia Adres\u0103 gratuit\u0103 de redirec\u021bionare pachete din SUA: \u27a1\ufe0f\u00ceNREGISTRARE\u2b05\ufe0f Te ajut\u0103m sa gase\u0219ti orice tip de produse la cele mai bune magazine online din America I\u021bi oferim propria ta adres\u0103 virtual\u0103 SUA. Gratuit. Primim comenzile tale si \u021bi le livr\u0103m la domiciliu. In timp record.<\/p>\n","protected":false},"author":7,"featured_media":3814,"parent":0,"menu_order":0,"comment_status":"closed","ping_status":"open","template":"","meta":{"_acf_changed":false,"_seopress_robots_primary_cat":"","_seopress_titles_title":"","_seopress_titles_desc":"","_seopress_robots_index":"","inline_featured_image":false,"footnotes":""},"class_list":["post-4026","page","type-page","status-publish","has-post-thumbnail","hentry"],"acf":[],"_links":{"self":[{"href":"https:\/\/parcelux.com\/ro\/wp-json\/wp\/v2\/pages\/4026","targetHints":{"allow":["GET"]}}],"collection":[{"href":"https:\/\/parcelux.com\/ro\/wp-json\/wp\/v2\/pages"}],"about":[{"href":"https:\/\/parcelux.com\/ro\/wp-json\/wp\/v2\/types\/page"}],"author":[{"embeddable":true,"href":"https:\/\/parcelux.com\/ro\/wp-json\/wp\/v2\/users\/7"}],"replies":[{"embeddable":true,"href":"https:\/\/parcelux.com\/ro\/wp-json\/wp\/v2\/comments?post=4026"}],"version-history":[{"count":0,"href":"https:\/\/parcelux.com\/ro\/wp-json\/wp\/v2\/pages\/4026\/revisions"}],"wp:featuredmedia":[{"embeddable":true,"href":"https:\/\/parcelux.com\/ro\/wp-json\/wp\/v2\/media\/3814"}],"wp:attachment":[{"href":"https:\/\/parcelux.com\/ro\/wp-json\/wp\/v2\/media?parent=4026"}],"curies":[{"name":"wp","href":"https:\/\/api.w.org\/{rel}","templated":true}]}}