{"id":4016,"date":"2020-01-02T14:40:35","date_gmt":"2020-01-02T20:40:35","guid":{"rendered":"https:\/\/parcelux.com\/?page_id=4016"},"modified":"2020-01-03T11:51:59","modified_gmt":"2020-01-03T17:51:59","slug":"comenzi-sua","status":"publish","type":"page","link":"https:\/\/parcelux.com\/ro\/comenzi-sua\/","title":{"rendered":"Comenzi SUA"},"content":{"rendered":"<div id=\"pl-4016\"  class=\"panel-layout\" ><div id=\"pg-4016-0\"  class=\"panel-grid panel-no-style\" ><div id=\"pgc-4016-0-0\"  class=\"panel-grid-cell\" ><div id=\"panel-4016-0-0-0\" class=\"so-panel widget widget_sow-editor panel-first-child panel-last-child\" data-index=\"0\" ><div\n\t\t\t\n\t\t\tclass=\"so-widget-sow-editor so-widget-sow-editor-base\"\n\t\t\t\n\t\t>\n<div class=\"siteorigin-widget-tinymce textwidget\">\n\t<h2><span class=\"notranslate\">De ce s\u0103 cumperi din SUA?<\/span><\/h2>\n<p><span class=\"notranslate\">Exist\u0103 c\u00e2teva motive pentru care oamenii prefer\u0103 s\u0103 fac\u0103 cump\u0103r\u0103turi \u00een SUA ori de c\u00e2te ori este posibil:<\/span><\/p>\n<ul>\n<li><span class=\"notranslate\">produsele de specialitate sunt mai u\u0219or de g\u0103sit<\/span><\/li>\n<li><span class=\"notranslate\">calitatea este mai mare<\/span><\/li>\n<li><span class=\"notranslate\">pre\u021burile sunt mai mici<\/span><\/li>\n<li><span class=\"notranslate\">acces la m\u0103rci \u0219i firme care nu se v\u00e2nd la nivel interna\u021bional<\/span><\/li>\n<li><span class=\"notranslate\">taxele noastre de transport sunt cu 80% -90% mai mici dec\u00e2t cei care pretind c\u0103 au taxe de transport cu 80% -90% mai mici (prin ocean - de exemplu, 40 USD fa\u021b\u0103 de 200 $ - 220 $)<\/span><\/li>\n<\/ul>\n<h2><span class=\"notranslate\">Cum s\u0103 faci cump\u0103r\u0103turi \u00een SUA?<\/span><\/h2>\n<p><span class=\"notranslate\">Cump\u0103r\u0103turile din SUA sunt foarte u\u0219oare, mai ales c\u00e2nd vine vorba de magazinele online.<\/span> Acestea sunt lucrurile de care<span class=\"notranslate\">\u00a0ave\u021bi nevoie:<\/span><\/p>\n<ul>\n<li><span class=\"notranslate\">linkuri la produsele dorite<\/span><\/li>\n<li><span class=\"notranslate\">o form\u0103 de plat\u0103, cum ar fi un card de credit<\/span><\/li>\n<li><span class=\"notranslate\">o adres\u0103 din SUA unde s\u0103\u00a0 se primeasc\u0103 coletul, dac\u0103 comerciantul nu expediaz\u0103 la nivel interna\u021bional<\/span><\/li>\n<\/ul>\n<p>Parcelux v\u0103 poate asigura o forma de plat\u0103 acceptat\u0103 de comercian\u021bi, dac\u0103 nu o ave\u021bi (pl\u0103ti\u021bi prin transfer bancar), si o adres\u0103 virtual\u0103 din SUA.<\/p>\n<\/div>\n<\/div><\/div><\/div><div id=\"pgc-4016-0-1\"  class=\"panel-grid-cell\" ><div id=\"panel-4016-0-1-0\" class=\"so-panel widget widget_sow-editor panel-first-child\" data-index=\"1\" ><div class=\"featured-widget panel-widget-style panel-widget-style-for-4016-0-1-0\" ><div\n\t\t\t\n\t\t\tclass=\"so-widget-sow-editor so-widget-sow-editor-base\"\n\t\t\t\n\t\t>\n<div class=\"siteorigin-widget-tinymce textwidget\">\n\t<p><img loading=\"lazy\" decoding=\"async\" class=\"aligncenter wp-image-1513 size-full\" src=\"https:\/\/parcelux.com\/wp-content\/uploads\/2019\/10\/us-map.png\" alt=\"us map\" width=\"51\" height=\"51\" \/><\/p>\n<ol id=\"home\">\n<li>Te ajut\u0103m sa gase\u0219ti orice tip de produse la cele mai bune magazine online din America<\/li>\n<li>I\u021bi oferim propria ta adres\u0103 virtual\u0103 SUA. Gratuit.<\/li>\n<li>Primim comenzile tale si \u021bi le livr\u0103m la domiciliu. In timp record.<\/li>\n<\/ol>\n<\/div>\n<\/div><\/div><\/div><div id=\"panel-4016-0-1-1\" class=\"so-panel widget widget_sow-editor panel-last-child\" data-index=\"2\" ><div\n\t\t\t\n\t\t\tclass=\"so-widget-sow-editor so-widget-sow-editor-base\"\n\t\t\t\n\t\t>\n<div class=\"siteorigin-widget-tinymce textwidget\">\n\t<p><img loading=\"lazy\" decoding=\"async\" class=\"aligncenter wp-image-1929 size-full\" src=\"https:\/\/parcelux.com\/wp-content\/uploads\/2019\/11\/american-clothing.jpg\" alt=\"femei care cump\u0103r\u0103 de la magazine online din America\" width=\"848\" height=\"480\" srcset=\"https:\/\/parcelux.com\/wp-content\/uploads\/2019\/11\/american-clothing.jpg 848w, https:\/\/parcelux.com\/wp-content\/uploads\/2019\/11\/american-clothing-600x340.jpg 600w, https:\/\/parcelux.com\/wp-content\/uploads\/2019\/11\/american-clothing-360x204.jpg 360w, https:\/\/parcelux.com\/wp-content\/uploads\/2019\/11\/american-clothing-300x170.jpg 300w, https:\/\/parcelux.com\/wp-content\/uploads\/2019\/11\/american-clothing-768x435.jpg 768w\" sizes=\"auto, (max-width: 848px) 100vw, 848px\" \/><\/p>\n<\/div>\n<\/div><\/div><\/div><\/div><div id=\"pg-4016-1\"  class=\"panel-grid panel-no-style\" ><div id=\"pgc-4016-1-0\"  class=\"panel-grid-cell\" ><div id=\"panel-4016-1-0-0\" class=\"widget_text so-panel widget widget_custom_html panel-first-child panel-last-child\" data-index=\"3\" ><div class=\"textwidget custom-html-widget\"><script type=\"text\/javascript\">\namzn_assoc_placement = \"adunit0\";\namzn_assoc_search_bar = \"true\";\namzn_assoc_tracking_id = \"parcelux-20\";\namzn_assoc_search_bar_position = \"bottom\";\namzn_assoc_ad_mode = \"search\";\namzn_assoc_ad_type = \"smart\";\namzn_assoc_marketplace = \"amazon\";\namzn_assoc_region = \"US\";\namzn_assoc_title = \"Shop Related Products\";\namzn_assoc_default_search_phrase = \"sale\";\namzn_assoc_default_category = \"All\";\namzn_assoc_linkid = \"878de848c985ede2177c3431fdcd2e8f\";\n<\/script>\n<script src=\"\/\/z-na.amazon-adsystem.com\/widgets\/onejs?MarketPlace=US\"><\/script><\/div><\/div><\/div><\/div><div id=\"pg-4016-2\"  class=\"panel-grid panel-has-style\" ><div class=\"siteorigin-panels-stretch panel-row-style panel-row-style-for-4016-2\" data-stretch-type=\"full\" ><div id=\"pgc-4016-2-0\"  class=\"panel-grid-cell\" ><div id=\"panel-4016-2-0-0\" class=\"so-panel widget widget_pw_call_to_action widget-call-to-action panel-first-child\" data-index=\"4\" ><div class=\"widget-title--big panel-widget-style panel-widget-style-for-4016-2-0-0\" >\t\t\t\t<div class=\"call-to-action\">\n\t\t\t\t\t<div class=\"call-to-action__text\">\n\t\t\t\t\t\tParcelux ofer\u0103 cele mai convenabile servicii de comenzi din SUA\t\t\t\t\t<\/div>\n\t\t\t\t\t<div class=\"call-to-action__button\">\n\t\t\t\t\t\t<a class=\"btn    btn-primary\" href=\"#ipt-fsqm-popup-form-52\" target=\"_self\">Estimeaz\u0103 trasnsportul<\/a>.\t\t\t\t\t<\/div>\n\t\t\t\t<\/div>\n\t\t\t<\/div><\/div><div id=\"panel-4016-2-0-1\" class=\"so-panel widget widget_pw_testimonials widget-testimonials\" data-index=\"5\" >\n\t<div class=\"testimonial\">\n\t\t\t\t\t<a class=\"testimonial__carousel  testimonial__carousel--left\" href=\"#carousel-testimonials-widget-2-0-1\" data-slide=\"prev\"><i class=\"fa  fa-chevron-left\" aria-hidden=\"true\"><\/i><span class=\"sr-only\" role=\"button\">Next<\/span><\/a>\n\t\t\n\t\t<h3 class=\"widget-title\"><span class=\"widget-title__inline\">Recenzii<\/span><\/h3>\n\t\t\t\t\t<a class=\"testimonial__carousel  testimonial__carousel--right\" href=\"#carousel-testimonials-widget-2-0-1\" data-slide=\"next\"><i class=\"fa  fa-chevron-right\" aria-hidden=\"true\"><\/i><span class=\"sr-only\" role=\"button\">Previous<\/span><\/a>\n\t\t\n\t\t<div id=\"carousel-testimonials-widget-2-0-1\" class=\"carousel slide\" data-ride=\"carousel\" data-interval=\"7000\">\n\t\t\t<!-- Wrapper for slides -->\n\t\t\t<div class=\"carousel-inner\" role=\"listbox\">\n\t\t\t\t<div class=\"item active\">\n\t\t\t\t\t<div class=\"row\">\n\t\t\t\t\t\t\t\t\t\t\t\t\t\t\t\t\t\t\t\t<div class=\"col-12  col-sm-6\">\n\t\t\t\t\t\t\t\t<blockquote>\n\t\t\t\t\t\t\t\t\t<p class=\"testimonial__quote\">\n\t\t\t\t\t\t\t\t\t\tCautam o companie cu care sa comand din SUA si sa ma ajute sa cumpar din America si sa transport niste scule de specialitate in Romania. Parcelux m-a ajutat sa gasesc cele mai bune siteuri pentru unelte de specialitate si mi-au oferit si servicii de transport internationale. Sunt una dintre cele mai bune companii de transport pachete din SUA, ii recomand cu incredere.\t\t\t\t\t\t\t\t\t<\/p>\n\t\t\t\t\t\t\t\t\t<cite class=\"testimonial__author\">\n\t\t\t\t\t\t\t\t\t\tVasile S.\t\t\t\t\t\t\t\t\t<\/cite>\n\n\t\t\t\t\t\t\t\t\t\t\t\t\t\t\t\t\t\t\t<div class=\"testimonial__author-description\">\n\t\t\t\t\t\t\t\t\t\t\tContractant\t\t\t\t\t\t\t\t\t\t<\/div>\n\t\t\t\t\t\t\t\t\t\n\t\t\t\t\t\t\t\t\t\n\t\t\t\t\t\t\t\t\t\t\t\t\t\t\t\t\t<\/blockquote>\n\t\t\t\t\t\t\t<\/div>\n\t\t\t\t\t\t\t\t\t\t\t\t\t\t\t\t\t\t\t\t<div class=\"col-12  col-sm-6\">\n\t\t\t\t\t\t\t\t<blockquote>\n\t\t\t\t\t\t\t\t\t<p class=\"testimonial__quote\">\n\t\t\t\t\t\t\t\t\t\tserviciu de calitate, livrare rapida! de incredere!\t\t\t\t\t\t\t\t\t<\/p>\n\t\t\t\t\t\t\t\t\t<cite class=\"testimonial__author\">\n\t\t\t\t\t\t\t\t\t\tMike S.\t\t\t\t\t\t\t\t\t<\/cite>\n\n\t\t\t\t\t\t\t\t\t\t\t\t\t\t\t\t\t\t\t<div class=\"testimonial__author-description\">\n\t\t\t\t\t\t\t\t\t\t\tInfluencer\t\t\t\t\t\t\t\t\t\t<\/div>\n\t\t\t\t\t\t\t\t\t\n\t\t\t\t\t\t\t\t\t\n\t\t\t\t\t\t\t\t\t\t\t\t\t\t\t\t\t<\/blockquote>\n\t\t\t\t\t\t\t<\/div>\n\t\t\t\t\t\t\t\t\t\t\t\t\t<\/div><\/div> <div class=\"item\"><div class=\"row\">\t\t\t\t\t\t\t<div class=\"col-12  col-sm-6\">\n\t\t\t\t\t\t\t\t<blockquote>\n\t\t\t\t\t\t\t\t\t<p class=\"testimonial__quote\">\n\t\t\t\t\t\t\t\t\t\tAm comandat un produs de pe un site care livreaza doar in SUA pe adresa lor si ei mii l au trimis in Romania la un pret excelent.Pachetul a ajuns intr o stare excelenta.O sa mai comand prin Parcelux.Recomand.\t\t\t\t\t\t\t\t\t<\/p>\n\t\t\t\t\t\t\t\t\t<cite class=\"testimonial__author\">\n\t\t\t\t\t\t\t\t\t\tAlexandru L.\t\t\t\t\t\t\t\t\t<\/cite>\n\n\t\t\t\t\t\t\t\t\t\t\t\t\t\t\t\t\t\t\t<div class=\"testimonial__author-description\">\n\t\t\t\t\t\t\t\t\t\t\tPreot\t\t\t\t\t\t\t\t\t\t<\/div>\n\t\t\t\t\t\t\t\t\t\n\t\t\t\t\t\t\t\t\t\n\t\t\t\t\t\t\t\t\t\t\t\t\t\t\t\t\t<\/blockquote>\n\t\t\t\t\t\t\t<\/div>\n\t\t\t\t\t\t\t\t\t\t\t\t\t\t\t\t\t\t\t\t<div class=\"col-12  col-sm-6\">\n\t\t\t\t\t\t\t\t<blockquote>\n\t\t\t\t\t\t\t\t\t<p class=\"testimonial__quote\">\n\t\t\t\t\t\t\t\t\t\tAm comandat 2 po\u0219ete si o pereche de cizme de la Michael Kors prin Parcelux. La inceput nu am \u0219tiut ca este posibil sa faci comenzi in SUA si sa vin\u0103 a\u0219a de repede. Serviciile lor de facilitare comenzi si de transport de pachete sunt bune, de \u00eencredere si rapide. O sa continuu sa comand prin Parcelux din America si \u00eei recomand cu cea mai mare \u00eencredere.\t\t\t\t\t\t\t\t\t<\/p>\n\t\t\t\t\t\t\t\t\t<cite class=\"testimonial__author\">\n\t\t\t\t\t\t\t\t\t\tFlori R\t\t\t\t\t\t\t\t\t<\/cite>\n\n\t\t\t\t\t\t\t\t\t\t\t\t\t\t\t\t\t\t\t<div class=\"testimonial__author-description\">\n\t\t\t\t\t\t\t\t\t\t\tFashionista\t\t\t\t\t\t\t\t\t\t<\/div>\n\t\t\t\t\t\t\t\t\t\n\t\t\t\t\t\t\t\t\t\n\t\t\t\t\t\t\t\t\t\t\t\t\t\t\t\t\t<\/blockquote>\n\t\t\t\t\t\t\t<\/div>\n\t\t\t\t\t\t\t\t\t\t\t<\/div>\n\t\t\t\t<\/div>\n\t\t\t<\/div>\n\t\t<\/div>\n\t<\/div>\n\n<\/div><div id=\"panel-4016-2-0-2\" class=\"so-panel widget widget_sow-editor panel-last-child\" data-index=\"6\" ><div\n\t\t\t\n\t\t\tclass=\"so-widget-sow-editor so-widget-sow-editor-base\"\n\t\t\t\n\t\t>\n<div class=\"siteorigin-widget-tinymce textwidget\">\n\t<script type=\"text\/javascript\">\n\tif ( window.iptFSQMModalPopupForms == undefined ) {\n\t\twindow.iptFSQMModalPopupForms = [];\n\t}\n\twindow.iptFSQMModalPopupForms[window.iptFSQMModalPopupForms.length] = {\"label\":\"Shipping Quote\",\"color\":\"#ffffff\",\"bgcolor\":\"#3c609e\",\"position\":\"h\",\"style\":\"rect\",\"header\":\"Shipping Quote\",\"subtitle\":\"\",\"icon\":\"fa fa-file-text\",\"width\":\"600\",\"formID\":\"52\",\"url\":\"https:\\\/\\\/parcelux.com\\\/ro\\\/eforms\\\/shipping-quote\\\/52\\\/\"};\n<\/script>\n\t\t\n<\/div>\n<\/div><\/div><\/div><\/div><\/div><div id=\"pg-4016-3\"  class=\"panel-grid panel-no-style\" ><div id=\"pgc-4016-3-0\"  class=\"panel-grid-cell\" ><div id=\"panel-4016-3-0-0\" class=\"so-panel widget widget_sow-editor panel-first-child panel-last-child\" data-index=\"7\" ><div\n\t\t\t\n\t\t\tclass=\"so-widget-sow-editor so-widget-sow-editor-base\"\n\t\t\t\n\t\t>\n<div class=\"siteorigin-widget-tinymce textwidget\">\n\t<h3><span class=\"notranslate\">Ce po\u021bi cump\u0103ra \u00een SUA?<\/span><\/h3>\n<p><span class=\"notranslate\">Exist\u0103 literalmente zeci sau sute de mii de produse pe care le pute\u021bi ob\u021bine de la magazinele online din SUA.<\/span><\/p>\n<p><span class=\"notranslate\">C\u00e2teva exemple de site-uri web de cump\u0103r\u0103turi online americane sunt:<\/span><\/p>\n<ul>\n<li><span class=\"notranslate\">amazon.com pentru marfa generala;<\/span>\u00a0<span class=\"notranslate\">ofer\u0103 produse care nu pot fi g\u0103site pe pie\u021bele din alte \u021b\u0103ri<\/span><\/li>\n<li><span class=\"notranslate\">bestbuy.com pentru electronice<\/span><\/li>\n<li><span class=\"notranslate\">walmart.com pentru m\u0103rfuri la pre\u021b redus, dar de calitate<\/span><\/li>\n<li><span class=\"notranslate\">macys.com unul dintre cele\u00a0<a href=\"https:\/\/parcelux.com\/designer-clothes-websites\/\">mai bune magazine online de \u00eembr\u0103c\u0103minte<\/a><\/span><\/li>\n<\/ul>\n<p><span class=\"notranslate\">Produsele reale pe care le pute\u021bi comanda variaz\u0103 de la electronice \u0219i \u00eembr\u0103c\u0103minte la produse pentry hobby \u0219i dispozitive medicale.<\/span><\/p>\n<h3><span class=\"notranslate\">Exist\u0103 restric\u021bii la cump\u0103r\u0103turi din SUA?<\/span><\/h3>\n<p><span class=\"notranslate\">Da sunt.<\/span>\u00a0<span class=\"notranslate\">\u00cen general, acestea sunt restric\u021bii particulare fiec\u0103rei \u021b\u0103ri sau restric\u021bii de m\u0103rime \u0219i greutate.<\/span><\/p>\n<p><span class=\"notranslate\"><a href=\"https:\/\/pe.usps.com\/text\/imm\/immctry.htm\">USPS are o list\u0103 cuprinz\u0103toare<\/a>\u00a0cu restric\u021bii specifice fiec\u0103rei \u021b\u0103ri.<\/span><\/p>\n<p><span class=\"notranslate\">\u00cen general, nu pute\u021bi expedia:<\/span><\/p>\n<ul>\n<li><span class=\"notranslate\">arme \u0219i muni\u021bii<\/span><\/li>\n<li><span class=\"notranslate\">droguri<\/span><\/li>\n<li><span class=\"notranslate\">explozivi<\/span><\/li>\n<li><span class=\"notranslate\">materiale periculoase<\/span><\/li>\n<li><span class=\"notranslate\">marijuana (medical sau alt tip)<\/span><\/li>\n<li><span class=\"notranslate\">otr\u0103vuri<\/span><\/li>\n<\/ul>\n<p><span class=\"notranslate\">Restric\u021biile de greutate \u0219i volum variaz\u0103 de la o \u021bar\u0103 la alta.<\/span>\u00a0<span class=\"notranslate\">Formularul nostru de tarife de transport interna\u021bional arat\u0103 lista complet\u0103 a \u021b\u0103rilor \u00een care trimitem \u0219i restric\u021biile de greutate ale acestora.<\/span>\u00a0<span class=\"notranslate\">\u00cen func\u021bie de produselor dorite, se pot aplica \u0219i alte restric\u021bii.<\/span><\/p>\n<h3><span class=\"notranslate\">Cum s\u0103 ob\u021bii cele mai mici pre\u021buri din SUA?<\/span><\/h3>\n<p><span class=\"notranslate\">Exist\u0103 o mul\u021bime de modalit\u0103\u021bi de a men\u021bine pre\u021burile sc\u0103zute atunci c\u00e2nd face\u021bi cump\u0103r\u0103turi \u00een SUA:<\/span><\/p>\n<ul>\n<li><span class=\"notranslate\">alege magazinul cu cele mai mici preturi<\/span><\/li>\n<li><span class=\"notranslate\">folosi\u021bi cupoane<\/span><\/li>\n<li><span class=\"notranslate\">alege\u021bi magazinele care au transport gratuit pentru SUA<\/span><\/li>\n<li><span class=\"notranslate\">compara\u021bi pre\u021burile de la un magazin la altul<\/span><\/li>\n<li><span class=\"notranslate\">alege\u021bi unul dintre cele mai sigure \u0219i mai accesibile <a href=\"https:\/\/parcelux.com\/ro\/serviciu-de-curierat-international\/\">servicii de curierat interna\u021bional<\/a><\/span><\/li>\n<\/ul>\n<p><span class=\"notranslate\">De obicei, taxa noastr\u0103 de cump\u0103r\u0103turi asistate este mai mic\u0103 dec\u00e2t plata unui pre\u021b mai mare la un magazin online scump.<\/span>\u00a0<span class=\"notranslate\">Putem s\u0103 i\u021bi oferim o cot\u0103 gratuit\u0103 pentru orice tip de produs.<\/span><\/p>\n<\/div>\n<\/div><\/div><\/div><\/div><\/div>","protected":false},"excerpt":{"rendered":"<p>De ce s\u0103 cumperi din SUA? Exist\u0103 c\u00e2teva motive pentru care oamenii prefer\u0103 s\u0103 fac\u0103 cump\u0103r\u0103turi \u00een SUA ori de c\u00e2te ori este posibil: produsele de specialitate sunt mai u\u0219or de g\u0103sit calitatea este mai mare pre\u021burile sunt mai mici acces la m\u0103rci \u0219i firme care nu se v\u00e2nd la nivel interna\u021bional taxele noastre de &hellip;<\/p>\n","protected":false},"author":7,"featured_media":3812,"parent":0,"menu_order":0,"comment_status":"closed","ping_status":"open","template":"","meta":{"_acf_changed":false,"_seopress_robots_primary_cat":"","_seopress_titles_title":"","_seopress_titles_desc":"","_seopress_robots_index":"","inline_featured_image":false,"footnotes":""},"class_list":["post-4016","page","type-page","status-publish","has-post-thumbnail","hentry"],"acf":[],"_links":{"self":[{"href":"https:\/\/parcelux.com\/ro\/wp-json\/wp\/v2\/pages\/4016","targetHints":{"allow":["GET"]}}],"collection":[{"href":"https:\/\/parcelux.com\/ro\/wp-json\/wp\/v2\/pages"}],"about":[{"href":"https:\/\/parcelux.com\/ro\/wp-json\/wp\/v2\/types\/page"}],"author":[{"embeddable":true,"href":"https:\/\/parcelux.com\/ro\/wp-json\/wp\/v2\/users\/7"}],"replies":[{"embeddable":true,"href":"https:\/\/parcelux.com\/ro\/wp-json\/wp\/v2\/comments?post=4016"}],"version-history":[{"count":0,"href":"https:\/\/parcelux.com\/ro\/wp-json\/wp\/v2\/pages\/4016\/revisions"}],"wp:featuredmedia":[{"embeddable":true,"href":"https:\/\/parcelux.com\/ro\/wp-json\/wp\/v2\/media\/3812"}],"wp:attachment":[{"href":"https:\/\/parcelux.com\/ro\/wp-json\/wp\/v2\/media?parent=4016"}],"curies":[{"name":"wp","href":"https:\/\/api.w.org\/{rel}","templated":true}]}}