{"id":3989,"date":"2020-01-02T09:13:07","date_gmt":"2020-01-02T15:13:07","guid":{"rendered":"https:\/\/parcelux.com\/?page_id=3989"},"modified":"2020-01-03T11:42:49","modified_gmt":"2020-01-03T17:42:49","slug":"transport-maritim","status":"publish","type":"page","link":"https:\/\/parcelux.com\/ro\/transport-maritim\/","title":{"rendered":"Transport Maritim"},"content":{"rendered":"<div id=\"pl-3989\"  class=\"panel-layout\" ><div id=\"pg-3989-0\"  class=\"panel-grid panel-no-style\" ><div id=\"pgc-3989-0-0\"  class=\"panel-grid-cell\" ><div id=\"panel-3989-0-0-0\" class=\"so-panel widget widget_sow-editor panel-first-child panel-last-child\" data-index=\"0\" ><div\n\t\t\t\n\t\t\tclass=\"so-widget-sow-editor so-widget-sow-editor-base\"\n\t\t\t\n\t\t>\n<div class=\"siteorigin-widget-tinymce textwidget\">\n\t<h2><span class=\"notranslate\">Transport maritim<\/span><\/h2>\n<p><span class=\"notranslate\">Aproximativ 90% din m\u0103rfurile lumii sunt livrate la nivel interna\u021bional prin nave de marf\u0103.<\/span>\u00a0<span class=\"notranslate\">Chiar dac\u0103 este nevoie de mai mult timp dec\u00e2t <a href=\"https:\/\/parcelux.com\/ro\/transport-aerian-din-america-in-romania\/\">transportul aerian de marf\u0103<\/a> , popularitatea transportului maritim a fost c\u00e2\u0219tigat\u0103 din cauza pre\u021burilor mici \u0219i a modului convenabil de a expedia cantit\u0103\u021bi imense de marf\u0103.<\/span><\/p>\n<h3><span class=\"notranslate\">Ce este un expeditor maritim?<\/span><\/h3>\n<p><span class=\"notranslate\">Este un intermediar specializat \u00een ob\u021binerea \u00een siguran\u021b\u0103 a m\u0103rfurilor peste ocean printr-o nav\u0103 de marf\u0103.<\/span>\u00a0<span class=\"notranslate\"><a href=\"https:\/\/parcelux.com\">Compania de expediere<\/a> prime\u0219te pachetele sau m\u0103rfurile dvs. \u0219i apoi le redirec\u021bioneaz\u0103 in \u021bara dorit\u0103 prin intermediul transportului maritim, peste ocean.<\/span><\/p>\n<\/div>\n<\/div><\/div><\/div><div id=\"pgc-3989-0-1\"  class=\"panel-grid-cell\" ><div id=\"panel-3989-0-1-0\" class=\"so-panel widget widget_sow-editor panel-first-child\" data-index=\"1\" ><div class=\"featured-widget panel-widget-style panel-widget-style-for-3989-0-1-0\" ><div\n\t\t\t\n\t\t\tclass=\"so-widget-sow-editor so-widget-sow-editor-base\"\n\t\t\t\n\t\t>\n<div class=\"siteorigin-widget-tinymce textwidget\">\n\t<p><img loading=\"lazy\" decoding=\"async\" class=\"aligncenter wp-image-1513 size-full\" src=\"https:\/\/parcelux.com\/wp-content\/uploads\/2019\/10\/us-map.png\" alt=\"us map\" width=\"51\" height=\"51\" \/><\/p>\n<ol id=\"home\">\n<li>Te ajut\u0103m sa gase\u0219ti orice tip de produse la cele mai bune magazine online din America<\/li>\n<li>I\u021bi oferim propria ta adres\u0103 virtual\u0103 SUA. Gratuit.<\/li>\n<li>Primim comenzile tale si \u021bi le livr\u0103m la domiciliu. In timp record.<\/li>\n<\/ol>\n<\/div>\n<\/div><\/div><\/div><div id=\"panel-3989-0-1-1\" class=\"so-panel widget widget_sow-editor panel-last-child\" data-index=\"2\" ><div\n\t\t\t\n\t\t\tclass=\"so-widget-sow-editor so-widget-sow-editor-base\"\n\t\t\t\n\t\t>\n<div class=\"siteorigin-widget-tinymce textwidget\">\n\t<p><img loading=\"lazy\" decoding=\"async\" class=\"size-full wp-image-1466 alignleft\" src=\"https:\/\/parcelux.com\/wp-content\/uploads\/2019\/10\/international-shipping.jpg\" alt=\"femeie deschiz\u00e2nd cadouri\" width=\"848\" height=\"480\" srcset=\"https:\/\/parcelux.com\/wp-content\/uploads\/2019\/10\/international-shipping.jpg 848w, https:\/\/parcelux.com\/wp-content\/uploads\/2019\/10\/international-shipping-600x340.jpg 600w, https:\/\/parcelux.com\/wp-content\/uploads\/2019\/10\/international-shipping-360x204.jpg 360w, https:\/\/parcelux.com\/wp-content\/uploads\/2019\/10\/international-shipping-300x170.jpg 300w, https:\/\/parcelux.com\/wp-content\/uploads\/2019\/10\/international-shipping-768x435.jpg 768w\" sizes=\"auto, (max-width: 848px) 100vw, 848px\" \/><\/p>\n<\/div>\n<\/div><\/div><\/div><\/div><div id=\"pg-3989-1\"  class=\"panel-grid panel-has-style\" ><div class=\"siteorigin-panels-stretch panel-row-style panel-row-style-for-3989-1\" data-stretch-type=\"full\" ><div id=\"pgc-3989-1-0\"  class=\"panel-grid-cell\" ><div id=\"panel-3989-1-0-0\" class=\"so-panel widget widget_pw_call_to_action widget-call-to-action panel-first-child\" data-index=\"3\" ><div class=\"widget-title--big panel-widget-style panel-widget-style-for-3989-1-0-0\" >\t\t\t\t<div class=\"call-to-action\">\n\t\t\t\t\t<div class=\"call-to-action__text\">\n\t\t\t\t\t\tParcelux ofer\u0103 cele mai convenabile servicii de comenzi din SUA\t\t\t\t\t<\/div>\n\t\t\t\t\t<div class=\"call-to-action__button\">\n\t\t\t\t\t\t<a class=\"btn    btn-primary\" href=\"#ipt-fsqm-popup-form-52\" target=\"_self\">Estimeaz\u0103 trasnsportul<\/a>.\t\t\t\t\t<\/div>\n\t\t\t\t<\/div>\n\t\t\t<\/div><\/div><div id=\"panel-3989-1-0-1\" class=\"so-panel widget widget_pw_testimonials widget-testimonials\" data-index=\"4\" >\n\t<div class=\"testimonial\">\n\t\t\t\t\t<a class=\"testimonial__carousel  testimonial__carousel--left\" href=\"#carousel-testimonials-widget-1-0-1\" data-slide=\"prev\"><i class=\"fa  fa-chevron-left\" aria-hidden=\"true\"><\/i><span class=\"sr-only\" role=\"button\">Next<\/span><\/a>\n\t\t\n\t\t<h3 class=\"widget-title\"><span class=\"widget-title__inline\">Recenzii<\/span><\/h3>\n\t\t\t\t\t<a class=\"testimonial__carousel  testimonial__carousel--right\" href=\"#carousel-testimonials-widget-1-0-1\" data-slide=\"next\"><i class=\"fa  fa-chevron-right\" aria-hidden=\"true\"><\/i><span class=\"sr-only\" role=\"button\">Previous<\/span><\/a>\n\t\t\n\t\t<div id=\"carousel-testimonials-widget-1-0-1\" class=\"carousel slide\" data-ride=\"carousel\" data-interval=\"7000\">\n\t\t\t<!-- Wrapper for slides -->\n\t\t\t<div class=\"carousel-inner\" role=\"listbox\">\n\t\t\t\t<div class=\"item active\">\n\t\t\t\t\t<div class=\"row\">\n\t\t\t\t\t\t\t\t\t\t\t\t\t\t\t\t\t\t\t\t<div class=\"col-12  col-sm-6\">\n\t\t\t\t\t\t\t\t<blockquote>\n\t\t\t\t\t\t\t\t\t<p class=\"testimonial__quote\">\n\t\t\t\t\t\t\t\t\t\tCautam o companie cu care sa comand din SUA si sa ma ajute sa cumpar din America si sa transport niste scule de specialitate in Romania. Parcelux m-a ajutat sa gasesc cele mai bune siteuri pentru unelte de specialitate si mi-au oferit si servicii de transport internationale. Sunt una dintre cele mai bune companii de transport pachete din SUA, ii recomand cu incredere.\t\t\t\t\t\t\t\t\t<\/p>\n\t\t\t\t\t\t\t\t\t<cite class=\"testimonial__author\">\n\t\t\t\t\t\t\t\t\t\tVasile S.\t\t\t\t\t\t\t\t\t<\/cite>\n\n\t\t\t\t\t\t\t\t\t\t\t\t\t\t\t\t\t\t\t<div class=\"testimonial__author-description\">\n\t\t\t\t\t\t\t\t\t\t\tContractant\t\t\t\t\t\t\t\t\t\t<\/div>\n\t\t\t\t\t\t\t\t\t\n\t\t\t\t\t\t\t\t\t\n\t\t\t\t\t\t\t\t\t\t\t\t\t\t\t\t\t<\/blockquote>\n\t\t\t\t\t\t\t<\/div>\n\t\t\t\t\t\t\t\t\t\t\t\t\t\t\t\t\t\t\t\t<div class=\"col-12  col-sm-6\">\n\t\t\t\t\t\t\t\t<blockquote>\n\t\t\t\t\t\t\t\t\t<p class=\"testimonial__quote\">\n\t\t\t\t\t\t\t\t\t\tserviciu de calitate, livrare rapida! de incredere!\t\t\t\t\t\t\t\t\t<\/p>\n\t\t\t\t\t\t\t\t\t<cite class=\"testimonial__author\">\n\t\t\t\t\t\t\t\t\t\tMike S.\t\t\t\t\t\t\t\t\t<\/cite>\n\n\t\t\t\t\t\t\t\t\t\t\t\t\t\t\t\t\t\t\t<div class=\"testimonial__author-description\">\n\t\t\t\t\t\t\t\t\t\t\tInfluencer\t\t\t\t\t\t\t\t\t\t<\/div>\n\t\t\t\t\t\t\t\t\t\n\t\t\t\t\t\t\t\t\t\n\t\t\t\t\t\t\t\t\t\t\t\t\t\t\t\t\t<\/blockquote>\n\t\t\t\t\t\t\t<\/div>\n\t\t\t\t\t\t\t\t\t\t\t\t\t<\/div><\/div> <div class=\"item\"><div class=\"row\">\t\t\t\t\t\t\t<div class=\"col-12  col-sm-6\">\n\t\t\t\t\t\t\t\t<blockquote>\n\t\t\t\t\t\t\t\t\t<p class=\"testimonial__quote\">\n\t\t\t\t\t\t\t\t\t\tAm comandat un produs de pe un site care livreaza doar in SUA pe adresa lor si ei mii l au trimis in Romania la un pret excelent.Pachetul a ajuns intr o stare excelenta.O sa mai comand prin Parcelux.Recomand.\t\t\t\t\t\t\t\t\t<\/p>\n\t\t\t\t\t\t\t\t\t<cite class=\"testimonial__author\">\n\t\t\t\t\t\t\t\t\t\tAlexandru L.\t\t\t\t\t\t\t\t\t<\/cite>\n\n\t\t\t\t\t\t\t\t\t\t\t\t\t\t\t\t\t\t\t<div class=\"testimonial__author-description\">\n\t\t\t\t\t\t\t\t\t\t\tPreot\t\t\t\t\t\t\t\t\t\t<\/div>\n\t\t\t\t\t\t\t\t\t\n\t\t\t\t\t\t\t\t\t\n\t\t\t\t\t\t\t\t\t\t\t\t\t\t\t\t\t<\/blockquote>\n\t\t\t\t\t\t\t<\/div>\n\t\t\t\t\t\t\t\t\t\t\t\t\t\t\t\t\t\t\t\t<div class=\"col-12  col-sm-6\">\n\t\t\t\t\t\t\t\t<blockquote>\n\t\t\t\t\t\t\t\t\t<p class=\"testimonial__quote\">\n\t\t\t\t\t\t\t\t\t\tAm comandat 2 po\u0219ete si o pereche de cizme de la Michael Kors prin Parcelux. La inceput nu am \u0219tiut ca este posibil sa faci comenzi in SUA si sa vin\u0103 a\u0219a de repede. Serviciile lor de facilitare comenzi si de transport de pachete sunt bune, de \u00eencredere si rapide. O sa continuu sa comand prin Parcelux din America si \u00eei recomand cu cea mai mare \u00eencredere.\t\t\t\t\t\t\t\t\t<\/p>\n\t\t\t\t\t\t\t\t\t<cite class=\"testimonial__author\">\n\t\t\t\t\t\t\t\t\t\tFlori R\t\t\t\t\t\t\t\t\t<\/cite>\n\n\t\t\t\t\t\t\t\t\t\t\t\t\t\t\t\t\t\t\t<div class=\"testimonial__author-description\">\n\t\t\t\t\t\t\t\t\t\t\tFashionista\t\t\t\t\t\t\t\t\t\t<\/div>\n\t\t\t\t\t\t\t\t\t\n\t\t\t\t\t\t\t\t\t\n\t\t\t\t\t\t\t\t\t\t\t\t\t\t\t\t\t<\/blockquote>\n\t\t\t\t\t\t\t<\/div>\n\t\t\t\t\t\t\t\t\t\t\t<\/div>\n\t\t\t\t<\/div>\n\t\t\t<\/div>\n\t\t<\/div>\n\t<\/div>\n\n<\/div><div id=\"panel-3989-1-0-2\" class=\"so-panel widget widget_sow-editor panel-last-child\" data-index=\"5\" ><div\n\t\t\t\n\t\t\tclass=\"so-widget-sow-editor so-widget-sow-editor-base\"\n\t\t\t\n\t\t>\n<div class=\"siteorigin-widget-tinymce textwidget\">\n\t<script type=\"text\/javascript\">\n\tif ( window.iptFSQMModalPopupForms == undefined ) {\n\t\twindow.iptFSQMModalPopupForms = [];\n\t}\n\twindow.iptFSQMModalPopupForms[window.iptFSQMModalPopupForms.length] = {\"label\":\"Shipping Quote\",\"color\":\"#ffffff\",\"bgcolor\":\"#3c609e\",\"position\":\"h\",\"style\":\"rect\",\"header\":\"Shipping Quote\",\"subtitle\":\"\",\"icon\":\"fa fa-file-text\",\"width\":\"600\",\"formID\":\"52\",\"url\":\"https:\\\/\\\/parcelux.com\\\/ro\\\/eforms\\\/shipping-quote\\\/52\\\/\"};\n<\/script>\n\t\t\n<\/div>\n<\/div><\/div><\/div><\/div><\/div><div id=\"pg-3989-2\"  class=\"panel-grid panel-no-style\" ><div id=\"pgc-3989-2-0\"  class=\"panel-grid-cell\" ><div id=\"panel-3989-2-0-0\" class=\"so-panel widget widget_sow-editor panel-first-child panel-last-child\" data-index=\"6\" ><div\n\t\t\t\n\t\t\tclass=\"so-widget-sow-editor so-widget-sow-editor-base\"\n\t\t\t\n\t\t>\n<div class=\"siteorigin-widget-tinymce textwidget\">\n\t<p><span class=\"notranslate\">De obicei, o astfel de companie supravegheaz\u0103 unele dintre sau toate aceste etape de transport maritim:<\/span><\/p>\n<ul>\n<li><span class=\"notranslate\">transport intern in \u021bara surs\u0103 - \u00eenc\u0103rcarea, desc\u0103rcarea m\u0103rfurilor sau a coletelor pe camioane \u0219i, \u00een general, transportul pachetelor \u00een \u021bara surs\u0103<\/span><\/li>\n<li><span class=\"notranslate\">servicii de primire - v\u0103 ofer\u0103 spa\u021biu de stocare pentru pachetele dvs. p\u00e2n\u0103 c\u00e2nd pot fi \u00eenc\u0103rcate pentru urm\u0103toarea etap\u0103 a c\u0103l\u0103toriei<\/span><\/li>\n<li><span class=\"notranslate\"><a href=\"https:\/\/parcelux.com\/ro\/ambalare-stocare\/\">servicii de ambalare<\/a> - se asigur\u0103 c\u0103 marfa este ambalat\u0103 corespunz\u0103tor pentru transportul in container<\/span><\/li>\n<li><span class=\"notranslate\">servicii de asigurare - v\u0103 asigur\u0103 coletele, de obicei gratuit p\u00e2n\u0103 la o sum\u0103 (cum ar fi 100 USD) \u0219i apoi pentru o tax\u0103 suplimentar\u0103 pentru fiecare 100 USD asigura\u021bi<\/span><\/li>\n<li><span class=\"notranslate\">documente de transport - completeaz\u0103 documentele, verific\u0103 marfa \u00eempotriva listei de articole interzise<\/span><\/li>\n<li><span class=\"notranslate\">\u00eenc\u0103rcare de marf\u0103 - pe un container maritim<\/span><\/li>\n<li><span class=\"notranslate\"><a href=\"https:\/\/parcelux.com\/en\/international-courier-service\/\">servicii de curierat interna\u021bional<\/a> - v\u0103 transport\u0103 pachetele \u00een \u021bara de destina\u021bie \u0219i le livreaz\u0103 la domiciliu<\/span><\/li>\n<\/ul>\n<h3><span class=\"notranslate\">Am nevoie de un expeditor maritim?<\/span><\/h3>\n<p><span class=\"notranslate\">Da, mai ales dac\u0103 nu sunte\u021bi familiarizat cu completarea tuturor documentelor necesare pentru transportul interna\u021bional sau dac\u0103 nu sunte\u021bi fizic \u00een \u021bara surs\u0103.<\/span>\u00a0<span class=\"notranslate\">Regula general\u0103 este c\u0103, cu c\u00e2t mai multe companii de transport angaja\u021bi s\u0103 aduce\u021bi la marfa la destina\u021bie, cu at\u00e2t va fi mai scump \u0219i predispus la erori (mai multe probleme).<\/span><\/p>\n<p><span class=\"notranslate\">O companie consacrat\u0103 de <a href=\"https:\/\/parcelux.com\">transport\u00a0maritim de marf\u0103<\/a> va pune la dispozi\u021bie toate serviciile necesare \u0219i v\u0103 va supraveghea coletele din momentul \u00een care p\u0103r\u0103sesc comerciantul p\u00e2n\u0103 c\u00e2nd ajung la domiciliu.<\/span>\u00a0<span class=\"notranslate\">Compania este de asemenea capabil\u0103 s\u0103 negocieze mai multe reduceri pentru a v\u0103 asigura c\u0103 ve\u021bi primi cele mai bune tarife de transport.<\/span><\/p>\n<h3><span class=\"notranslate\">Transportul maritim vs transportul aerian<\/span><\/h3>\n<p><span class=\"notranslate\">Nu exist\u0103 un c\u00e2\u0219tig\u0103tor clar \u00eentre ocean \u0219i transportul aerian.<\/span>\u00a0<span class=\"notranslate\">Expedierea aerian\u0103 este mai rapid\u0103, mai sigur\u0103, dar \u0219i mai scump\u0103, ceea ce \u00eenseamn\u0103 c\u0103 m\u0103rfurile care nu trebuie s\u0103 ajung\u0103 rapid sunt cel mai bine trimise pe ocean.<\/span>\u00a0<span class=\"notranslate\">De asemenea, exist\u0103 anumite articole care nu pot fi expediate interna\u021bional pe calea aerului din cauza clasific\u0103rilor ca materiale periculoase sau din cauza altor reguli care variaz\u0103 de la o \u021bar\u0103 la alta \u0219i de la un transportator la un transportator.<\/span><\/p>\n<h3><span class=\"notranslate\">Companii de expediere a m\u0103rfurilor oceanice<\/span><\/h3>\n<p><span class=\"notranslate\">Exist\u0103 c\u00e2teva companii interna\u021bionale de transport marf\u0103, precum Kuehne + Nagel, care domin\u0103 pia\u021ba de transport maritim \u00een ceea ce prive\u0219te volumul.<\/span><\/p>\n<p><span class=\"notranslate\">\u00cen multe feluri, Parcelux ofer\u0103 un set de servicii de transport specializat, diferit, cum ar fi expedierea Amazon \u0219i o experien\u021b\u0103 personalizat\u0103 de transport colete.<\/span>\u00a0<span class=\"notranslate\">Ne concentr\u0103m pe transportul cantit\u0103\u021bilor mai mici dec\u00e2t un container, adic\u0103 colete individuale, pachete, pale\u021bi complete \u0219i palete personalizate.<\/span><\/p>\n<p><span class=\"notranslate\">Putem, de asemenea, s\u0103 facem aranjamente pentru\u00a0<strong>containere \u00eentregi<\/strong>, pentru anumite tipuri de marf\u0103, precum piese auto \u0219i echipamente medicale.<\/span><\/p>\n<h3><span class=\"notranslate\">Cum sunt determinate pre\u021burile transportului maritim<\/span><\/h3>\n<p><span class=\"notranslate\">Dac\u0103 dori\u021bi s\u0103 ob\u021bine\u021bi cele mai bune pre\u021buri de expediere a m\u0103rfurilor oceanice pentru coletul dvs., trebuie s\u0103 \u00een\u021belege\u021bi cum sunt calculate.<\/span><\/p>\n<p><span class=\"notranslate\">Acestea sunt cei mai importan\u021bi factori:<\/span><\/p>\n<ul>\n<li><span class=\"notranslate\">\u021bara de origine (SUA, \u00een cazul nostru) \u0219i \u021bara de destina\u021bie<\/span><\/li>\n<li><span class=\"notranslate\">greutatea pachetului sau m\u0103rfii<\/span><\/li>\n<li><span class=\"notranslate\">volumul pachetului sau al m\u0103rfii - chiar dac\u0103 coletul dvs. nu c\u00e2nt\u0103re\u0219te prea mult, poate fi expediat mai mult dac\u0103 are mai mult spa\u021biu \u00een container<\/span><\/li>\n<li><span class=\"notranslate\">asigurare - este recomandat s\u0103 cump\u0103ra\u021bi o asigurare suplimentar\u0103 pentru articole scumpe<\/span><\/li>\n<li><span class=\"notranslate\">taxe de stocare \u0219i ambalare - le oferim gratuit \u00een loca\u021bia noastr\u0103 din SUA.<\/span>\u00a0<span class=\"notranslate\">Cu toate acestea, dac\u0103 ave\u021bi nevoie de un ambalaj special (v\u0103 oferim gratuit ambalajul de baz\u0103) sau dac\u0103 pachetul trebuie s\u0103 fie stocat mai mult de 3 s\u0103pt\u0103m\u00e2ni, pot exista taxe suplimentare<\/span><\/li>\n<li><span class=\"notranslate\">Tarifele de transport intern (pentru pachetele pe care le comand\u0103m pentru dumneavoastr\u0103)<\/span><\/li>\n<li><span class=\"notranslate\">taxe vamale<\/span><\/li>\n<\/ul>\n<p><span class=\"notranslate\">Dup\u0103 cum pute\u021bi vedea, exist\u0103 o mul\u021bime de pa\u0219i \u0219i taxe de pl\u0103tit.<\/span>\u00a0<span class=\"notranslate\">Unul dintre cele mai mari avantaje pe care le ofer\u0103 Parcelux este combinarea tuturor acestor servicii \u00eentr-o singur\u0103 tax\u0103 accesibil\u0103.<\/span>\u00a0<span class=\"notranslate\"><em>Clien\u021bii ne spun \u00een mod regulat c\u0103 pre\u021burile noastre sunt mai mici \u0219i c\u0103 serviciile noastre sunt mai rapide dec\u00e2t ceea ce pot ob\u021bine \u00een \u021bara lor de origine.<\/em><\/span><\/p>\n<\/div>\n<\/div><\/div><\/div><\/div><\/div>","protected":false},"excerpt":{"rendered":"<p>Transport maritim Aproximativ 90% din m\u0103rfurile lumii sunt livrate la nivel interna\u021bional prin nave de marf\u0103.\u00a0Chiar dac\u0103 este nevoie de mai mult timp dec\u00e2t transportul aerian de marf\u0103 , popularitatea transportului maritim a fost c\u00e2\u0219tigat\u0103 din cauza pre\u021burilor mici \u0219i a modului convenabil de a expedia cantit\u0103\u021bi imense de marf\u0103. Ce este un expeditor maritim? &hellip;<\/p>\n","protected":false},"author":7,"featured_media":3783,"parent":0,"menu_order":0,"comment_status":"closed","ping_status":"open","template":"","meta":{"_acf_changed":false,"_seopress_robots_primary_cat":"","_seopress_titles_title":"","_seopress_titles_desc":"","_seopress_robots_index":"","inline_featured_image":false,"footnotes":""},"class_list":["post-3989","page","type-page","status-publish","has-post-thumbnail","hentry"],"acf":[],"_links":{"self":[{"href":"https:\/\/parcelux.com\/ro\/wp-json\/wp\/v2\/pages\/3989","targetHints":{"allow":["GET"]}}],"collection":[{"href":"https:\/\/parcelux.com\/ro\/wp-json\/wp\/v2\/pages"}],"about":[{"href":"https:\/\/parcelux.com\/ro\/wp-json\/wp\/v2\/types\/page"}],"author":[{"embeddable":true,"href":"https:\/\/parcelux.com\/ro\/wp-json\/wp\/v2\/users\/7"}],"replies":[{"embeddable":true,"href":"https:\/\/parcelux.com\/ro\/wp-json\/wp\/v2\/comments?post=3989"}],"version-history":[{"count":0,"href":"https:\/\/parcelux.com\/ro\/wp-json\/wp\/v2\/pages\/3989\/revisions"}],"wp:featuredmedia":[{"embeddable":true,"href":"https:\/\/parcelux.com\/ro\/wp-json\/wp\/v2\/media\/3783"}],"wp:attachment":[{"href":"https:\/\/parcelux.com\/ro\/wp-json\/wp\/v2\/media?parent=3989"}],"curies":[{"name":"wp","href":"https:\/\/api.w.org\/{rel}","templated":true}]}}