{"id":3933,"date":"2020-01-01T16:57:57","date_gmt":"2020-01-01T22:57:57","guid":{"rendered":"https:\/\/parcelux.com\/?page_id=3933"},"modified":"2020-01-03T11:37:16","modified_gmt":"2020-01-03T17:37:16","slug":"redirectionare-pachete-amazon-sua","status":"publish","type":"page","link":"https:\/\/parcelux.com\/ro\/redirectionare-pachete-amazon-sua\/","title":{"rendered":"Cumpara de la Amazon SUA"},"content":{"rendered":"<div id=\"pl-3933\"  class=\"panel-layout\" ><div id=\"pg-3933-0\"  class=\"panel-grid panel-no-style\" ><div id=\"pgc-3933-0-0\"  class=\"panel-grid-cell\" ><div id=\"panel-3933-0-0-0\" class=\"so-panel widget widget_sow-editor panel-first-child panel-last-child\" data-index=\"0\" ><div\n\t\t\t\n\t\t\tclass=\"so-widget-sow-editor so-widget-sow-editor-base\"\n\t\t\t\n\t\t>\n<div class=\"siteorigin-widget-tinymce textwidget\">\n\t<h2><span class=\"notranslate\">Ce este un serviciu de redirec\u021bionare Amazon?<\/span><\/h2>\n<p><span class=\"notranslate\">Este o companie de transport sau de <\/span><span class=\"notranslate\">redirec\u021bionare <\/span><span class=\"notranslate\">care prime\u0219te pachetele dvs. de la Amazon \u0219i le transport\u0103 c\u0103tre adresa aleas\u0103, de obicei o adres\u0103 interna\u021bional\u0103.<\/span><\/p>\n<h3><span class=\"notranslate\">Am nevoie de un expeditor Amazon?<\/span><\/h3>\n<p><span class=\"notranslate\">Depinde dac\u0103 comerciantul Amazon de la care cump\u0103ra\u021bi transport\u0103 la adresa dvs. interna\u021bional\u0103 sau nu.<\/span>\u00a0<span class=\"notranslate\">Dac\u0103 nu, Parcelux v\u0103 poate aduce pachetul la u\u0219a din fa\u021b\u0103, oriunde v\u0103 afla\u021bi \u00een Rom\u00e2nia. De asemenea, Parcelux transport\u0103 pachete din America in Europa.<\/span><\/p>\n<p><span class=\"notranslate\"><strong>Nota - Parcelux \u0219i serviciile sale nu sunt de\u021binute de Amazon, doar oferim servicii persoanelor care nu au acces u\u0219or la Amazon SUA .<\/strong><\/span>\u00a0<span class=\"notranslate\"><strong>Citi\u021bi mai multe despre\u00a0<a href=\"https:\/\/www.amazon.com\/gp\/help\/customer\/display.html?nodeId=201910550\">expedierea m\u0103rfurilor Amazon<\/a>\u00a0.<\/strong><\/span><\/p>\n<\/div>\n<\/div><\/div><\/div><div id=\"pgc-3933-0-1\"  class=\"panel-grid-cell\" ><div id=\"panel-3933-0-1-0\" class=\"so-panel widget widget_sow-editor panel-first-child\" data-index=\"1\" ><div class=\"featured-widget panel-widget-style panel-widget-style-for-3933-0-1-0\" ><div\n\t\t\t\n\t\t\tclass=\"so-widget-sow-editor so-widget-sow-editor-base\"\n\t\t\t\n\t\t>\n<div class=\"siteorigin-widget-tinymce textwidget\">\n\t<p><img loading=\"lazy\" decoding=\"async\" class=\"aligncenter wp-image-1513 size-full\" src=\"https:\/\/parcelux.com\/wp-content\/uploads\/2019\/10\/us-map.png\" alt=\"us map\" width=\"51\" height=\"51\" \/><\/p>\n<ol id=\"home\">\n<li>Te ajut\u0103m sa gase\u0219ti orice tip de produse la cele mai bune magazine online din America<\/li>\n<li>I\u021bi oferim propria ta adres\u0103 virtual\u0103 SUA. Gratuit.<\/li>\n<li>Primim comenzile tale si \u021bi le livr\u0103m la domiciliu. In timp record.<\/li>\n<\/ol>\n<\/div>\n<\/div><\/div><\/div><div id=\"panel-3933-0-1-1\" class=\"so-panel widget widget_black-studio-tinymce widget_black_studio_tinymce panel-last-child\" data-index=\"2\" ><div class=\"textwidget\"><p><img loading=\"lazy\" decoding=\"async\" class=\"aligncenter wp-image-1914 size-full\" src=\"https:\/\/parcelux.com\/wp-content\/uploads\/2019\/11\/amazon-shipping-service.jpg\" alt=\"serviciu transport Amazon SUA\" width=\"848\" height=\"480\" srcset=\"https:\/\/parcelux.com\/wp-content\/uploads\/2019\/11\/amazon-shipping-service.jpg 848w, https:\/\/parcelux.com\/wp-content\/uploads\/2019\/11\/amazon-shipping-service-600x340.jpg 600w, https:\/\/parcelux.com\/wp-content\/uploads\/2019\/11\/amazon-shipping-service-360x204.jpg 360w, https:\/\/parcelux.com\/wp-content\/uploads\/2019\/11\/amazon-shipping-service-300x170.jpg 300w, https:\/\/parcelux.com\/wp-content\/uploads\/2019\/11\/amazon-shipping-service-768x435.jpg 768w\" sizes=\"auto, (max-width: 848px) 100vw, 848px\" \/><\/p>\n<\/div><\/div><\/div><\/div><div id=\"pg-3933-1\"  class=\"panel-grid panel-has-style\" ><div class=\"siteorigin-panels-stretch panel-row-style panel-row-style-for-3933-1\" data-stretch-type=\"full\" ><div id=\"pgc-3933-1-0\"  class=\"panel-grid-cell\" ><div id=\"panel-3933-1-0-0\" class=\"so-panel widget widget_pw_call_to_action widget-call-to-action panel-first-child\" data-index=\"3\" ><div class=\"widget-title--big panel-widget-style panel-widget-style-for-3933-1-0-0\" >\t\t\t\t<div class=\"call-to-action\">\n\t\t\t\t\t<div class=\"call-to-action__text\">\n\t\t\t\t\t\tParcelux ofer\u0103 cele mai convenabile servicii de comenzi din SUA\t\t\t\t\t<\/div>\n\t\t\t\t\t<div class=\"call-to-action__button\">\n\t\t\t\t\t\t<a class=\"btn    btn-primary\" href=\"#ipt-fsqm-popup-form-52\" target=\"_self\">Estimeaz\u0103 trasnsportul<\/a>.\t\t\t\t\t<\/div>\n\t\t\t\t<\/div>\n\t\t\t<\/div><\/div><div id=\"panel-3933-1-0-1\" class=\"so-panel widget widget_pw_testimonials widget-testimonials\" data-index=\"4\" >\n\t<div class=\"testimonial\">\n\t\t\t\t\t<a class=\"testimonial__carousel  testimonial__carousel--left\" href=\"#carousel-testimonials-widget-1-0-1\" data-slide=\"prev\"><i class=\"fa  fa-chevron-left\" aria-hidden=\"true\"><\/i><span class=\"sr-only\" role=\"button\">Next<\/span><\/a>\n\t\t\n\t\t<h3 class=\"widget-title\"><span class=\"widget-title__inline\">Recenzii<\/span><\/h3>\n\t\t\t\t\t<a class=\"testimonial__carousel  testimonial__carousel--right\" href=\"#carousel-testimonials-widget-1-0-1\" data-slide=\"next\"><i class=\"fa  fa-chevron-right\" aria-hidden=\"true\"><\/i><span class=\"sr-only\" role=\"button\">Previous<\/span><\/a>\n\t\t\n\t\t<div id=\"carousel-testimonials-widget-1-0-1\" class=\"carousel slide\" data-ride=\"carousel\" data-interval=\"7000\">\n\t\t\t<!-- Wrapper for slides -->\n\t\t\t<div class=\"carousel-inner\" role=\"listbox\">\n\t\t\t\t<div class=\"item active\">\n\t\t\t\t\t<div class=\"row\">\n\t\t\t\t\t\t\t\t\t\t\t\t\t\t\t\t\t\t\t\t<div class=\"col-12  col-sm-6\">\n\t\t\t\t\t\t\t\t<blockquote>\n\t\t\t\t\t\t\t\t\t<p class=\"testimonial__quote\">\n\t\t\t\t\t\t\t\t\t\tCautam o companie cu care sa comand din SUA si sa ma ajute sa cumpar din America si sa transport niste scule de specialitate in Romania. Parcelux m-a ajutat sa gasesc cele mai bune siteuri pentru unelte de specialitate si mi-au oferit si servicii de transport internationale. Sunt una dintre cele mai bune companii de transport pachete din SUA, ii recomand cu incredere.\t\t\t\t\t\t\t\t\t<\/p>\n\t\t\t\t\t\t\t\t\t<cite class=\"testimonial__author\">\n\t\t\t\t\t\t\t\t\t\tVasile S.\t\t\t\t\t\t\t\t\t<\/cite>\n\n\t\t\t\t\t\t\t\t\t\t\t\t\t\t\t\t\t\t\t<div class=\"testimonial__author-description\">\n\t\t\t\t\t\t\t\t\t\t\tContractant\t\t\t\t\t\t\t\t\t\t<\/div>\n\t\t\t\t\t\t\t\t\t\n\t\t\t\t\t\t\t\t\t\n\t\t\t\t\t\t\t\t\t\t\t\t\t\t\t\t\t<\/blockquote>\n\t\t\t\t\t\t\t<\/div>\n\t\t\t\t\t\t\t\t\t\t\t\t\t\t\t\t\t\t\t\t<div class=\"col-12  col-sm-6\">\n\t\t\t\t\t\t\t\t<blockquote>\n\t\t\t\t\t\t\t\t\t<p class=\"testimonial__quote\">\n\t\t\t\t\t\t\t\t\t\tserviciu de calitate, livrare rapida! de incredere!\t\t\t\t\t\t\t\t\t<\/p>\n\t\t\t\t\t\t\t\t\t<cite class=\"testimonial__author\">\n\t\t\t\t\t\t\t\t\t\tMike S.\t\t\t\t\t\t\t\t\t<\/cite>\n\n\t\t\t\t\t\t\t\t\t\t\t\t\t\t\t\t\t\t\t<div class=\"testimonial__author-description\">\n\t\t\t\t\t\t\t\t\t\t\tInfluencer\t\t\t\t\t\t\t\t\t\t<\/div>\n\t\t\t\t\t\t\t\t\t\n\t\t\t\t\t\t\t\t\t\n\t\t\t\t\t\t\t\t\t\t\t\t\t\t\t\t\t<\/blockquote>\n\t\t\t\t\t\t\t<\/div>\n\t\t\t\t\t\t\t\t\t\t\t\t\t<\/div><\/div> <div class=\"item\"><div class=\"row\">\t\t\t\t\t\t\t<div class=\"col-12  col-sm-6\">\n\t\t\t\t\t\t\t\t<blockquote>\n\t\t\t\t\t\t\t\t\t<p class=\"testimonial__quote\">\n\t\t\t\t\t\t\t\t\t\tAm comandat un produs de pe un site care livreaza doar in SUA pe adresa lor si ei mii l au trimis in Romania la un pret excelent.Pachetul a ajuns intr o stare excelenta.O sa mai comand prin Parcelux.Recomand.\t\t\t\t\t\t\t\t\t<\/p>\n\t\t\t\t\t\t\t\t\t<cite class=\"testimonial__author\">\n\t\t\t\t\t\t\t\t\t\tAlexandru L.\t\t\t\t\t\t\t\t\t<\/cite>\n\n\t\t\t\t\t\t\t\t\t\t\t\t\t\t\t\t\t\t\t<div class=\"testimonial__author-description\">\n\t\t\t\t\t\t\t\t\t\t\tPreot\t\t\t\t\t\t\t\t\t\t<\/div>\n\t\t\t\t\t\t\t\t\t\n\t\t\t\t\t\t\t\t\t\n\t\t\t\t\t\t\t\t\t\t\t\t\t\t\t\t\t<\/blockquote>\n\t\t\t\t\t\t\t<\/div>\n\t\t\t\t\t\t\t\t\t\t\t\t\t\t\t\t\t\t\t\t<div class=\"col-12  col-sm-6\">\n\t\t\t\t\t\t\t\t<blockquote>\n\t\t\t\t\t\t\t\t\t<p class=\"testimonial__quote\">\n\t\t\t\t\t\t\t\t\t\tAm comandat 2 po\u0219ete si o pereche de cizme de la Michael Kors prin Parcelux. La inceput nu am \u0219tiut ca este posibil sa faci comenzi in SUA si sa vin\u0103 a\u0219a de repede. Serviciile lor de facilitare comenzi si de transport de pachete sunt bune, de \u00eencredere si rapide. O sa continuu sa comand prin Parcelux din America si \u00eei recomand cu cea mai mare \u00eencredere.\t\t\t\t\t\t\t\t\t<\/p>\n\t\t\t\t\t\t\t\t\t<cite class=\"testimonial__author\">\n\t\t\t\t\t\t\t\t\t\tFlori R\t\t\t\t\t\t\t\t\t<\/cite>\n\n\t\t\t\t\t\t\t\t\t\t\t\t\t\t\t\t\t\t\t<div class=\"testimonial__author-description\">\n\t\t\t\t\t\t\t\t\t\t\tFashionista\t\t\t\t\t\t\t\t\t\t<\/div>\n\t\t\t\t\t\t\t\t\t\n\t\t\t\t\t\t\t\t\t\n\t\t\t\t\t\t\t\t\t\t\t\t\t\t\t\t\t<\/blockquote>\n\t\t\t\t\t\t\t<\/div>\n\t\t\t\t\t\t\t\t\t\t\t<\/div>\n\t\t\t\t<\/div>\n\t\t\t<\/div>\n\t\t<\/div>\n\t<\/div>\n\n<\/div><div id=\"panel-3933-1-0-2\" class=\"so-panel widget widget_sow-editor panel-last-child\" data-index=\"5\" ><div\n\t\t\t\n\t\t\tclass=\"so-widget-sow-editor so-widget-sow-editor-base\"\n\t\t\t\n\t\t>\n<div class=\"siteorigin-widget-tinymce textwidget\">\n\t<script type=\"text\/javascript\">\n\tif ( window.iptFSQMModalPopupForms == undefined ) {\n\t\twindow.iptFSQMModalPopupForms = [];\n\t}\n\twindow.iptFSQMModalPopupForms[window.iptFSQMModalPopupForms.length] = {\"label\":\"Shipping Quote\",\"color\":\"#ffffff\",\"bgcolor\":\"#3c609e\",\"position\":\"h\",\"style\":\"rect\",\"header\":\"Shipping Quote\",\"subtitle\":\"\",\"icon\":\"fa fa-file-text\",\"width\":\"600\",\"formID\":\"52\",\"url\":\"https:\\\/\\\/parcelux.com\\\/ro\\\/eforms\\\/shipping-quote\\\/52\\\/\"};\n<\/script>\n\t\t\n<\/div>\n<\/div><\/div><\/div><\/div><\/div><div id=\"pg-3933-2\"  class=\"panel-grid panel-no-style\" ><div id=\"pgc-3933-2-0\"  class=\"panel-grid-cell\" ><div id=\"panel-3933-2-0-0\" class=\"so-panel widget widget_sow-editor panel-first-child panel-last-child\" data-index=\"6\" ><div\n\t\t\t\n\t\t\tclass=\"so-widget-sow-editor so-widget-sow-editor-base\"\n\t\t\t\n\t\t>\n<div class=\"siteorigin-widget-tinymce textwidget\">\n\t<div id=\"panel-97-2-0-0\" class=\"so-panel widget widget_sow-editor panel-first-child\" data-index=\"5\">\n<div class=\"so-widget-sow-editor so-widget-sow-editor-base\">\n<div class=\"siteorigin-widget-tinymce textwidget\">\n<h3><span class=\"notranslate\">Cum func\u021bioneaz\u0103 serviciul dvs. de expediere Amazon?<\/span><\/h3>\n<p><span class=\"notranslate\">Exist\u0103 ca\u021biva pa\u0219i simpli:<\/span><\/p>\n<ul>\n<li><span class=\"notranslate\">Decide\u021bi ce dori\u021bi s\u0103 ob\u021bine\u021bi \u0219i plasa\u021bi comanda pe Amazon.<\/span><\/li>\n<li><span class=\"notranslate\">V\u0103 putem ajuta cu diferite op\u021biuni de plat\u0103 dac\u0103 nu pute\u021bi pl\u0103ti singur.<\/span><\/li>\n<li><span class=\"notranslate\">Putem, de asemenea, s\u0103 plas\u0103m comanda \u0219i s\u0103 ob\u021binem livrare gratuit\u0103 din SUA pe mii de produse de pe Amazon la adresa noastr\u0103 din SUA.<\/span><\/li>\n<li><span class=\"notranslate\">Comenzile ajung la\u00a0<a href=\"https:\/\/parcelux.com\/ro\/adresa-virtuala-america\/\">adresa\u00a0noastr\u0103 din\u00a0SUA<\/a>\u00a0unde sunt stocate gratuit timp de p\u00e2n\u0103 la 14 zile.<\/span><\/li>\n<li><span class=\"notranslate\">Facem poze cu pachetele.<\/span><\/li>\n<li><span class=\"notranslate\">Dac\u0103 ave\u021bi mai multe pachete Amazon, le putem pune \u00eempreun\u0103 \u00eentr-un singur colet, astfel \u00eenc\u00e2t s\u0103 economisi\u021bi bani pe transportul interna\u021bional.<\/span><\/li>\n<li><span class=\"notranslate\">Ambal\u0103m \u0219i ambal\u0103m \u00een siguran\u021b\u0103 cump\u0103r\u0103turile.<\/span><\/li>\n<li><span class=\"notranslate\">Complet\u0103m documentele personalizate \u0219i de expediere.<\/span><\/li>\n<li><span class=\"notranslate\">Le livr\u0103m la adresa dvs. interna\u021bional\u0103 prin aer sau ocean.<\/span>\u00a0<span class=\"notranslate\">Pre\u021burile sunt foarte accesibile \u0219i doar o frac\u021biune din ceea ce percep alte companii.<\/span><\/li>\n<li><span class=\"notranslate\">Pachetele sunt livrate la u\u0219a frontal\u0103 prin\u00a0serviciul\u00a0nostru de\u00a0<a href=\"https:\/\/parcelux.com\/ro\/serviciu-de-curierat-international\/\">curierat interna\u021bional<\/a><\/span><\/li>\n<li><span class=\"notranslate\">V\u0103 primi\u021bi achizi\u021bia \u0219i v\u0103 l\u0103uda\u021bi prietenilor \u0219i familiei dvs. despre articolele dvs. interesante (\u0219i sper\u0103m \u0219i despre serviciul nostru de expediere Amazon)<\/span><\/li>\n<\/ul>\n<h3><span class=\"notranslate\">Pare grozav, dar de ce serviciul dvs. de transport interna\u021bional Amazon este bun pentru mine?<\/span><\/h3>\n<\/div>\n<\/div>\n<\/div>\n<div id=\"panel-97-2-0-1\" class=\"so-panel widget widget_sow-editor panel-last-child\" data-index=\"6\">\n<div class=\"so-widget-sow-editor so-widget-sow-editor-base\">\n<div class=\"siteorigin-widget-tinymce textwidget\">\n<p><span class=\"notranslate\">Iat\u0103 c\u00e2teva motive pentru care serviciile noastre de expediere sunt excelente pentru dvs. \u0219i sunt mai bune dec\u00e2t concuren\u021ba:<\/span><\/p>\n<ul>\n<li><span class=\"notranslate\">pute\u021bi g\u0103si\u00a0<strong>produse impresionante pe Amazon<\/strong>\u00a0care s-ar putea s\u0103 nu fie disponibile \u00een \u021bara dvs.<\/span><\/li>\n<li><span class=\"notranslate\">aceste produse minunate sunt adesea\u00a0<strong>mult mai ieftine<\/strong>\u00a0dec\u00e2t ceea ce ar costa s\u0103 le cump\u0103ra\u021bi din Europa<\/span><\/li>\n<li><span class=\"notranslate\">\u00een multe cazuri\u00a0<strong>transportul SUA este gratuit\u00a0<\/strong>(pana la adresa virtuala din SUA)<\/span><\/li>\n<li><span class=\"notranslate\"><strong>serviciul<\/strong>\u00a0nostru de\u00a0<strong>expediere a coletelor este mult mai ieftin<\/strong>\u00a0dec\u00e2t op\u021biunile tradi\u021bionale de transport<\/span><\/li>\n<li><span class=\"notranslate\">avem grij\u0103 de cele mai multe etape de mai sus, de la furnizarea unei\u00a0<strong>adrese din SUA p\u00e2n\u0103 la ambalare \u0219i completarea documentelor de expediere<\/strong><\/span><\/li>\n<li><span class=\"notranslate\">at\u00e2t serviciul nostru de<a href=\"https:\/\/parcelux.com\/ro\/transport-aerian-din-america-in-romania\/\"> transport interna\u021bional aerian<\/a> c\u00e2t \u0219i cel de <a href=\"https:\/\/parcelux.com\/ro\/transport-maritim\/\">transport oceanic<\/a> vin cu num\u0103r de urm\u0103rire \u0219i puncte de control multiple unde pachetul este inspectat \u0219i c\u00e2nt\u0103rit<\/span><\/li>\n<li><span class=\"notranslate\">ob\u021bine\u021bi acces u\u0219or \u0219i accesibil la zeci de mii de produse de zi \u0219i produse de specialitate<\/span><\/li>\n<li><span class=\"notranslate\">pute\u021bi face solicit\u0103ri personalizate \u0219i vom depune eforturi pentru a g\u0103si articolul dorit<\/span><\/li>\n<li><span class=\"notranslate\">toate pachetele sunt asigurate p\u00e2n\u0103 la 100 USD \u0219i pute\u021bi cump\u0103ra \u0219i o asigurare suplimentar\u0103<\/span><\/li>\n<li><span class=\"notranslate\">exist\u0103 mai multe op\u021biuni de transport interna\u021bional, astfel \u00eenc\u00e2t s\u0103 pute\u021bi ob\u021bine coletele Amazon foarte rapid, foarte ieftin \u0219i foarte sigur<\/span><\/li>\n<\/ul>\n<p><span class=\"notranslate\">Acestea sunt c\u00e2teva lucruri de care trebuie s\u0103 \u021bine\u021bi cont:<\/span><\/p>\n<ul>\n<li><span class=\"notranslate\">exist\u0103 unele articole restric\u021bionate care nu pot fi expediate<\/span><\/li>\n<li><span class=\"notranslate\">exist\u0103 unele articole care ar putea fi interzise \u00een \u021bara dvs.<\/span><\/li>\n<li><span class=\"notranslate\">odat\u0103 ce ne contacta\u021bi pentru comand\u0103, putem verifica dac\u0103 exist\u0103 cerin\u021be speciale<\/span><\/li>\n<\/ul>\n<\/div>\n<\/div>\n<\/div>\n<\/div>\n<\/div><\/div><\/div><\/div><\/div>","protected":false},"excerpt":{"rendered":"<p>Ce este un serviciu de redirec\u021bionare Amazon? Este o companie de transport sau de redirec\u021bionare care prime\u0219te pachetele dvs. de la Amazon \u0219i le transport\u0103 c\u0103tre adresa aleas\u0103, de obicei o adres\u0103 interna\u021bional\u0103. Am nevoie de un expeditor Amazon? Depinde dac\u0103 comerciantul Amazon de la care cump\u0103ra\u021bi transport\u0103 la adresa dvs. interna\u021bional\u0103 sau nu.\u00a0Dac\u0103 nu, &hellip;<\/p>\n","protected":false},"author":7,"featured_media":3810,"parent":0,"menu_order":0,"comment_status":"closed","ping_status":"open","template":"","meta":{"_acf_changed":false,"_seopress_robots_primary_cat":"","_seopress_titles_title":"","_seopress_titles_desc":"","_seopress_robots_index":"","inline_featured_image":false,"footnotes":""},"class_list":["post-3933","page","type-page","status-publish","has-post-thumbnail","hentry"],"acf":[],"_links":{"self":[{"href":"https:\/\/parcelux.com\/ro\/wp-json\/wp\/v2\/pages\/3933","targetHints":{"allow":["GET"]}}],"collection":[{"href":"https:\/\/parcelux.com\/ro\/wp-json\/wp\/v2\/pages"}],"about":[{"href":"https:\/\/parcelux.com\/ro\/wp-json\/wp\/v2\/types\/page"}],"author":[{"embeddable":true,"href":"https:\/\/parcelux.com\/ro\/wp-json\/wp\/v2\/users\/7"}],"replies":[{"embeddable":true,"href":"https:\/\/parcelux.com\/ro\/wp-json\/wp\/v2\/comments?post=3933"}],"version-history":[{"count":0,"href":"https:\/\/parcelux.com\/ro\/wp-json\/wp\/v2\/pages\/3933\/revisions"}],"wp:featuredmedia":[{"embeddable":true,"href":"https:\/\/parcelux.com\/ro\/wp-json\/wp\/v2\/media\/3810"}],"wp:attachment":[{"href":"https:\/\/parcelux.com\/ro\/wp-json\/wp\/v2\/media?parent=3933"}],"curies":[{"name":"wp","href":"https:\/\/api.w.org\/{rel}","templated":true}]}}