{"id":3927,"date":"2020-01-01T16:42:22","date_gmt":"2020-01-01T22:42:22","guid":{"rendered":"https:\/\/parcelux.com\/?page_id=3927"},"modified":"2020-01-01T16:43:34","modified_gmt":"2020-01-01T22:43:34","slug":"despre-noi","status":"publish","type":"page","link":"https:\/\/parcelux.com\/ro\/despre-noi\/","title":{"rendered":"Despre Noi"},"content":{"rendered":"<div id=\"pl-3927\"  class=\"panel-layout\" ><div id=\"pg-3927-0\"  class=\"panel-grid panel-no-style\" ><div id=\"pgc-3927-0-0\"  class=\"panel-grid-cell\" ><div id=\"panel-3927-0-0-0\" class=\"so-panel widget widget_siteorigin-panels-builder panel-first-child panel-last-child\" data-index=\"0\" ><div id=\"pl-w5e0d204f0fc9d\"  class=\"panel-layout\" ><div id=\"pg-w5e0d204f0fc9d-0\"  class=\"panel-grid panel-no-style\" ><div id=\"pgc-w5e0d204f0fc9d-0-0\"  class=\"panel-grid-cell\" ><div id=\"panel-w5e0d204f0fc9d-0-0-0\" class=\"so-panel widget widget_sow-editor panel-first-child\" data-index=\"0\" ><div\n\t\t\t\n\t\t\tclass=\"so-widget-sow-editor so-widget-sow-editor-base\"\n\t\t\t\n\t\t>\n<div class=\"siteorigin-widget-tinymce textwidget\">\n\t<p><span class=\"notranslate\">Parcelux Shop &amp; Ship este o ini\u021biativ\u0103 creat\u0103 de dou\u0103 persoane, Lucian &amp; Mihai pentru a cre\u0219te disponibilitatea interna\u021bional\u0103 a produselor v\u00e2ndute pe pia\u021ba american\u0103.<\/span>\u00a0<span class=\"notranslate\">At\u00e2t Luke c\u00e2t \u0219i Mike au o experien\u021b\u0103 de peste 15 ani \u00een industria transporturilor.<\/span>\u00a0<span class=\"notranslate\">De asemenea, conduc alte companii specializate \u0219i aduc aceast\u0103 experien\u021b\u0103 la Parcelux, ceea ce duce la o \u00eembun\u0103t\u0103\u021bire a serviciilor pentru clien\u021bi \u0219i la o logistic\u0103 optimizat\u0103.<\/span><\/p>\n<p><span class=\"notranslate\">Exist\u0103 destul de multe avantaje de a lucra cu noi:<\/span><\/p>\n<ul>\n<li><span class=\"notranslate\">pre\u021buri mult mai mici, \u00een general<\/span><\/li>\n<li><span class=\"notranslate\">pre\u021buri de transport mai mici<\/span><\/li>\n<li><span class=\"notranslate\">ambalaje de protec\u021bie \u0219i servicii de reimpachetare, atunci c\u00e2nd este necesar<\/span><\/li>\n<li><span class=\"notranslate\">servicii de expediere sigur\u0103, cu numere de urm\u0103rire \u0219i puncte de c\u00e2nt\u0103rire multiple<\/span><\/li>\n<li><span class=\"notranslate\">Serviciu clien\u021bi online 24\/7, deschis zilnic prin telefon<\/span><\/li>\n<li><span class=\"notranslate\">transport maritim gratuit pentru\u00a0<strong>anumite produse<\/strong><\/span><\/li>\n<\/ul>\n<\/div>\n<\/div><\/div><div id=\"panel-w5e0d204f0fc9d-0-0-1\" class=\"so-panel widget widget_ink-divider\" data-index=\"1\" ><div\n\t\t\t\n\t\t\tclass=\"so-widget-ink-divider so-widget-ink-divider-divider-3f51264bf8f0\"\n\t\t\t\n\t\t><div class=\"iw-so-divider-top\"><\/div>\n<div class=\"iw-so-divider \"><\/div>\n<div class=\"iw-so-divider-bottom\"><\/div>\n<\/div><\/div><div id=\"panel-w5e0d204f0fc9d-0-0-2\" class=\"so-panel widget widget_siteorigin-panels-builder panel-last-child\" data-index=\"2\" ><div id=\"pl-w5e0d204f10344\"  class=\"panel-layout\" ><div id=\"pg-w5e0d204f10344-0\"  class=\"panel-grid panel-no-style\" ><div id=\"pgc-w5e0d204f10344-0-0\"  class=\"panel-grid-cell panel-grid-cell-empty\" ><\/div><div id=\"pgc-w5e0d204f10344-0-1\"  class=\"panel-grid-cell panel-grid-cell-mobile-last\" ><div id=\"panel-w5e0d204f10344-0-1-0\" class=\"so-panel widget widget_media_image panel-first-child panel-last-child\" data-index=\"0\" ><img loading=\"lazy\" decoding=\"async\" width=\"300\" height=\"300\" src=\"https:\/\/parcelux.com\/wp-content\/uploads\/2019\/11\/affordable.png\" class=\"image wp-image-1976  attachment-full size-full\" alt=\"AFFORDABLE\" style=\"max-width: 100%; height: auto;\" srcset=\"https:\/\/parcelux.com\/wp-content\/uploads\/2019\/11\/affordable.png 300w, https:\/\/parcelux.com\/wp-content\/uploads\/2019\/11\/affordable-100x100.png 100w, https:\/\/parcelux.com\/wp-content\/uploads\/2019\/11\/affordable-150x150.png 150w\" sizes=\"auto, (max-width: 300px) 100vw, 300px\" \/><\/div><\/div><div id=\"pgc-w5e0d204f10344-0-2\"  class=\"panel-grid-cell panel-grid-cell-empty\" ><\/div><\/div><\/div><\/div><\/div><div id=\"pgc-w5e0d204f0fc9d-0-1\"  class=\"panel-grid-cell\" ><div id=\"panel-w5e0d204f0fc9d-0-1-0\" class=\"so-panel widget widget_sow-editor panel-first-child panel-last-child\" data-index=\"3\" ><div\n\t\t\t\n\t\t\tclass=\"so-widget-sow-editor so-widget-sow-editor-base\"\n\t\t\t\n\t\t>\n<div class=\"siteorigin-widget-tinymce textwidget\">\n\t<p><img loading=\"lazy\" decoding=\"async\" class=\"aligncenter wp-image-1987 size-full\" src=\"https:\/\/parcelux.com\/wp-content\/uploads\/2019\/11\/parcel-packaging.jpg\" alt=\"parcel packaging\" width=\"848\" height=\"480\" srcset=\"https:\/\/parcelux.com\/wp-content\/uploads\/2019\/11\/parcel-packaging.jpg 848w, https:\/\/parcelux.com\/wp-content\/uploads\/2019\/11\/parcel-packaging-600x340.jpg 600w, https:\/\/parcelux.com\/wp-content\/uploads\/2019\/11\/parcel-packaging-360x204.jpg 360w, https:\/\/parcelux.com\/wp-content\/uploads\/2019\/11\/parcel-packaging-300x170.jpg 300w, https:\/\/parcelux.com\/wp-content\/uploads\/2019\/11\/parcel-packaging-768x435.jpg 768w\" sizes=\"auto, (max-width: 848px) 100vw, 848px\" \/><\/p>\n<p><img loading=\"lazy\" decoding=\"async\" class=\"aligncenter wp-image-2240 size-full\" src=\"https:\/\/parcelux.com\/wp-content\/uploads\/2019\/11\/safe-packaging.jpg\" alt=\"safe packaging\" width=\"848\" height=\"480\" srcset=\"https:\/\/parcelux.com\/wp-content\/uploads\/2019\/11\/safe-packaging.jpg 848w, https:\/\/parcelux.com\/wp-content\/uploads\/2019\/11\/safe-packaging-600x340.jpg 600w, https:\/\/parcelux.com\/wp-content\/uploads\/2019\/11\/safe-packaging-360x204.jpg 360w, https:\/\/parcelux.com\/wp-content\/uploads\/2019\/11\/safe-packaging-300x170.jpg 300w, https:\/\/parcelux.com\/wp-content\/uploads\/2019\/11\/safe-packaging-768x435.jpg 768w\" sizes=\"auto, (max-width: 848px) 100vw, 848px\" \/><\/p>\n<\/div>\n<\/div><\/div><\/div><\/div><\/div><\/div><\/div><\/div><div id=\"pg-3927-1\"  class=\"panel-grid panel-no-style\" ><div id=\"pgc-3927-1-0\"  class=\"panel-grid-cell\" ><div id=\"panel-3927-1-0-0\" class=\"so-panel widget widget_sow-editor panel-first-child panel-last-child\" data-index=\"1\" ><div\n\t\t\t\n\t\t\tclass=\"so-widget-sow-editor so-widget-sow-editor-base\"\n\t\t\t\n\t\t>\n<div class=\"siteorigin-widget-tinymce textwidget\">\n\t<p><img loading=\"lazy\" decoding=\"async\" class=\"aligncenter wp-image-1996 size-full\" src=\"https:\/\/parcelux.com\/wp-content\/uploads\/2019\/11\/packaging-supplies.jpg\" alt=\"shipping service\" width=\"848\" height=\"480\" srcset=\"https:\/\/parcelux.com\/wp-content\/uploads\/2019\/11\/packaging-supplies.jpg 848w, https:\/\/parcelux.com\/wp-content\/uploads\/2019\/11\/packaging-supplies-600x340.jpg 600w, https:\/\/parcelux.com\/wp-content\/uploads\/2019\/11\/packaging-supplies-360x204.jpg 360w, https:\/\/parcelux.com\/wp-content\/uploads\/2019\/11\/packaging-supplies-300x170.jpg 300w, https:\/\/parcelux.com\/wp-content\/uploads\/2019\/11\/packaging-supplies-768x435.jpg 768w\" sizes=\"auto, (max-width: 848px) 100vw, 848px\" \/><\/p>\n<h3 style=\"text-align: left;\"><span class=\"notranslate\">IMPACHETARE &amp; STOCARE<\/span><\/h3>\n<h4><span class=\"notranslate\" style=\"color: #bbbbbb;\">TRANSPORT &amp; REDIRECTIONARE PACHETE<\/span><\/h4>\n<p><span class=\"notranslate\">Primim comenzile dvs. la adresa noastr\u0103 din SUA \u0219i le inspect\u0103m pentru a ne asigura c\u0103 totul este \u00eentr-o form\u0103 bun\u0103.<\/span>\u00a0<span class=\"notranslate\">\u00ce\u021bi combin\u0103m pachetele, ori de c\u00e2te ori este necesar, complet\u0103m documentele de expediere \u0219i le stoc\u0103m p\u00e2n\u0103 la urm\u0103toarea expediere.<\/span>\u00a0<span class=\"notranslate\">Transporturile oceanice sunt \u00eenc\u0103rcate \u0219i expediate pe un container cel pu\u021bin o dat\u0103 pe s\u0103pt\u0103m\u00e2n\u0103.<\/span>\u00a0<span class=\"notranslate\">Transporturile aeriene sunt expediate de mai multe ori pe s\u0103pt\u0103m\u00e2n\u0103.<\/span><\/p>\n<\/div>\n<\/div><\/div><\/div><div id=\"pgc-3927-1-1\"  class=\"panel-grid-cell\" ><div id=\"panel-3927-1-1-0\" class=\"so-panel widget widget_sow-editor panel-first-child panel-last-child\" data-index=\"2\" ><div\n\t\t\t\n\t\t\tclass=\"so-widget-sow-editor so-widget-sow-editor-base\"\n\t\t\t\n\t\t>\n<div class=\"siteorigin-widget-tinymce textwidget\">\n\t<p><img loading=\"lazy\" decoding=\"async\" class=\"aligncenter wp-image-1995 size-full\" src=\"https:\/\/parcelux.com\/wp-content\/uploads\/2019\/11\/package-scale.jpg\" alt=\"package scale\" width=\"848\" height=\"480\" srcset=\"https:\/\/parcelux.com\/wp-content\/uploads\/2019\/11\/package-scale.jpg 848w, https:\/\/parcelux.com\/wp-content\/uploads\/2019\/11\/package-scale-600x340.jpg 600w, https:\/\/parcelux.com\/wp-content\/uploads\/2019\/11\/package-scale-360x204.jpg 360w, https:\/\/parcelux.com\/wp-content\/uploads\/2019\/11\/package-scale-300x170.jpg 300w, https:\/\/parcelux.com\/wp-content\/uploads\/2019\/11\/package-scale-768x435.jpg 768w\" sizes=\"auto, (max-width: 848px) 100vw, 848px\" \/><\/p>\n<h3 style=\"text-align: left;\">TRANSPORT SIGUR<\/h3>\n<h4 style=\"text-align: left;\"><span style=\"color: #bbbbbb;\">PUNCTE DE CANTARIRE MULTIPLE<\/span><\/h4>\n<p style=\"text-align: left;\">Fiecare pachet este asigurat p\u00e2n\u0103 la 100 USD DIN OFICIU. O asigurare suplimentar\u0103 poate fi cumparata ori de c\u00e2te ori este necesar. Pachetele sunt c\u00e2nt\u0103rite de mai multe ori pe parcurs \u0219i sunt furnizate numere de urm\u0103rire a pachetelor.<\/p>\n<\/div>\n<\/div><\/div><\/div><\/div><\/div>","protected":false},"excerpt":{"rendered":"<p>IMPACHETARE &amp; STOCARE TRANSPORT &amp; REDIRECTIONARE PACHETE Primim comenzile dvs. la adresa noastr\u0103 din SUA \u0219i le inspect\u0103m pentru a ne asigura c\u0103 totul este \u00eentr-o form\u0103 bun\u0103.\u00a0\u00ce\u021bi combin\u0103m pachetele, ori de c\u00e2te ori este necesar, complet\u0103m documentele de expediere \u0219i le stoc\u0103m p\u00e2n\u0103 la urm\u0103toarea expediere.\u00a0Transporturile oceanice sunt \u00eenc\u0103rcate \u0219i expediate pe un container &hellip;<\/p>\n","protected":false},"author":7,"featured_media":0,"parent":0,"menu_order":0,"comment_status":"closed","ping_status":"closed","template":"","meta":{"_acf_changed":false,"_seopress_robots_primary_cat":"","_seopress_titles_title":"","_seopress_titles_desc":"","_seopress_robots_index":"","inline_featured_image":false,"footnotes":""},"class_list":["post-3927","page","type-page","status-publish","hentry"],"acf":[],"_links":{"self":[{"href":"https:\/\/parcelux.com\/ro\/wp-json\/wp\/v2\/pages\/3927","targetHints":{"allow":["GET"]}}],"collection":[{"href":"https:\/\/parcelux.com\/ro\/wp-json\/wp\/v2\/pages"}],"about":[{"href":"https:\/\/parcelux.com\/ro\/wp-json\/wp\/v2\/types\/page"}],"author":[{"embeddable":true,"href":"https:\/\/parcelux.com\/ro\/wp-json\/wp\/v2\/users\/7"}],"replies":[{"embeddable":true,"href":"https:\/\/parcelux.com\/ro\/wp-json\/wp\/v2\/comments?post=3927"}],"version-history":[{"count":0,"href":"https:\/\/parcelux.com\/ro\/wp-json\/wp\/v2\/pages\/3927\/revisions"}],"wp:attachment":[{"href":"https:\/\/parcelux.com\/ro\/wp-json\/wp\/v2\/media?parent=3927"}],"curies":[{"name":"wp","href":"https:\/\/api.w.org\/{rel}","templated":true}]}}