{"id":3918,"date":"2020-01-01T16:30:03","date_gmt":"2020-01-01T22:30:03","guid":{"rendered":"https:\/\/parcelux.com\/?page_id=3918"},"modified":"2023-01-30T11:16:01","modified_gmt":"2023-01-30T17:16:01","slug":"contact","status":"publish","type":"page","link":"https:\/\/parcelux.com\/ro\/contact\/","title":{"rendered":"Contacteaz\u0103 Parcelux"},"content":{"rendered":"<div id=\"pl-3918\"  class=\"panel-layout\" ><div id=\"pg-3918-0\"  class=\"panel-grid panel-no-style\" ><div id=\"pgc-3918-0-0\"  class=\"panel-grid-cell\" ><div id=\"panel-3918-0-0-0\" class=\"so-panel widget widget_sow-editor panel-first-child panel-last-child\" data-index=\"0\" ><div class=\"featured-widget panel-widget-style panel-widget-style-for-3918-0-0-0\" ><div\n\t\t\t\n\t\t\tclass=\"so-widget-sow-editor so-widget-sow-editor-base\"\n\t\t\t\n\t\t><h3 class=\"widget-title\"><span class=\"widget-title__inline\">CONTACTEAZ\u0102-NE<\/span><\/h3>\n<div class=\"siteorigin-widget-tinymce textwidget\">\n\t<p><strong>Parcelux - Transport Din SUA in Europa, Redirec\u021bionare De Pachete &amp; Livrare La Domiciliu<\/strong><br \/>\nChicao IL SUA<\/p>\n<p>(773) 985-8978<br \/>\n<a href=\"mailto:orders@parcelux.com\">orders@parcelux.com<\/a><\/p>\n<\/div>\n<\/div><\/div><\/div><\/div><div id=\"pgc-3918-0-1\"  class=\"panel-grid-cell\" ><div id=\"panel-3918-0-1-0\" class=\"so-panel widget widget_sow-editor panel-first-child panel-last-child\" data-index=\"1\" ><div\n\t\t\t\n\t\t\tclass=\"so-widget-sow-editor so-widget-sow-editor-base\"\n\t\t\t\n\t\t>\n<div class=\"siteorigin-widget-tinymce textwidget\">\n\t<p>Po\u021bi contacta Parcelux prin chat, email, telefon, \u00een persoan\u0103 (pentru cei din America) sau prin completarea formularului de mai jos.<\/p>\n<p>Te rug\u0103m, de asemenea, s\u0103 cite\u0219ti sec\u021biunea \u00centreb\u0103ri Frecvente.<\/p>\n<\/div>\n<\/div><\/div><\/div><\/div><div id=\"pg-3918-1\"  class=\"panel-grid panel-no-style\" ><div id=\"pgc-3918-1-0\"  class=\"panel-grid-cell\" ><div id=\"panel-3918-1-0-0\" class=\"so-panel widget widget_black-studio-tinymce widget_black_studio_tinymce panel-first-child panel-last-child\" data-index=\"2\" ><div class=\"textwidget\"><p>\n<div class=\"wpcf7 no-js\" id=\"wpcf7-f122-o1\" lang=\"en-US\" dir=\"ltr\" data-wpcf7-id=\"122\">\n<div class=\"screen-reader-response\"><p role=\"status\" aria-live=\"polite\" aria-atomic=\"true\"><\/p> <ul><\/ul><\/div>\n<form action=\"\/ro\/wp-json\/wp\/v2\/pages\/3918#wpcf7-f122-o1\" method=\"post\" class=\"wpcf7-form init\" aria-label=\"Contact form\" novalidate=\"novalidate\" data-status=\"init\">\n<fieldset class=\"hidden-fields-container\"><input type=\"hidden\" name=\"_wpcf7\" value=\"122\" \/><input type=\"hidden\" name=\"_wpcf7_version\" value=\"6.1.5\" \/><input type=\"hidden\" name=\"_wpcf7_locale\" value=\"en_US\" \/><input type=\"hidden\" name=\"_wpcf7_unit_tag\" value=\"wpcf7-f122-o1\" \/><input type=\"hidden\" name=\"_wpcf7_container_post\" value=\"0\" \/><input type=\"hidden\" name=\"_wpcf7_posted_data_hash\" value=\"\" \/>\n<\/fieldset>\n<div class=\"row\">\n\t<div class=\"col-xs-12  col-md-4\">\n\t\t<p><span class=\"wpcf7-form-control-wrap\" data-name=\"your-name\"><input size=\"40\" maxlength=\"400\" class=\"wpcf7-form-control wpcf7-text wpcf7-validates-as-required\" aria-required=\"true\" aria-invalid=\"false\" placeholder=\"First Name\" value=\"\" type=\"text\" name=\"your-name\" \/><\/span>\n\t\t<\/p>\n\t<\/div>\n\t<div class=\"col-xs-12  col-md-4\">\n\t\t<p><span class=\"wpcf7-form-control-wrap\" data-name=\"last-name\"><input size=\"40\" maxlength=\"400\" class=\"wpcf7-form-control wpcf7-text wpcf7-validates-as-required\" aria-required=\"true\" aria-invalid=\"false\" placeholder=\"Last Name\" value=\"\" type=\"text\" name=\"last-name\" \/><\/span>\n\t\t<\/p>\n\t<\/div>\n<\/div>\n<div class=\"row\">\n\t<div class=\"col-xs-12  col-md-4\">\n\t\t<p><span class=\"wpcf7-form-control-wrap\" data-name=\"your-email\"><input size=\"40\" maxlength=\"400\" class=\"wpcf7-form-control wpcf7-email wpcf7-validates-as-required wpcf7-text wpcf7-validates-as-email\" aria-required=\"true\" aria-invalid=\"false\" placeholder=\"E-mail address\" value=\"\" type=\"email\" name=\"your-email\" \/><\/span>\n\t\t<\/p>\n\t<\/div>\n\t<div class=\"col-xs-12  col-md-4\">\n\t\t<p><span class=\"wpcf7-form-control-wrap\" data-name=\"your-phone\"><input size=\"40\" maxlength=\"400\" class=\"wpcf7-form-control wpcf7-tel wpcf7-validates-as-required wpcf7-text wpcf7-validates-as-tel\" aria-required=\"true\" aria-invalid=\"false\" placeholder=\"Phone Number\" value=\"\" type=\"tel\" name=\"your-phone\" \/><\/span>\n\t\t<\/p>\n\t<\/div>\n<\/div>\n<div class=\"row\">\n\t<div class=\"col-xs-12  col-md-8\">\n\t\t<p><span class=\"wpcf7-form-control-wrap\" data-name=\"your-subject\"><input size=\"40\" maxlength=\"400\" class=\"wpcf7-form-control wpcf7-text wpcf7-validates-as-required\" aria-required=\"true\" aria-invalid=\"false\" placeholder=\"Subject\" value=\"\" type=\"text\" name=\"your-subject\" \/><\/span>\n\t\t<\/p>\n\t<\/div>\n\t<div class=\"col-xs-12\">\n\t\t<p><span class=\"wpcf7-form-control-wrap\" data-name=\"your-message\"><textarea cols=\"40\" rows=\"10\" maxlength=\"2000\" class=\"wpcf7-form-control wpcf7-textarea\" aria-invalid=\"false\" placeholder=\"Message\" name=\"your-message\"><\/textarea><\/span><br \/>\n<input class=\"wpcf7-form-control wpcf7-submit has-spinner btn btn-primary\" type=\"submit\" value=\"SEND MESSAGE\" \/>\n\t\t<\/p>\n\t<\/div>\n<\/div><input\n                    class=\"apbct_special_field apbct_email_id__wp_contact_form_7\"\n                    name=\"apbct__email_id__wp_contact_form_7\"\n                    aria-label=\"apbct__label_id__wp_contact_form_7\"\n                    type=\"text\" size=\"30\" maxlength=\"200\" autocomplete=\"off\"\n                    value=\"\"\n                \/><div class=\"wpcf7-response-output\" aria-hidden=\"true\"><\/div>\n<\/form>\n<\/div>\n<\/p>\n<\/div><\/div><\/div><\/div><div id=\"pg-3918-2\"  class=\"panel-grid panel-no-style\" ><div id=\"pgc-3918-2-0\"  class=\"panel-grid-cell\" ><div id=\"panel-3918-2-0-0\" class=\"so-panel widget widget_text panel-first-child\" data-index=\"3\" >\t\t\t<div class=\"textwidget\"><p>Trimite pachete in Romania:<\/p>\n<\/div>\n\t\t<\/div><div id=\"panel-3918-2-0-1\" class=\"widget_text so-panel widget widget_custom_html panel-last-child\" data-index=\"4\" ><div class=\"textwidget custom-html-widget\"><iframe title=\"trimite pachete din SUA in Romania\" src=\"https:\/\/www.google.com\/maps\/embed?pb=!1m18!1m12!1m3!1d23719.857341970383!2d-87.70217666537387!3d42.00065825238711!2m3!1f0!2f0!3f0!3m2!1i1024!2i768!4f13.1!3m3!1m2!1s0x880fce91ed1eeba9%3A0x2952762c571286bf!2sSend%20Pack%20LLC!5e0!3m2!1sen!2sus!4v1675098717491!5m2!1sen!2sus\" width=\"600\" height=\"450\" style=\"border:0;\" allowfullscreen=\"\" loading=\"lazy\" referrerpolicy=\"no-referrer-when-downgrade\"><\/iframe><\/div><\/div><\/div><\/div><\/div>","protected":false},"excerpt":{"rendered":"<p>Parcelux &#8211; Transport Din SUA in Europa, Redirec\u021bionare De Pachete &amp; Livrare La Domiciliu Chicao IL SUA (773) 985-8978 orders@parcelux.com Po\u021bi contacta Parcelux prin chat, email, telefon, \u00een persoan\u0103 (pentru cei din America) sau prin completarea formularului de mai jos. Te rug\u0103m, de asemenea, s\u0103 cite\u0219ti sec\u021biunea \u00centreb\u0103ri Frecvente.<\/p>\n","protected":false},"author":7,"featured_media":0,"parent":0,"menu_order":0,"comment_status":"closed","ping_status":"closed","template":"","meta":{"_acf_changed":false,"_seopress_robots_primary_cat":"","_seopress_titles_title":"","_seopress_titles_desc":"","_seopress_robots_index":"","inline_featured_image":false,"footnotes":""},"class_list":["post-3918","page","type-page","status-publish","hentry"],"acf":[],"_links":{"self":[{"href":"https:\/\/parcelux.com\/ro\/wp-json\/wp\/v2\/pages\/3918","targetHints":{"allow":["GET"]}}],"collection":[{"href":"https:\/\/parcelux.com\/ro\/wp-json\/wp\/v2\/pages"}],"about":[{"href":"https:\/\/parcelux.com\/ro\/wp-json\/wp\/v2\/types\/page"}],"author":[{"embeddable":true,"href":"https:\/\/parcelux.com\/ro\/wp-json\/wp\/v2\/users\/7"}],"replies":[{"embeddable":true,"href":"https:\/\/parcelux.com\/ro\/wp-json\/wp\/v2\/comments?post=3918"}],"version-history":[{"count":0,"href":"https:\/\/parcelux.com\/ro\/wp-json\/wp\/v2\/pages\/3918\/revisions"}],"wp:attachment":[{"href":"https:\/\/parcelux.com\/ro\/wp-json\/wp\/v2\/media?parent=3918"}],"curies":[{"name":"wp","href":"https:\/\/api.w.org\/{rel}","templated":true}]}}